{"id":16525,"date":"2025-06-12T23:54:55","date_gmt":"2025-06-13T06:54:55","guid":{"rendered":"https:\/\/www.sexdollmini.com\/?post_type=product&#038;p=16525"},"modified":"2025-11-13T00:24:14","modified_gmt":"2025-11-13T08:24:14","slug":"perfect-flexible-flat-sex-doll-torso","status":"publish","type":"product","link":"https:\/\/www.sexdollmini.com\/hr\/proizvod\/perfect-flexible-flat-sex-doll-torso\/","title":{"rendered":"Savr\u0161eni fleksibilni ravni torzo seks lutke"},"content":{"rendered":"<h2>Detalji o seks lutkama<\/h2>\n<p>Torzo seks lutke s ravnim prsima ima metalni skeletni sustav iznutra i fleksibilan je torzo seks lutke s ravnim prsima. Torzo seks lutke s ravnim prsima vrlo je poseban i vrlo prikladan za kolekcionare. Ako \u010desto putujete ili \u010desto putujete, vrlo je lako ponijeti ovaj torzo seks lutke sa sobom. Umjereno je te\u017eak i jednostavan za pohranu.<\/p>\n<p>Visina: 61 cm<br \/>\nOpseg prsa: 57 cm<br \/>\nStruk: 51 cm<br \/>\nBokovi: 69 cm<br \/>\nDubina vagine: 14 cm<br \/>\nAnalna dubina: 13 cm<br \/>\nTe\u017eina: 12 kg<br \/>\nPakiranje: 65*33*21 cm<\/p>\n<p>&nbsp;<\/p>\n<p>Molimo dopustite razliku od 2-4 cm u ru\u010dnom mjerenju zbog ru\u010dnog mjerenja.<\/p>","protected":false},"excerpt":{"rendered":"<p>Ako nemate puno novca za kupnju seks lutaka, mogli biste razmisliti o ovoj seks lutki s ravnim prsima. Nije ni lagana ni te\u0161ka, a mo\u017ee vam pru\u017eiti dobro seksualno iskustvo.<\/p>","protected":false},"featured_media":16526,"comment_status":"open","ping_status":"closed","template":"","meta":[],"product_brand":[],"product_cat":[73,66,43,146,60,84],"product_tag":[],"class_list":{"0":"post-16525","1":"product","2":"type-product","3":"status-publish","4":"has-post-thumbnail","6":"product_cat-climax-doll","7":"product_cat-female-sex-dolls","8":"product_cat-flat-chested-sex-doll","9":"product_cat-half-body-sex-doll-torso","10":"product_cat-sex-doll-torso","11":"product_cat-tpe-sex-dolls","13":"first","14":"instock","15":"sale","16":"shipping-taxable","17":"purchasable","18":"product-type-simple"},"_links":{"self":[{"href":"https:\/\/www.sexdollmini.com\/hr\/wp-json\/wp\/v2\/product\/16525","targetHints":{"allow":["GET"]}}],"collection":[{"href":"https:\/\/www.sexdollmini.com\/hr\/wp-json\/wp\/v2\/product"}],"about":[{"href":"https:\/\/www.sexdollmini.com\/hr\/wp-json\/wp\/v2\/types\/product"}],"replies":[{"embeddable":true,"href":"https:\/\/www.sexdollmini.com\/hr\/wp-json\/wp\/v2\/comments?post=16525"}],"wp:featuredmedia":[{"embeddable":true,"href":"https:\/\/www.sexdollmini.com\/hr\/wp-json\/wp\/v2\/media\/16526"}],"wp:attachment":[{"href":"https:\/\/www.sexdollmini.com\/hr\/wp-json\/wp\/v2\/media?parent=16525"}],"wp:term":[{"taxonomy":"product_brand","embeddable":true,"href":"https:\/\/www.sexdollmini.com\/hr\/wp-json\/wp\/v2\/product_brand?post=16525"},{"taxonomy":"product_cat","embeddable":true,"href":"https:\/\/www.sexdollmini.com\/hr\/wp-json\/wp\/v2\/product_cat?post=16525"},{"taxonomy":"product_tag","embeddable":true,"href":"https:\/\/www.sexdollmini.com\/hr\/wp-json\/wp\/v2\/product_tag?post=16525"}],"curies":[{"name":"radni list","href":"https:\/\/api.w.org\/{rel}","templated":true}]}}