{"id":8,"date":"2025-03-23T08:36:16","date_gmt":"2025-03-23T15:36:16","guid":{"rendered":"https:\/\/www.sexdollmini.com\/cart\/"},"modified":"2025-03-23T08:47:29","modified_gmt":"2025-03-23T15:47:29","slug":"cart","status":"publish","type":"page","link":"https:\/\/www.sexdollmini.com\/hu\/cart\/","title":{"rendered":"Kos\u00e1r"},"content":{"rendered":"<div data-block-name=\"woocommerce\/cart\" class=\"wp-block-woocommerce-cart alignwide is-loading\">\n<div data-block-name=\"woocommerce\/filled-cart-block\" class=\"wp-block-woocommerce-filled-cart-block\">\n<div data-block-name=\"woocommerce\/cart-items-block\" class=\"wp-block-woocommerce-cart-items-block\">\n<div data-block-name=\"woocommerce\/cart-line-items-block\" class=\"wp-block-woocommerce-cart-line-items-block\"><\/div>\n\n\n\n<div data-block-name=\"woocommerce\/cart-cross-sells-block\" class=\"wp-block-woocommerce-cart-cross-sells-block\">\n<h2 class=\"wp-block-heading has-large-font-size\">\u00c9rdekelhetik \u00d6nt\u2026<\/h2>\n\n\n\n<div data-block-name=\"woocommerce\/cart-cross-sells-products-block\" class=\"wp-block-woocommerce-cart-cross-sells-products-block\"><\/div>\n<\/div>\n<\/div>\n\n\n\n<div data-block-name=\"woocommerce\/cart-totals-block\" class=\"wp-block-woocommerce-cart-totals-block\">\n<div data-block-name=\"woocommerce\/cart-order-summary-block\" class=\"wp-block-woocommerce-cart-order-summary-block\">\n<div data-block-name=\"woocommerce\/cart-order-summary-heading-block\" class=\"wp-block-woocommerce-cart-order-summary-heading-block\"><\/div><div data-block-name=\"woocommerce\/cart-order-summary-coupon-form-block\" class=\"wp-block-woocommerce-cart-order-summary-coupon-form-block\"><\/div><div data-block-name=\"woocommerce\/cart-order-summary-totals-block\" class=\"wp-block-woocommerce-cart-order-summary-totals-block\">\n<div data-block-name=\"woocommerce\/cart-order-summary-subtotal-block\" class=\"wp-block-woocommerce-cart-order-summary-subtotal-block\"><\/div>\n<div data-block-name=\"woocommerce\/cart-order-summary-discount-block\" class=\"wp-block-woocommerce-cart-order-summary-discount-block\"><\/div>\n<div data-block-name=\"woocommerce\/cart-order-summary-fee-block\" class=\"wp-block-woocommerce-cart-order-summary-fee-block\"><\/div>\n<div data-block-name=\"woocommerce\/cart-order-summary-shipping-block\" class=\"wp-block-woocommerce-cart-order-summary-shipping-block\"><\/div>\n<div data-block-name=\"woocommerce\/cart-order-summary-taxes-block\" class=\"wp-block-woocommerce-cart-order-summary-taxes-block\"><\/div><\/div>\n<\/div>\n\n\n\n<div data-block-name=\"woocommerce\/cart-express-payment-block\" class=\"wp-block-woocommerce-cart-express-payment-block\"><\/div>\n\n\n\n<div data-block-name=\"woocommerce\/proceed-to-checkout-block\" class=\"wp-block-woocommerce-proceed-to-checkout-block\"><\/div>\n\n\n\n<div data-block-name=\"woocommerce\/cart-accepted-payment-methods-block\" class=\"wp-block-woocommerce-cart-accepted-payment-methods-block\"><\/div>\n<\/div>\n<\/div>\n\n\n\n<div data-block-name=\"woocommerce\/empty-cart-block\" class=\"wp-block-woocommerce-empty-cart-block\">\n<h2 class=\"wp-block-heading has-text-align-center with-empty-cart-icon wc-block-cart__empty-cart__title\">A kosarad jelenleg \u00fcres!<\/h2>\n\n\n\n<hr class=\"wp-block-separator has-alpha-channel-opacity is-style-dots\"\/>\n\n\n\n<h2 class=\"wp-block-heading has-text-align-center\">\u00dajdons\u00e1g az \u00fczletben<\/h2>\n\n\n<div data-block-name=\"woocommerce\/product-new\" data-columns=\"4\" data-rows=\"1\" class=\"wc-block-grid wp-block-product-new wp-block-woocommerce-product-new wc-block-product-new has-4-columns\"><ul class=\"wc-block-grid__products\"><li class=\"wc-block-grid__product\">\n\t\t\t\t<a href=\"https:\/\/www.sexdollmini.com\/hu\/termek\/peregrine-65cm-white-petite-sex-doll\/\" class=\"wc-block-grid__product-link\">\n\t\t\t\t\t<div class=\"wc-block-grid__product-onsale\">\n\t\t\t<span aria-hidden=\"true\">Akci\u00f3<\/span>\n\t\t\t<span class=\"screen-reader-text\">Akci\u00f3s term\u00e9kek<\/span>\n\t\t<\/div>\n\t\t\t\t\t<div class=\"wc-block-grid__product-image\"><img decoding=\"async\" width=\"430\" height=\"538\" src=\"https:\/\/www.sexdollmini.com\/wp-content\/uploads\/2025\/10\/Peregrine-sex-doll6-430x538.jpg\" class=\"attachment-woocommerce_thumbnail size-woocommerce_thumbnail\" alt=\"Realisztikus szexbaba r\u00e9szletes von\u00e1sokkal \u00e9s puha szilikonb\u0151rrel, t\u00f6k\u00e9letes t\u00e1rsas\u00e1ghoz \u00e9s intimit\u00e1shoz, testreszabhat\u00f3 opci\u00f3k el\u00e9rhet\u0151k a Sexdollmini.com oldalon.\" title=\"-\"><\/div>\n\t\t\t\t\t<div class=\"wc-block-grid__product-title\">Peregrine 65cm feh\u00e9r apr\u00f3 m\u00e9ret\u0171 szexbaba<\/div>\n\t\t\t\t<\/a>\n\t\t\t\t<div class=\"wc-block-grid__product-price price\"><span class=\"wmc-cache-pid\" data-wmc_product_id=\"19509\"><del aria-hidden=\"true\"><span class=\"woocommerce-Price-amount amount\"><span class=\"woocommerce-Price-currencySymbol\">&#036;<\/span>619.65<\/span><\/del> <span class=\"screen-reader-text\">Eredeti \u00e1r: $619.65 volt.<\/span><ins aria-hidden=\"true\"><span class=\"woocommerce-Price-amount amount\"><span class=\"woocommerce-Price-currencySymbol\">&#036;<\/span>320.75<\/span><\/ins><span class=\"screen-reader-text\">Jelenlegi \u00e1r: $320.75.<\/span><\/span><\/div>\n\t\t\t\t\n\t\t\t\t<div class=\"wp-block-button wc-block-grid__product-add-to-cart\"><a href=\"\/hu\/wp-json\/wp\/v2\/pages\/8?add-to-cart=19509\" aria-label=\"Kos\u00e1rba: &quot;Peregrine 65cm White Petite Sex Doll&quot;\u201c\" data-quantity=\"1\" data-product_id=\"19509\" data-product_sku=\"rra-70-2\" data-price=\"320.75\" rel=\"nofollow\" class=\"wp-block-button__link  add_to_cart_button ajax_add_to_cart\">Kos\u00e1rba teszt<\/a><\/div>\n\t\t\t<\/li><li class=\"wc-block-grid__product\">\n\t\t\t\t<a href=\"https:\/\/www.sexdollmini.com\/hu\/termek\/cassiopeia-68cm-micro-auburn-sex-doll\/\" class=\"wc-block-grid__product-link\">\n\t\t\t\t\t<div class=\"wc-block-grid__product-onsale\">\n\t\t\t<span aria-hidden=\"true\">Akci\u00f3<\/span>\n\t\t\t<span class=\"screen-reader-text\">Akci\u00f3s term\u00e9kek<\/span>\n\t\t<\/div>\n\t\t\t\t\t<div class=\"wc-block-grid__product-image\"><img decoding=\"async\" width=\"430\" height=\"538\" src=\"https:\/\/www.sexdollmini.com\/wp-content\/uploads\/2025\/10\/Cassiopeia-sex-doll1-430x538.jpg\" class=\"attachment-woocommerce_thumbnail size-woocommerce_thumbnail\" alt=\"Realisztikus szexbaba r\u00e9szletes jellemz\u0151kkel, puha szilikonb\u0151rrel \u00e9s testreszabhat\u00f3 feln\u0151tt t\u00e1rsas\u00e1gi lehet\u0151s\u00e9gekkel, t\u00f6k\u00e9letes intim \u00e9lvezetekhez \u00e9s t\u00e1rsas\u00e1ghoz.\" title=\"-\"><\/div>\n\t\t\t\t\t<div class=\"wc-block-grid__product-title\">Cassiopeia 68 cm-es mikro v\u00f6r\u00f6sesbarna szexbaba<\/div>\n\t\t\t\t<\/a>\n\t\t\t\t<div class=\"wc-block-grid__product-price price\"><span class=\"wmc-cache-pid\" data-wmc_product_id=\"19488\"><del aria-hidden=\"true\"><span class=\"woocommerce-Price-amount amount\"><span class=\"woocommerce-Price-currencySymbol\">&#036;<\/span>687.49<\/span><\/del> <span class=\"screen-reader-text\">Eredeti \u00e1r: $687.49 volt.<\/span><ins aria-hidden=\"true\"><span class=\"woocommerce-Price-amount amount\"><span class=\"woocommerce-Price-currencySymbol\">&#036;<\/span>326.75<\/span><\/ins><span class=\"screen-reader-text\">Jelenlegi \u00e1r: $326.75.<\/span><\/span><\/div>\n\t\t\t\t\n\t\t\t\t<div class=\"wp-block-button wc-block-grid__product-add-to-cart\"><a href=\"\/hu\/wp-json\/wp\/v2\/pages\/8?add-to-cart=19488\" aria-label=\"Kos\u00e1rba: &quot;Cassiopeia 68cm Micro Auburn Sex Doll&quot;\" data-quantity=\"1\" data-product_id=\"19488\" data-product_sku=\"rra-70-1\" data-price=\"326.75\" rel=\"nofollow\" class=\"wp-block-button__link  add_to_cart_button ajax_add_to_cart\">Kos\u00e1rba teszt<\/a><\/div>\n\t\t\t<\/li><li class=\"wc-block-grid__product\">\n\t\t\t\t<a href=\"https:\/\/www.sexdollmini.com\/hu\/termek\/avalon-flat-chest-cosplay-sex-doll\/\" class=\"wc-block-grid__product-link\">\n\t\t\t\t\t<div class=\"wc-block-grid__product-onsale\">\n\t\t\t<span aria-hidden=\"true\">Akci\u00f3<\/span>\n\t\t\t<span class=\"screen-reader-text\">Akci\u00f3s term\u00e9kek<\/span>\n\t\t<\/div>\n\t\t\t\t\t<div class=\"wc-block-grid__product-image\"><img decoding=\"async\" width=\"430\" height=\"538\" src=\"https:\/\/www.sexdollmini.com\/wp-content\/uploads\/2025\/10\/Avalon-sex-doll5-430x538.jpg\" class=\"attachment-woocommerce_thumbnail size-woocommerce_thumbnail\" alt=\"Realisztikus szexbaba fiatalos megjelen\u00e9ssel, k\u00e9kesz\u00f6ld lufikkal a kez\u00e9ben, l\u00e1gy arcvon\u00e1sokkal, hossz\u00fa barna hajjal \u00e9s vil\u00e1gosk\u00e9k ruh\u00e1val, feln\u0151tt \u00f6r\u00f6m\u00f6kre \u00e9s t\u00e1rsas\u00e1gra tervezve.\" title=\"-\"><\/div>\n\t\t\t\t\t<div class=\"wc-block-grid__product-title\">Avalon lapos mellkas\u00fa cosplay szexbaba<\/div>\n\t\t\t\t<\/a>\n\t\t\t\t<div class=\"wc-block-grid__product-price price\"><span class=\"wmc-cache-pid\" data-wmc_product_id=\"19475\"><span class=\"woocommerce-Price-amount amount\"><span class=\"woocommerce-Price-currencySymbol\">&#036;<\/span>426.82<\/span> <span aria-hidden=\"true\">\u2013<\/span> <span class=\"woocommerce-Price-amount amount\"><span class=\"woocommerce-Price-currencySymbol\">&#036;<\/span>609.01<\/span><span class=\"screen-reader-text\">\u00c1rtartom\u00e1ny: $426.82 \u2013 $609.01<\/span><\/span><\/div>\n\t\t\t\t\n\t\t\t\t<div class=\"wp-block-button wc-block-grid__product-add-to-cart\"><a href=\"https:\/\/www.sexdollmini.com\/hu\/termek\/avalon-flat-chest-cosplay-sex-doll\/\" aria-label=\"V\u00e1lasszon \u201eAvalon Flat Chest Cosplay Sex Doll\u201d lehet\u0151s\u00e9gek k\u00f6z\u00fcl\" data-quantity=\"1\" data-product_id=\"19475\" data-product_sku=\"mimi-102\" data-price=\"426.82\" rel=\"nofollow\" class=\"wp-block-button__link  add_to_cart_button\">Opci\u00f3k v\u00e1laszt\u00e1sa<\/a><\/div>\n\t\t\t<\/li><li class=\"wc-block-grid__product\">\n\t\t\t\t<a href=\"https:\/\/www.sexdollmini.com\/hu\/termek\/aurelie-68cm-miniature-girl-sex-doll\/\" class=\"wc-block-grid__product-link\">\n\t\t\t\t\t<div class=\"wc-block-grid__product-onsale\">\n\t\t\t<span aria-hidden=\"true\">Akci\u00f3<\/span>\n\t\t\t<span class=\"screen-reader-text\">Akci\u00f3s term\u00e9kek<\/span>\n\t\t<\/div>\n\t\t\t\t\t<div class=\"wc-block-grid__product-image\"><img decoding=\"async\" width=\"430\" height=\"538\" src=\"https:\/\/www.sexdollmini.com\/wp-content\/uploads\/2025\/10\/Aurelie-sex-doll6-430x538.jpg\" class=\"attachment-woocommerce_thumbnail size-woocommerce_thumbnail\" alt=\"Aranyos szilikon szexbaba, realisztikus mini szexbaba feln\u0151ttek \u00f6r\u00f6m\u00e9re, kis m\u00e9ret\u0171 erotikus baba \u00e9leth\u0171 von\u00e1sokkal intim pillanatokhoz, t\u00f6k\u00e9letes diszkr\u00e9t t\u00e1rsas\u00e1ghoz \u00e9s szexu\u00e1lis kiel\u00e9g\u00fcl\u00e9shez, realisztikus \u00e9lm\u00e9nyekhez tervezve.\" title=\"-\"><\/div>\n\t\t\t\t\t<div class=\"wc-block-grid__product-title\">Aurelie 68cm miniat\u0171r l\u00e1ny szexbaba<\/div>\n\t\t\t\t<\/a>\n\t\t\t\t<div class=\"wc-block-grid__product-price price\"><span class=\"wmc-cache-pid\" data-wmc_product_id=\"19438\"><del aria-hidden=\"true\"><span class=\"woocommerce-Price-amount amount\"><span class=\"woocommerce-Price-currencySymbol\">&#036;<\/span>655.73<\/span><\/del> <span class=\"screen-reader-text\">Eredeti \u00e1r: $655.73 volt.<\/span><ins aria-hidden=\"true\"><span class=\"woocommerce-Price-amount amount\"><span class=\"woocommerce-Price-currencySymbol\">&#036;<\/span>318.98<\/span><\/ins><span class=\"screen-reader-text\">Jelenlegi \u00e1r: $318.98.<\/span><\/span><\/div>\n\t\t\t\t\n\t\t\t\t<div class=\"wp-block-button wc-block-grid__product-add-to-cart\"><a href=\"\/hu\/wp-json\/wp\/v2\/pages\/8?add-to-cart=19438\" aria-label=\"Kos\u00e1rba: &quot;Aurelie 68 cm-es miniat\u0171r szexbaba&quot;\" data-quantity=\"1\" data-product_id=\"19438\" data-product_sku=\"rra-70\" data-price=\"318.98\" rel=\"nofollow\" class=\"wp-block-button__link  add_to_cart_button ajax_add_to_cart\">Kos\u00e1rba teszt<\/a><\/div>\n\t\t\t<\/li><\/ul><\/div><\/div>\n<\/div>","protected":false},"excerpt":{"rendered":"","protected":false},"author":1,"featured_media":0,"parent":0,"menu_order":0,"comment_status":"closed","ping_status":"closed","template":"","meta":{"footnotes":""},"class_list":["post-8","page","type-page","status-publish","hentry"],"_links":{"self":[{"href":"https:\/\/www.sexdollmini.com\/hu\/wp-json\/wp\/v2\/pages\/8","targetHints":{"allow":["GET"]}}],"collection":[{"href":"https:\/\/www.sexdollmini.com\/hu\/wp-json\/wp\/v2\/pages"}],"about":[{"href":"https:\/\/www.sexdollmini.com\/hu\/wp-json\/wp\/v2\/types\/page"}],"author":[{"embeddable":true,"href":"https:\/\/www.sexdollmini.com\/hu\/wp-json\/wp\/v2\/users\/1"}],"replies":[{"embeddable":true,"href":"https:\/\/www.sexdollmini.com\/hu\/wp-json\/wp\/v2\/comments?post=8"}],"version-history":[{"count":0,"href":"https:\/\/www.sexdollmini.com\/hu\/wp-json\/wp\/v2\/pages\/8\/revisions"}],"wp:attachment":[{"href":"https:\/\/www.sexdollmini.com\/hu\/wp-json\/wp\/v2\/media?parent=8"}],"curies":[{"name":"munkaf\u00fczet","href":"https:\/\/api.w.org\/{rel}","templated":true}]}}