{"id":15757,"date":"2025-05-10T03:01:17","date_gmt":"2025-05-10T10:01:17","guid":{"rendered":"https:\/\/www.sexdollmini.com\/?post_type=product&#038;p=15757"},"modified":"2026-01-04T19:07:05","modified_gmt":"2026-01-05T03:07:05","slug":"tara-100cm-love-flat-sex-doll","status":"publish","type":"product","link":"https:\/\/www.sexdollmini.com\/hu\/termek\/tara-100cm-love-flat-sex-doll\/","title":{"rendered":"Tara 100cm szerelem lapos szexbaba"},"content":{"rendered":"<h2>Szexbab\u00e1k r\u00e9szletei<\/h2>\n<p>Fel\u00e9bredsz \u00e1lmodb\u00f3l, \u00e9s a nap a f\u00fcgg\u00f6ny\u00f6n \u00e1t bes\u00fct az \u00e1gyra. A melletted l\u00e9v\u0151 \u201emini szexbaba\u201d csendben fekszik, b\u0151re puha \u00e9s val\u00f3s\u00e1gos a reggeli f\u00e9nyben. Gyeng\u00e9den meg\u00e9rinted az arc\u00e1t, \u00e9s a val\u00f3s\u00e1gh\u0171 \u00e9rint\u00e9s megnyugtat. Megoszthatod a reggeli k\u00e1v\u00e9dat a tini szexbab\u00e1ddal, vagy csak csendben \u00fcld\u00f6g\u00e9lhettek egy\u00fctt, \u00e9s \u00e9lvezhetitek a nyugalom n\u00e9h\u00e1ny pillanat\u00e1t.<\/p>\n<p>&nbsp;<\/p>\n<p>Magass\u00e1g: 100 cm<br \/>\nMellb\u0151s\u00e9g: 46 cm<br \/>\nDer\u00e9k: 38 cm<br \/>\nCs\u00edp\u0151: 59 cm<br \/>\nV\u00e9gb\u00e9lny\u00edl\u00e1s m\u00e9lys\u00e9ge: 8cm<br \/>\nH\u00fcvely m\u00e9lys\u00e9ge: 14 cm<br \/>\nSz\u00e1jm\u00e9lys\u00e9g: 12 cm<br \/>\nNett\u00f3 s\u00faly: 13 kg<br \/>\nBrutt\u00f3 s\u00faly: 15 kg<\/p>\n<p>&nbsp;<\/p>\n<p>Magass\u00e1g: 125 cm<br \/>\nMellb\u0151s\u00e9g: 55 cm<br \/>\nDer\u00e9k: 42 cm<br \/>\nCs\u00edp\u0151: 62 cm<br \/>\nV\u00e9gb\u00e9lny\u00edl\u00e1s m\u00e9lys\u00e9ge: 16 cm<br \/>\nH\u00fcvely m\u00e9lys\u00e9ge: 17 cm<br \/>\nSz\u00e1jm\u00e9lys\u00e9g: 12 cm<br \/>\nNett\u00f3 s\u00faly: 17 kg<br \/>\nBrutt\u00f3 s\u00faly: 20 kg<\/p>\n<p>&nbsp;<\/p>\n<p>K\u00e9rj\u00fck, engedje meg a 2-4 cm-es k\u00e9zi m\u00e9r\u00e9si elt\u00e9r\u00e9st a k\u00e9zi m\u00e9r\u00e9s miatt.<\/p>","protected":false},"excerpt":{"rendered":"<p>A szexbab\u00e1k fokozatosan fejl\u0151dnek az egyszer\u0171 szexu\u00e1lis partnerekb\u0151l az \u00e9rzelmi t\u00e1rsakk\u00e1. A szexbab\u00e1k nemcsak a fizikai sz\u00fcks\u00e9gleteidet el\u00e9g\u00edtik ki, hanem gyeng\u00e9d vigaszt is ny\u00fajthatnak a mag\u00e1nyos emberek sz\u00edv\u00e9ben.<\/p>","protected":false},"featured_media":15766,"comment_status":"open","ping_status":"closed","template":"","meta":[],"product_brand":[],"product_cat":[53,56,57,74,18,81,24,27,23,64,70,28,65,30,38,73,41,82,79,62,26,39,66,80,43,40,31,69,32,77,25,33,29,20,21,34,72,19,42,44,71,76,36,35,84,63,61,75,37,78],"product_tag":[],"class_list":{"0":"post-15757","1":"product","2":"type-product","3":"status-publish","4":"has-post-thumbnail","6":"product_cat-100cm-sex-dolls","7":"product_cat-120cm-sex-dolls","8":"product_cat-125cm-sex-dolls","9":"product_cat-6ye-doll","10":"product_cat-adult-doll","11":"product_cat-aibei-doll","12":"product_cat-american-sex-doll","13":"product_cat-anime-sex-dolls","14":"product_cat-asian-sex-doll","15":"product_cat-australia-stock-sex-doll","16":"product_cat-axb-doll","17":"product_cat-blonde-sex-doll","18":"product_cat-canada-stock-sex-doll","19":"product_cat-cheap-sex-doll","20":"product_cat-chubby-sex-dolls","21":"product_cat-climax-doll","22":"product_cat-curvy-sex-dolls","23":"product_cat-dolls-castle","24":"product_cat-elsa-babe","25":"product_cat-eu-stock-sex-doll","26":"product_cat-european-sex-dolls","27":"product_cat-fantasy-sex-doll","28":"product_cat-female-sex-dolls","29":"product_cat-fire-doll","30":"product_cat-flat-chested-sex-doll","31":"product_cat-full-body-sex-dolls","32":"product_cat-full-size-sex-dolls","33":"product_cat-girl-sex-dolls","34":"product_cat-hentai-sex-dolls","35":"product_cat-irontech-sex-dolls","36":"product_cat-japanese-sex-dolls","37":"product_cat-life-like-sex-dolls","38":"product_cat-life-size-sex-dolls","39":"product_cat-love-doll","40":"product_cat-miniature-sex-doll","41":"product_cat-petite-sex-dolls","42":"product_cat-qita-doll","43":"product_cat-real-doll","44":"product_cat-skinny-sex-dolls","45":"product_cat-small-breast-sex-doll","46":"product_cat-sy-doll","47":"product_cat-tantaly-sex-doll","48":"product_cat-teen-sex-dolls","49":"product_cat-tiny-sex-dolls","50":"product_cat-tpe-sex-dolls","51":"product_cat-uk-stock-sex-doll","52":"product_cat-us-stock-sex-dolls","53":"product_cat-wm-doll","54":"product_cat-young-sex-dolls","55":"product_cat-zelex-doll","57":"first","58":"instock","59":"sale","60":"shipping-taxable","61":"purchasable","62":"product-type-variable","63":"has-default-attributes"},"_links":{"self":[{"href":"https:\/\/www.sexdollmini.com\/hu\/wp-json\/wp\/v2\/product\/15757","targetHints":{"allow":["GET"]}}],"collection":[{"href":"https:\/\/www.sexdollmini.com\/hu\/wp-json\/wp\/v2\/product"}],"about":[{"href":"https:\/\/www.sexdollmini.com\/hu\/wp-json\/wp\/v2\/types\/product"}],"replies":[{"embeddable":true,"href":"https:\/\/www.sexdollmini.com\/hu\/wp-json\/wp\/v2\/comments?post=15757"}],"wp:featuredmedia":[{"embeddable":true,"href":"https:\/\/www.sexdollmini.com\/hu\/wp-json\/wp\/v2\/media\/15766"}],"wp:attachment":[{"href":"https:\/\/www.sexdollmini.com\/hu\/wp-json\/wp\/v2\/media?parent=15757"}],"wp:term":[{"taxonomy":"product_brand","embeddable":true,"href":"https:\/\/www.sexdollmini.com\/hu\/wp-json\/wp\/v2\/product_brand?post=15757"},{"taxonomy":"product_cat","embeddable":true,"href":"https:\/\/www.sexdollmini.com\/hu\/wp-json\/wp\/v2\/product_cat?post=15757"},{"taxonomy":"product_tag","embeddable":true,"href":"https:\/\/www.sexdollmini.com\/hu\/wp-json\/wp\/v2\/product_tag?post=15757"}],"curies":[{"name":"munkaf\u00fczet","href":"https:\/\/api.w.org\/{rel}","templated":true}]}}