{"id":16268,"date":"2025-06-09T00:33:45","date_gmt":"2025-06-09T07:33:45","guid":{"rendered":"https:\/\/www.sexdollmini.com\/?post_type=product&#038;p=16268"},"modified":"2025-08-03T19:23:46","modified_gmt":"2025-08-04T02:23:46","slug":"orva-flat-half-body-sex-doll-torso","status":"publish","type":"product","link":"https:\/\/www.sexdollmini.com\/hu\/termek\/orva-flat-half-body-sex-doll-torso\/","title":{"rendered":"Orva lapos f\u00e9ltest\u0171 szexbaba t\u00f6rzs"},"content":{"rendered":"<h2>Szexbab\u00e1k r\u00e9szletei<\/h2>\n<p>A lapos mellkas\u00fa szexbaba t\u00f6rzs nagyon n\u00e9pszer\u0171 a j\u00e1t\u00e9kosok k\u00f6r\u00e9ben, \u00e9s a lapos mellkas a szexbaba jellemz\u0151je. Nemcsak kiel\u00e9g\u00edtheti a szexu\u00e1lis ig\u00e9nyeidet, de kincsk\u00e9nt is gy\u0171jthet\u0151. A lapos mellkas\u00fa f\u00e9ltest\u0171 szexbaba t\u00f6rzs k\u00f6nnyen t\u00e1rolhat\u00f3 \u00e9s sz\u00e1ll\u00edthat\u00f3. Ha gyakran kell k\u00f6lt\u00f6zn\u00f6d vagy utaznod, nem lesz sok gondod a szexbaba begy\u0171jt\u00e9s\u00e9vel, \u00e9s a f\u00e9ltest\u0171 szexbaba t\u00f6rzs sok helyet takar\u00edthat meg.<\/p>\n<p>Magass\u00e1g: 47 cm<br \/>\nMellb\u0151s\u00e9g: 47 cm<br \/>\nDer\u00e9k: 42 cm<br \/>\nCs\u00edp\u0151: 70 cm<br \/>\nV\u00e1ll sz\u00e9less\u00e9ge: 25 cm<br \/>\nH\u00fcvely m\u00e9lys\u00e9ge: 16 cm<br \/>\nV\u00e9gb\u00e9lny\u00edl\u00e1s m\u00e9lys\u00e9ge: 16 cm<br \/>\nNett\u00f3 t\u00f6meg: 9 kg<br \/>\nDoboz m\u00e9rete: 65*34*29<br \/>\nBrutt\u00f3 s\u00faly: 12 kg<\/p>\n<p>&nbsp;<\/p>\n<p>K\u00e9rj\u00fck, engedje meg a 2-4 cm-es k\u00e9zi m\u00e9r\u00e9si elt\u00e9r\u00e9st a k\u00e9zi m\u00e9r\u00e9s miatt.<\/p>","protected":false},"excerpt":{"rendered":"<p>Tippek a szexbab\u00e1k \u00e1pol\u00e1s\u00e1hoz: Ker\u00fcld a s\u00f6t\u00e9t sz\u00edn\u0171 ruh\u00e1k kiv\u00e1laszt\u00e1s\u00e1t szexbab\u00e1khoz, \u00e9s ker\u00fcld, hogy a s\u00f6t\u00e9t sz\u00edn\u0171 ruh\u00e1k hossz\u00fa ideig \u00e9rintkezzenek TPE anyagokkal, hogy elker\u00fcld a foltosod\u00e1st.<br \/>\nHa azt szeretn\u00e9d, hogy a szexbaba tov\u00e1bb tartson, aj\u00e1nlott puha p\u00e1rn\u00e1t v\u00e1lasztani hozz\u00e1, \u00e9s a bab\u00e1t term\u00e9szetes testtart\u00e1sban tartani.<\/p>","protected":false},"featured_media":16270,"comment_status":"open","ping_status":"closed","template":"","meta":[],"product_brand":[],"product_cat":[18,73,82,79,66,80,43,146,20,21,34,60,42,71,84,75,78],"product_tag":[],"class_list":{"0":"post-16268","1":"product","2":"type-product","3":"status-publish","4":"has-post-thumbnail","6":"product_cat-adult-doll","7":"product_cat-climax-doll","8":"product_cat-dolls-castle","9":"product_cat-elsa-babe","10":"product_cat-female-sex-dolls","11":"product_cat-fire-doll","12":"product_cat-flat-chested-sex-doll","13":"product_cat-half-body-sex-doll-torso","14":"product_cat-love-doll","15":"product_cat-miniature-sex-doll","16":"product_cat-petite-sex-dolls","17":"product_cat-sex-doll-torso","18":"product_cat-skinny-sex-dolls","19":"product_cat-sy-doll","20":"product_cat-tpe-sex-dolls","21":"product_cat-wm-doll","22":"product_cat-zelex-doll","24":"first","25":"instock","26":"sale","27":"shipping-taxable","28":"purchasable","29":"product-type-simple"},"_links":{"self":[{"href":"https:\/\/www.sexdollmini.com\/hu\/wp-json\/wp\/v2\/product\/16268","targetHints":{"allow":["GET"]}}],"collection":[{"href":"https:\/\/www.sexdollmini.com\/hu\/wp-json\/wp\/v2\/product"}],"about":[{"href":"https:\/\/www.sexdollmini.com\/hu\/wp-json\/wp\/v2\/types\/product"}],"replies":[{"embeddable":true,"href":"https:\/\/www.sexdollmini.com\/hu\/wp-json\/wp\/v2\/comments?post=16268"}],"wp:featuredmedia":[{"embeddable":true,"href":"https:\/\/www.sexdollmini.com\/hu\/wp-json\/wp\/v2\/media\/16270"}],"wp:attachment":[{"href":"https:\/\/www.sexdollmini.com\/hu\/wp-json\/wp\/v2\/media?parent=16268"}],"wp:term":[{"taxonomy":"product_brand","embeddable":true,"href":"https:\/\/www.sexdollmini.com\/hu\/wp-json\/wp\/v2\/product_brand?post=16268"},{"taxonomy":"product_cat","embeddable":true,"href":"https:\/\/www.sexdollmini.com\/hu\/wp-json\/wp\/v2\/product_cat?post=16268"},{"taxonomy":"product_tag","embeddable":true,"href":"https:\/\/www.sexdollmini.com\/hu\/wp-json\/wp\/v2\/product_tag?post=16268"}],"curies":[{"name":"munkaf\u00fczet","href":"https:\/\/api.w.org\/{rel}","templated":true}]}}