{"id":16369,"date":"2025-06-12T00:16:03","date_gmt":"2025-06-12T07:16:03","guid":{"rendered":"https:\/\/www.sexdollmini.com\/?post_type=product&#038;p=16369"},"modified":"2026-05-04T21:01:27","modified_gmt":"2026-05-05T04:01:27","slug":"blackbird-closed-eyes-bbw-sex-doll","status":"publish","type":"product","link":"https:\/\/www.sexdollmini.com\/hu\/termek\/blackbird-closed-eyes-bbw-sex-doll\/","title":{"rendered":"Blackbird csukott szemmel bbw szexbaba"},"content":{"rendered":"<h2>Szexbab\u00e1k r\u00e9szletei<\/h2>\n<p>A 108 cm magas BBW szexbaba piros h\u00e1l\u00f3ingben \u00fagy n\u00e9z ki, mint egy olajfestm\u00e9ny. Test\u00e9nek telt vonalai eleganci\u00e1t \u00e9s er\u0151t rejtenek, annyira sz\u00e9pp\u00e9 t\u00e9ve \u0151t, hogy az emberek nem tudj\u00e1k levenni r\u00f3la a szem\u00fcket. A Csukott Szem\u0171 szexbab\u00e1nak kerek, gy\u00f6ngyszer\u0171 alakja van, alacsony, de kerekded alak\u00fa. \u00dagy n\u00e9z ki, mint egy gyeng\u00e9d \u00e9s bar\u00e1ts\u00e1gos, nagydarab n\u0151. A szexbaba mellei kell\u0151en nagyok. Ha szereted az \u00e9rz\u00e9st, ahogy a mellek szor\u00edtj\u00e1k a farkadat, ez a szexbaba j\u00f3 v\u00e1laszt\u00e1s.<\/p>\n<p>Magass\u00e1g: 108 cm<br \/>\nMellb\u0151s\u00e9g: 81 cm<br \/>\nDer\u00e9k: 46 cm<br \/>\nCs\u00edp\u0151: 80 cm<br \/>\nNett\u00f3 t\u00f6meg: 22 kg<br \/>\nBrutt\u00f3 s\u00faly: 26 kg<br \/>\nCsomagol\u00e1s 100 * 36 * 26CM<br \/>\nH\u00fcvely hossza: 15 cm<br \/>\nV\u00e9gb\u00e9lny\u00edl\u00e1s: 13 cm<br \/>\nOr\u00e1lis szop\u00e1s: 10 cm<\/p>\n<p>&nbsp;<\/p>\n<p>K\u00e9rj\u00fck, engedje meg a 2-4 cm-es k\u00e9zi m\u00e9r\u00e9si elt\u00e9r\u00e9st a k\u00e9zi m\u00e9r\u00e9s miatt.<\/p>","protected":false},"excerpt":{"rendered":"<p>Ha a nagy melleket \u00e9s a nagy feneket kedveled, de nem szereted a t\u00fal magas vagy t\u00fal neh\u00e9z szexbab\u00e1kat, akkor ennek a szexbab\u00e1nak a formatervez\u00e9si ar\u00e1nyai lehetnek a megfelel\u0151ek sz\u00e1modra. A 108 cm-es szexbaba k\u00f6nnyen mozgathat\u00f3 \u00e9s t\u00e1rolhat\u00f3, a mellek \u00e9s a fen\u00e9k pedig nagyok \u00e9s tetsz\u00e9s szerint gy\u00farhat\u00f3k.<\/p>","protected":false},"featured_media":16389,"comment_status":"open","ping_status":"closed","template":"","meta":[],"product_brand":[],"product_cat":[54,74,18,81,24,27,23,70,22,28,30,38,73,41,82,79,62,26,39,66,80,40,31,69,32,77,25,33,29,20,72,19,71,76,36,35,84,61,75,37,78],"product_tag":[],"class_list":{"0":"post-16369","1":"product","2":"type-product","3":"status-publish","4":"has-post-thumbnail","6":"product_cat-108cm-sex-dolls","7":"product_cat-6ye-doll","8":"product_cat-adult-doll","9":"product_cat-aibei-doll","10":"product_cat-american-sex-doll","11":"product_cat-anime-sex-dolls","12":"product_cat-asian-sex-doll","13":"product_cat-axb-doll","14":"product_cat-bbw-sex-doll","15":"product_cat-blonde-sex-doll","16":"product_cat-cheap-sex-doll","17":"product_cat-chubby-sex-dolls","18":"product_cat-climax-doll","19":"product_cat-curvy-sex-dolls","20":"product_cat-dolls-castle","21":"product_cat-elsa-babe","22":"product_cat-eu-stock-sex-doll","23":"product_cat-european-sex-dolls","24":"product_cat-fantasy-sex-doll","25":"product_cat-female-sex-dolls","26":"product_cat-fire-doll","27":"product_cat-full-body-sex-dolls","28":"product_cat-full-size-sex-dolls","29":"product_cat-girl-sex-dolls","30":"product_cat-hentai-sex-dolls","31":"product_cat-irontech-sex-dolls","32":"product_cat-japanese-sex-dolls","33":"product_cat-life-like-sex-dolls","34":"product_cat-life-size-sex-dolls","35":"product_cat-love-doll","36":"product_cat-qita-doll","37":"product_cat-real-doll","38":"product_cat-sy-doll","39":"product_cat-tantaly-sex-doll","40":"product_cat-teen-sex-dolls","41":"product_cat-tiny-sex-dolls","42":"product_cat-tpe-sex-dolls","43":"product_cat-us-stock-sex-dolls","44":"product_cat-wm-doll","45":"product_cat-young-sex-dolls","46":"product_cat-zelex-doll","48":"first","49":"instock","50":"sale","51":"shipping-taxable","52":"purchasable","53":"product-type-simple"},"_links":{"self":[{"href":"https:\/\/www.sexdollmini.com\/hu\/wp-json\/wp\/v2\/product\/16369","targetHints":{"allow":["GET"]}}],"collection":[{"href":"https:\/\/www.sexdollmini.com\/hu\/wp-json\/wp\/v2\/product"}],"about":[{"href":"https:\/\/www.sexdollmini.com\/hu\/wp-json\/wp\/v2\/types\/product"}],"replies":[{"embeddable":true,"href":"https:\/\/www.sexdollmini.com\/hu\/wp-json\/wp\/v2\/comments?post=16369"}],"wp:featuredmedia":[{"embeddable":true,"href":"https:\/\/www.sexdollmini.com\/hu\/wp-json\/wp\/v2\/media\/16389"}],"wp:attachment":[{"href":"https:\/\/www.sexdollmini.com\/hu\/wp-json\/wp\/v2\/media?parent=16369"}],"wp:term":[{"taxonomy":"product_brand","embeddable":true,"href":"https:\/\/www.sexdollmini.com\/hu\/wp-json\/wp\/v2\/product_brand?post=16369"},{"taxonomy":"product_cat","embeddable":true,"href":"https:\/\/www.sexdollmini.com\/hu\/wp-json\/wp\/v2\/product_cat?post=16369"},{"taxonomy":"product_tag","embeddable":true,"href":"https:\/\/www.sexdollmini.com\/hu\/wp-json\/wp\/v2\/product_tag?post=16369"}],"curies":[{"name":"munkaf\u00fczet","href":"https:\/\/api.w.org\/{rel}","templated":true}]}}