{"id":16403,"date":"2025-06-12T02:23:18","date_gmt":"2025-06-12T09:23:18","guid":{"rendered":"https:\/\/www.sexdollmini.com\/?post_type=product&#038;p=16403"},"modified":"2025-10-22T22:01:13","modified_gmt":"2025-10-23T05:01:13","slug":"nell-108cm-bbw-europe-sex-doll","status":"publish","type":"product","link":"https:\/\/www.sexdollmini.com\/hu\/termek\/nell-108cm-bbw-europe-sex-doll\/","title":{"rendered":"Nell 108 cm-es BBW eur\u00f3pai szexbaba"},"content":{"rendered":"<h2>Szexbab\u00e1k r\u00e9szletei<\/h2>\n<p>A 108 cm magas Nell szexbaba h\u00e1ziasszony. A Nell szexbab\u00e1knak nincs munk\u00e1juk. A BBW szexbab\u00e1knak minden napjuk annyit tesz, hogy megv\u00e1rj\u00e1k, m\u00edg haza\u00e9rsz, meghallgatj\u00e1k, amit mondasz, mindent beleadnak, hogy szexu\u00e1lis szolg\u00e1ltat\u00e1sokat ny\u00fajtsanak neked, \u00e9s igyekszenek megfelel\u0151 t\u00e1rsk\u00e9nt viselkedni. Eur\u00f3pai szexbaba b\u00fazasz\u00edn\u0171 b\u0151rrel, b\u0151rsz\u00edne k\u00f6zel \u00e1ll a val\u00f3dihoz, \u00e9s b\u0151r\u00e9nek tapint\u00e1sa nagyon realisztikus.<\/p>\n<p>Magass\u00e1g: 108 cm<br \/>\nMellb\u0151s\u00e9g: 81 cm<br \/>\nDer\u00e9k: 46 cm<br \/>\nCs\u00edp\u0151: 80 cm<br \/>\nNett\u00f3 t\u00f6meg: 22 kg<br \/>\nBrutt\u00f3 s\u00faly: 26 kg<br \/>\nCsomagol\u00e1s 100 * 36 * 26CM<br \/>\nH\u00fcvely hossza: 15 cm<br \/>\nV\u00e9gb\u00e9lny\u00edl\u00e1s: 13 cm<br \/>\nOr\u00e1lis szop\u00e1s: 10 cm<\/p>\n<p>&nbsp;<\/p>\n<p>K\u00e9rj\u00fck, engedje meg a 2-4 cm-es k\u00e9zi m\u00e9r\u00e9si elt\u00e9r\u00e9st a k\u00e9zi m\u00e9r\u00e9s miatt.<\/p>","protected":false},"excerpt":{"rendered":"<p>A 108 cm magas szexbaba test\u00e9ben f\u00e9m v\u00e1zl\u00e1bak tal\u00e1lhat\u00f3k, ez\u00e9rt ne becs\u00fcld al\u00e1 ezeket az apr\u00f3 kieg\u00e9sz\u00edt\u0151ket. Ne becs\u00fcld al\u00e1 ezeket az apr\u00f3 kieg\u00e9sz\u00edt\u0151ket, ezek seg\u00edthetik a telt szexbab\u00e1t a sok mozg\u00e1sban.<\/p>","protected":false},"featured_media":16410,"comment_status":"open","ping_status":"closed","template":"","meta":[],"product_brand":[],"product_cat":[54,74,18,81,24,27,23,70,22,28,30,38,73,41,82,79,62,26,39,66,80,40,31,69,32,77,25,33,29,20,148,72,19,71,76,36,35,84,61,75,37,78],"product_tag":[],"class_list":{"0":"post-16403","1":"product","2":"type-product","3":"status-publish","4":"has-post-thumbnail","6":"product_cat-108cm-sex-dolls","7":"product_cat-6ye-doll","8":"product_cat-adult-doll","9":"product_cat-aibei-doll","10":"product_cat-american-sex-doll","11":"product_cat-anime-sex-dolls","12":"product_cat-asian-sex-doll","13":"product_cat-axb-doll","14":"product_cat-bbw-sex-doll","15":"product_cat-blonde-sex-doll","16":"product_cat-cheap-sex-doll","17":"product_cat-chubby-sex-dolls","18":"product_cat-climax-doll","19":"product_cat-curvy-sex-dolls","20":"product_cat-dolls-castle","21":"product_cat-elsa-babe","22":"product_cat-eu-stock-sex-doll","23":"product_cat-european-sex-dolls","24":"product_cat-fantasy-sex-doll","25":"product_cat-female-sex-dolls","26":"product_cat-fire-doll","27":"product_cat-full-body-sex-dolls","28":"product_cat-full-size-sex-dolls","29":"product_cat-girl-sex-dolls","30":"product_cat-hentai-sex-dolls","31":"product_cat-irontech-sex-dolls","32":"product_cat-japanese-sex-dolls","33":"product_cat-life-like-sex-dolls","34":"product_cat-life-size-sex-dolls","35":"product_cat-love-doll","36":"product_cat-midget-sex-doll","37":"product_cat-qita-doll","38":"product_cat-real-doll","39":"product_cat-sy-doll","40":"product_cat-tantaly-sex-doll","41":"product_cat-teen-sex-dolls","42":"product_cat-tiny-sex-dolls","43":"product_cat-tpe-sex-dolls","44":"product_cat-us-stock-sex-dolls","45":"product_cat-wm-doll","46":"product_cat-young-sex-dolls","47":"product_cat-zelex-doll","49":"first","50":"instock","51":"sale","52":"shipping-taxable","53":"purchasable","54":"product-type-simple"},"_links":{"self":[{"href":"https:\/\/www.sexdollmini.com\/hu\/wp-json\/wp\/v2\/product\/16403","targetHints":{"allow":["GET"]}}],"collection":[{"href":"https:\/\/www.sexdollmini.com\/hu\/wp-json\/wp\/v2\/product"}],"about":[{"href":"https:\/\/www.sexdollmini.com\/hu\/wp-json\/wp\/v2\/types\/product"}],"replies":[{"embeddable":true,"href":"https:\/\/www.sexdollmini.com\/hu\/wp-json\/wp\/v2\/comments?post=16403"}],"wp:featuredmedia":[{"embeddable":true,"href":"https:\/\/www.sexdollmini.com\/hu\/wp-json\/wp\/v2\/media\/16410"}],"wp:attachment":[{"href":"https:\/\/www.sexdollmini.com\/hu\/wp-json\/wp\/v2\/media?parent=16403"}],"wp:term":[{"taxonomy":"product_brand","embeddable":true,"href":"https:\/\/www.sexdollmini.com\/hu\/wp-json\/wp\/v2\/product_brand?post=16403"},{"taxonomy":"product_cat","embeddable":true,"href":"https:\/\/www.sexdollmini.com\/hu\/wp-json\/wp\/v2\/product_cat?post=16403"},{"taxonomy":"product_tag","embeddable":true,"href":"https:\/\/www.sexdollmini.com\/hu\/wp-json\/wp\/v2\/product_tag?post=16403"}],"curies":[{"name":"munkaf\u00fczet","href":"https:\/\/api.w.org\/{rel}","templated":true}]}}