{"id":16425,"date":"2025-06-12T03:17:24","date_gmt":"2025-06-12T10:17:24","guid":{"rendered":"https:\/\/www.sexdollmini.com\/?post_type=product&#038;p=16425"},"modified":"2025-07-15T00:21:28","modified_gmt":"2025-07-15T07:21:28","slug":"verda-108cm-big-tits-sex-doll","status":"publish","type":"product","link":"https:\/\/www.sexdollmini.com\/hu\/termek\/verda-108cm-big-tits-sex-doll\/","title":{"rendered":"Verda 108 cm-es nagymell\u0171 szexbaba"},"content":{"rendered":"<h2>Szexbab\u00e1k r\u00e9szletei<\/h2>\n<p>A nagymell\u0171 szexbaba alacsony termet\u0171, nagy mellekkel \u00e9s szorosan f\u0171z\u0151be tekert nagy fen\u00e9kkel rendelkezik, ami nagyon szexiv\u00e9 teszi. Csukott szem\u00e9vel \u00e9s hegyes arc\u00e1val \u00fagy n\u00e9z ki, mintha \u00e1t\u00e9ln\u00e9 a vil\u00e1g \u00e1ltal k\u00edn\u00e1lt j\u00f3 dolgokat, ez a n\u0151i szexbaba szexi hangulatot \u00e1raszt, amit\u0151l \u00e9szrev\u00e9tlen\u00fcl beleszeretsz. A szexbab\u00e1k alacsony termet\u00e9nek egyik el\u0151nye, hogy k\u00f6nnyen mozognak, \u00e9s kellemes tal\u00e1lkoz\u00e1st \u00e9lhetsz \u00e1t vel\u00fck, ha v\u00e9gezt\u00e9l a zs\u00fafolt programoddal.<\/p>\n<p>Magass\u00e1g: 108 cm<br \/>\nMellb\u0151s\u00e9g: 81 cm<br \/>\nDer\u00e9k: 46 cm<br \/>\nCs\u00edp\u0151: 80 cm<br \/>\nNett\u00f3 t\u00f6meg: 22 kg<br \/>\nBrutt\u00f3 s\u00faly: 26 kg<br \/>\nCsomagol\u00e1s 100 * 36 * 26CM<br \/>\nH\u00fcvely hossza: 15 cm<br \/>\nV\u00e9gb\u00e9lny\u00edl\u00e1s: 13 cm<br \/>\nOr\u00e1lis szop\u00e1s: 10 cm<\/p>\n<p>&nbsp;<\/p>\n<p>K\u00e9rj\u00fck, engedje meg a 2-4 cm-es k\u00e9zi m\u00e9r\u00e9si elt\u00e9r\u00e9st a k\u00e9zi m\u00e9r\u00e9s miatt.<\/p>","protected":false},"excerpt":{"rendered":"<p>A szexbaba nem t\u00fal magas, de \u00e9rz\u00e9ki alakja egyedi b\u00e1jt k\u00f6lcs\u00f6n\u00f6z neki. Nagy mellei \u00e9s feneke nagyon szexiv\u00e9 teszik a szexbaba test\u00e9t, \u00e9s a tekintete felejthetetlen.<\/p>","protected":false},"featured_media":16431,"comment_status":"open","ping_status":"closed","template":"","meta":[],"product_brand":[],"product_cat":[54,74,18,81,24,27,23,70,22,28,30,38,73,41,82,79,62,26,39,66,80,40,31,69,32,77,25,33,29,20,148,72,19,71,76,36,35,84,61,75,37,78],"product_tag":[],"class_list":{"0":"post-16425","1":"product","2":"type-product","3":"status-publish","4":"has-post-thumbnail","6":"product_cat-108cm-sex-dolls","7":"product_cat-6ye-doll","8":"product_cat-adult-doll","9":"product_cat-aibei-doll","10":"product_cat-american-sex-doll","11":"product_cat-anime-sex-dolls","12":"product_cat-asian-sex-doll","13":"product_cat-axb-doll","14":"product_cat-bbw-sex-doll","15":"product_cat-blonde-sex-doll","16":"product_cat-cheap-sex-doll","17":"product_cat-chubby-sex-dolls","18":"product_cat-climax-doll","19":"product_cat-curvy-sex-dolls","20":"product_cat-dolls-castle","21":"product_cat-elsa-babe","22":"product_cat-eu-stock-sex-doll","23":"product_cat-european-sex-dolls","24":"product_cat-fantasy-sex-doll","25":"product_cat-female-sex-dolls","26":"product_cat-fire-doll","27":"product_cat-full-body-sex-dolls","28":"product_cat-full-size-sex-dolls","29":"product_cat-girl-sex-dolls","30":"product_cat-hentai-sex-dolls","31":"product_cat-irontech-sex-dolls","32":"product_cat-japanese-sex-dolls","33":"product_cat-life-like-sex-dolls","34":"product_cat-life-size-sex-dolls","35":"product_cat-love-doll","36":"product_cat-midget-sex-doll","37":"product_cat-qita-doll","38":"product_cat-real-doll","39":"product_cat-sy-doll","40":"product_cat-tantaly-sex-doll","41":"product_cat-teen-sex-dolls","42":"product_cat-tiny-sex-dolls","43":"product_cat-tpe-sex-dolls","44":"product_cat-us-stock-sex-dolls","45":"product_cat-wm-doll","46":"product_cat-young-sex-dolls","47":"product_cat-zelex-doll","49":"first","50":"instock","51":"sale","52":"shipping-taxable","53":"purchasable","54":"product-type-simple"},"_links":{"self":[{"href":"https:\/\/www.sexdollmini.com\/hu\/wp-json\/wp\/v2\/product\/16425","targetHints":{"allow":["GET"]}}],"collection":[{"href":"https:\/\/www.sexdollmini.com\/hu\/wp-json\/wp\/v2\/product"}],"about":[{"href":"https:\/\/www.sexdollmini.com\/hu\/wp-json\/wp\/v2\/types\/product"}],"replies":[{"embeddable":true,"href":"https:\/\/www.sexdollmini.com\/hu\/wp-json\/wp\/v2\/comments?post=16425"}],"wp:featuredmedia":[{"embeddable":true,"href":"https:\/\/www.sexdollmini.com\/hu\/wp-json\/wp\/v2\/media\/16431"}],"wp:attachment":[{"href":"https:\/\/www.sexdollmini.com\/hu\/wp-json\/wp\/v2\/media?parent=16425"}],"wp:term":[{"taxonomy":"product_brand","embeddable":true,"href":"https:\/\/www.sexdollmini.com\/hu\/wp-json\/wp\/v2\/product_brand?post=16425"},{"taxonomy":"product_cat","embeddable":true,"href":"https:\/\/www.sexdollmini.com\/hu\/wp-json\/wp\/v2\/product_cat?post=16425"},{"taxonomy":"product_tag","embeddable":true,"href":"https:\/\/www.sexdollmini.com\/hu\/wp-json\/wp\/v2\/product_tag?post=16425"}],"curies":[{"name":"munkaf\u00fczet","href":"https:\/\/api.w.org\/{rel}","templated":true}]}}