{"id":16523,"date":"2025-06-12T22:00:37","date_gmt":"2025-06-13T05:00:37","guid":{"rendered":"https:\/\/www.sexdollmini.com\/?post_type=product&#038;p=16523"},"modified":"2025-09-08T06:20:14","modified_gmt":"2025-09-08T13:20:14","slug":"allegra-100cm-silicone-head-sex-doll","status":"publish","type":"product","link":"https:\/\/www.sexdollmini.com\/hu\/termek\/allegra-100cm-silicone-head-sex-doll\/","title":{"rendered":"Allegra 100 cm szilikonfej\u0171 szexbaba"},"content":{"rendered":"<h2>Szexbab\u00e1k r\u00e9szletei<\/h2>\n<p>Az Allegra szexbaba teste TPE anyagb\u00f3l k\u00e9sz\u00fclt, ami nemcsak realisztikus b\u0151r\u00e9rzetet k\u00f6lcs\u00f6n\u00f6z neki, hanem k\u00f6lts\u00e9ghat\u00e9konyabb\u00e1 is teszi a szexbab\u00e1t. A szexbaba feje szilikonb\u00f3l k\u00e9sz\u00fclt. A szilikonbab\u00e1kb\u00f3l k\u00e9sz\u00fclt szexbab\u00e1k nem alkalmasak or\u00e1lis szexre, de a szilikonfej realisztikusabb\u00e1 \u00e9s \u00e9l\u00e9nkebb\u00e9 teheti a baba megjelen\u00e9s\u00e9t. A szexbaba nagy mellei tele vannak rugalmass\u00e1ggal, r\u00e1ad\u00e1sul a sz\u0171k h\u00fcvely \u00e9s v\u00e9gb\u00e9lny\u00edl\u00e1s is haszn\u00e1lhat\u00f3.<\/p>\n<p>Magass\u00e1g: 100 cm<br \/>\nS\u00faly: 13 kg<br \/>\nMellb\u0151s\u00e9g: 60 cm<br \/>\nDer\u00e9kb\u0151s\u00e9g: 36 cm<br \/>\nCs\u00edp\u0151: 60 cm<br \/>\nV\u00e1ll sz\u00e9less\u00e9ge: 20 cm<br \/>\nKar hossza: 31 cm<br \/>\nK\u00e9z hossza: 12 cm<br \/>\nL\u00e1bhossz: 50 cm<br \/>\nTalp hossza: 14 cm<br \/>\nKar ker\u00fclete: 17 cm<br \/>\nComb ker\u00fclete: 34 cm<br \/>\nV\u00e1dli ker\u00fclete: 20 cm<br \/>\nNyakb\u0151s\u00e9g: 19 cm<br \/>\nH\u00fcvelym\u00e9lys\u00e9g: 15 cm<br \/>\nAn\u00e1lis m\u00e9lys\u00e9g: 11 cm<br \/>\nCsomag m\u00e9retei: 95*30*28cm<\/p>\n<p>&nbsp;<\/p>\n<p>K\u00e9rj\u00fck, engedje meg a 2-4 cm-es k\u00e9zi m\u00e9r\u00e9si elt\u00e9r\u00e9st a k\u00e9zi m\u00e9r\u00e9s miatt.<\/p>","protected":false},"excerpt":{"rendered":"<p>Ez a gy\u00f6ny\u00f6r\u0171, 100 cm-es szexbaba szilikon fejjel \u00e9s TPE testtel rendelkezik, \u00edgy t\u00f6k\u00e9letesen illik a szexbab\u00e1khoz.<\/p>","protected":false},"featured_media":16569,"comment_status":"open","ping_status":"closed","template":"","meta":[],"product_brand":[],"product_cat":[53,74,18,81,24,27,23,64,70,28,65,30,38,73,41,82,79,62,26,39,66,80,40,31,69,32,77,25,33,29,20,21,34,72,19,85,42,71,76,36,35,84,63,61,75,37,78],"product_tag":[],"class_list":{"0":"post-16523","1":"product","2":"type-product","3":"status-publish","4":"has-post-thumbnail","6":"product_cat-100cm-sex-dolls","7":"product_cat-6ye-doll","8":"product_cat-adult-doll","9":"product_cat-aibei-doll","10":"product_cat-american-sex-doll","11":"product_cat-anime-sex-dolls","12":"product_cat-asian-sex-doll","13":"product_cat-australia-stock-sex-doll","14":"product_cat-axb-doll","15":"product_cat-blonde-sex-doll","16":"product_cat-canada-stock-sex-doll","17":"product_cat-cheap-sex-doll","18":"product_cat-chubby-sex-dolls","19":"product_cat-climax-doll","20":"product_cat-curvy-sex-dolls","21":"product_cat-dolls-castle","22":"product_cat-elsa-babe","23":"product_cat-eu-stock-sex-doll","24":"product_cat-european-sex-dolls","25":"product_cat-fantasy-sex-doll","26":"product_cat-female-sex-dolls","27":"product_cat-fire-doll","28":"product_cat-full-body-sex-dolls","29":"product_cat-full-size-sex-dolls","30":"product_cat-girl-sex-dolls","31":"product_cat-hentai-sex-dolls","32":"product_cat-irontech-sex-dolls","33":"product_cat-japanese-sex-dolls","34":"product_cat-life-like-sex-dolls","35":"product_cat-life-size-sex-dolls","36":"product_cat-love-doll","37":"product_cat-miniature-sex-doll","38":"product_cat-petite-sex-dolls","39":"product_cat-qita-doll","40":"product_cat-real-doll","41":"product_cat-silicone-sex-dolls","42":"product_cat-skinny-sex-dolls","43":"product_cat-sy-doll","44":"product_cat-tantaly-sex-doll","45":"product_cat-teen-sex-dolls","46":"product_cat-tiny-sex-dolls","47":"product_cat-tpe-sex-dolls","48":"product_cat-uk-stock-sex-doll","49":"product_cat-us-stock-sex-dolls","50":"product_cat-wm-doll","51":"product_cat-young-sex-dolls","52":"product_cat-zelex-doll","54":"first","55":"instock","56":"sale","57":"shipping-taxable","58":"purchasable","59":"product-type-simple"},"_links":{"self":[{"href":"https:\/\/www.sexdollmini.com\/hu\/wp-json\/wp\/v2\/product\/16523","targetHints":{"allow":["GET"]}}],"collection":[{"href":"https:\/\/www.sexdollmini.com\/hu\/wp-json\/wp\/v2\/product"}],"about":[{"href":"https:\/\/www.sexdollmini.com\/hu\/wp-json\/wp\/v2\/types\/product"}],"replies":[{"embeddable":true,"href":"https:\/\/www.sexdollmini.com\/hu\/wp-json\/wp\/v2\/comments?post=16523"}],"wp:featuredmedia":[{"embeddable":true,"href":"https:\/\/www.sexdollmini.com\/hu\/wp-json\/wp\/v2\/media\/16569"}],"wp:attachment":[{"href":"https:\/\/www.sexdollmini.com\/hu\/wp-json\/wp\/v2\/media?parent=16523"}],"wp:term":[{"taxonomy":"product_brand","embeddable":true,"href":"https:\/\/www.sexdollmini.com\/hu\/wp-json\/wp\/v2\/product_brand?post=16523"},{"taxonomy":"product_cat","embeddable":true,"href":"https:\/\/www.sexdollmini.com\/hu\/wp-json\/wp\/v2\/product_cat?post=16523"},{"taxonomy":"product_tag","embeddable":true,"href":"https:\/\/www.sexdollmini.com\/hu\/wp-json\/wp\/v2\/product_tag?post=16523"}],"curies":[{"name":"munkaf\u00fczet","href":"https:\/\/api.w.org\/{rel}","templated":true}]}}