{"id":16525,"date":"2025-06-12T23:54:55","date_gmt":"2025-06-13T06:54:55","guid":{"rendered":"https:\/\/www.sexdollmini.com\/?post_type=product&#038;p=16525"},"modified":"2025-11-13T00:24:14","modified_gmt":"2025-11-13T08:24:14","slug":"perfect-flexible-flat-sex-doll-torso","status":"publish","type":"product","link":"https:\/\/www.sexdollmini.com\/hu\/termek\/perfect-flexible-flat-sex-doll-torso\/","title":{"rendered":"T\u00f6k\u00e9letesen Rugalmas Lapos Szexbaba Tors\u00f3"},"content":{"rendered":"<h2>Szexbab\u00e1k r\u00e9szletei<\/h2>\n<p>A lapos mellkas\u00fa szexbaba t\u00f6rzs f\u00e9m v\u00e1zrendszerrel rendelkezik, \u00e9s egy rugalmas, lapos mellkas\u00fa szexbaba t\u00f6rzs. A lapos mellkas\u00fa szexbaba t\u00f6rzs nagyon k\u00fcl\u00f6nleges, \u00e9s nagyon alkalmas gy\u0171jt\u0151k sz\u00e1m\u00e1ra. Ha gyakran utazol, ezt a szexbaba t\u00f6rzset nagyon k\u00f6nny\u0171 magaddal vinni. K\u00f6zepesen neh\u00e9z \u00e9s k\u00f6nnyen t\u00e1rolhat\u00f3.<\/p>\n<p>Magass\u00e1g: 61 cm<br \/>\nMellb\u0151s\u00e9g: 57 cm<br \/>\nDer\u00e9k: 51 cm<br \/>\nCs\u00edp\u0151: 69 cm<br \/>\nH\u00fcvelym\u00e9lys\u00e9g: 14 cm<br \/>\nAn\u00e1lis m\u00e9lys\u00e9g: 13cm<br \/>\nS\u00faly: 12 kg<br \/>\nCsomagol\u00e1s: 65*33*21cm<\/p>\n<p>&nbsp;<\/p>\n<p>K\u00e9rj\u00fck, engedje meg a 2-4 cm-es k\u00e9zi m\u00e9r\u00e9si elt\u00e9r\u00e9st a k\u00e9zi m\u00e9r\u00e9s miatt.<\/p>","protected":false},"excerpt":{"rendered":"<p>Ha nincs sok p\u00e9nzed szexbab\u00e1kra, \u00e9rdemes lehet megfontolni ezt a lapos mellkas\u00fa szexbaba t\u00f6rzset. Se nem k\u00f6nny\u0171, se nem neh\u00e9z, \u00e9s j\u00f3 szexu\u00e1lis \u00e9lm\u00e9nyt ny\u00fajthat.<\/p>","protected":false},"featured_media":16526,"comment_status":"open","ping_status":"closed","template":"","meta":[],"product_brand":[],"product_cat":[73,66,43,146,60,84],"product_tag":[],"class_list":{"0":"post-16525","1":"product","2":"type-product","3":"status-publish","4":"has-post-thumbnail","6":"product_cat-climax-doll","7":"product_cat-female-sex-dolls","8":"product_cat-flat-chested-sex-doll","9":"product_cat-half-body-sex-doll-torso","10":"product_cat-sex-doll-torso","11":"product_cat-tpe-sex-dolls","13":"first","14":"instock","15":"sale","16":"shipping-taxable","17":"purchasable","18":"product-type-simple"},"_links":{"self":[{"href":"https:\/\/www.sexdollmini.com\/hu\/wp-json\/wp\/v2\/product\/16525","targetHints":{"allow":["GET"]}}],"collection":[{"href":"https:\/\/www.sexdollmini.com\/hu\/wp-json\/wp\/v2\/product"}],"about":[{"href":"https:\/\/www.sexdollmini.com\/hu\/wp-json\/wp\/v2\/types\/product"}],"replies":[{"embeddable":true,"href":"https:\/\/www.sexdollmini.com\/hu\/wp-json\/wp\/v2\/comments?post=16525"}],"wp:featuredmedia":[{"embeddable":true,"href":"https:\/\/www.sexdollmini.com\/hu\/wp-json\/wp\/v2\/media\/16526"}],"wp:attachment":[{"href":"https:\/\/www.sexdollmini.com\/hu\/wp-json\/wp\/v2\/media?parent=16525"}],"wp:term":[{"taxonomy":"product_brand","embeddable":true,"href":"https:\/\/www.sexdollmini.com\/hu\/wp-json\/wp\/v2\/product_brand?post=16525"},{"taxonomy":"product_cat","embeddable":true,"href":"https:\/\/www.sexdollmini.com\/hu\/wp-json\/wp\/v2\/product_cat?post=16525"},{"taxonomy":"product_tag","embeddable":true,"href":"https:\/\/www.sexdollmini.com\/hu\/wp-json\/wp\/v2\/product_tag?post=16525"}],"curies":[{"name":"munkaf\u00fczet","href":"https:\/\/api.w.org\/{rel}","templated":true}]}}