{"id":16621,"date":"2025-06-25T05:58:54","date_gmt":"2025-06-25T12:58:54","guid":{"rendered":"https:\/\/www.sexdollmini.com\/?post_type=product&#038;p=16621"},"modified":"2025-12-18T00:19:19","modified_gmt":"2025-12-18T08:19:19","slug":"leal-140cm-boy-dildo-sex-doll","status":"publish","type":"product","link":"https:\/\/www.sexdollmini.com\/hu\/termek\/leal-140cm-boy-dildo-sex-doll\/","title":{"rendered":"Leal 140CM fi\u00fa dild\u00f3 szexbaba"},"content":{"rendered":"<h2>Szexbab\u00e1k r\u00e9szletei<\/h2>\n<p>Ez egy 140 cm-es, barna b\u0151r\u0171, Leal fi\u00fa szexbaba. B\u0151re k\u00fcl\u00f6n\u00f6sen feh\u00e9rnek t\u0171nik er\u0151s f\u00e9nyben. A f\u00e9rfi szexbaba k\u00fcl\u00f6n\u00f6sen gyeng\u00e9dnek t\u0171nik, \u00e9s gyeng\u00e9d arca kiss\u00e9 f\u00e9l\u00e9nknek t\u0171nik. A f\u00e9rfi szexbab\u00e1nak levehet\u0151 p\u00e9nisze van, \u00e9s az merev p\u00e9nisze leny\u0171g\u00f6z\u0151en n\u00e9z ki. A szexbaba v\u00e9gb\u00e9lny\u00edl\u00e1sa \u00e9s sz\u00e1ja haszn\u00e1lhat\u00f3, mindenf\u00e9le f\u00e9rfi \u00e9s n\u0151 sz\u00e1m\u00e1ra alkalmas.<\/p>\n<p>Magass\u00e1g: 140 cm<br \/>\nNett\u00f3 s\u00faly: 30 kg<br \/>\nAnyag: TPE f\u00e9mv\u00e1zzal<br \/>\nMellb\u0151s\u00e9g: 55 cm<br \/>\nDer\u00e9k: 48 cm<br \/>\nCs\u00edp\u0151: 70 cm<br \/>\nP\u00e9nisz hossza: 16cm * 4cm<br \/>\nSz\u00e1j\u00fcregi m\u00e9lys\u00e9g: 12 cm<br \/>\nAn\u00e1lis m\u00e9lys\u00e9g: 17 cm<br \/>\nCsomagol\u00e1si specifik\u00e1ci\u00f3: 130 * 36 * 26<\/p>\n<p>&nbsp;<\/p>\n<p>K\u00e9rj\u00fck, engedje meg a 2-4 cm-es k\u00e9zi m\u00e9r\u00e9si elt\u00e9r\u00e9st a k\u00e9zi m\u00e9r\u00e9s miatt.<\/p>","protected":false},"excerpt":{"rendered":"<p>A f\u00e9rfi szexbaba k\u00f6zepes magass\u00e1g\u00fa \u00e9s k\u00f6r\u00fclbel\u00fcl 30 kg s\u00faly\u00fa. M\u00e9g a h\u00f6lgyek sz\u00e1m\u00e1ra sem ig\u00e9nyel nagy er\u0151fesz\u00edt\u00e9st a mozgat\u00e1sa. A szexbab\u00e1t k\u00f6nnyed\u00e9n t\u00e1rolhatod a szekr\u00e9nyedben is.<\/p>","protected":false},"featured_media":16624,"comment_status":"open","ping_status":"closed","template":"","meta":[],"product_brand":[],"product_cat":[59,74,18,81,24,27,23,70,28,68,30,73,41,82,79,39,80,40,31,32,77,25,33,29,20,67,21,34,72,19,42,71,76,36,35,84,75,37,78],"product_tag":[],"class_list":{"0":"post-16621","1":"product","2":"type-product","3":"status-publish","4":"has-post-thumbnail","6":"product_cat-140cm-sex-dolls","7":"product_cat-6ye-doll","8":"product_cat-adult-doll","9":"product_cat-aibei-doll","10":"product_cat-american-sex-doll","11":"product_cat-anime-sex-dolls","12":"product_cat-asian-sex-doll","13":"product_cat-axb-doll","14":"product_cat-blonde-sex-doll","15":"product_cat-boy-sex-dolls","16":"product_cat-cheap-sex-doll","17":"product_cat-climax-doll","18":"product_cat-curvy-sex-dolls","19":"product_cat-dolls-castle","20":"product_cat-elsa-babe","21":"product_cat-fantasy-sex-doll","22":"product_cat-fire-doll","23":"product_cat-full-body-sex-dolls","24":"product_cat-full-size-sex-dolls","25":"product_cat-hentai-sex-dolls","26":"product_cat-irontech-sex-dolls","27":"product_cat-japanese-sex-dolls","28":"product_cat-life-like-sex-dolls","29":"product_cat-life-size-sex-dolls","30":"product_cat-love-doll","31":"product_cat-male-sex-dolls","32":"product_cat-miniature-sex-doll","33":"product_cat-petite-sex-dolls","34":"product_cat-qita-doll","35":"product_cat-real-doll","36":"product_cat-skinny-sex-dolls","37":"product_cat-sy-doll","38":"product_cat-tantaly-sex-doll","39":"product_cat-teen-sex-dolls","40":"product_cat-tiny-sex-dolls","41":"product_cat-tpe-sex-dolls","42":"product_cat-wm-doll","43":"product_cat-young-sex-dolls","44":"product_cat-zelex-doll","46":"first","47":"instock","48":"sale","49":"shipping-taxable","50":"purchasable","51":"product-type-simple"},"_links":{"self":[{"href":"https:\/\/www.sexdollmini.com\/hu\/wp-json\/wp\/v2\/product\/16621","targetHints":{"allow":["GET"]}}],"collection":[{"href":"https:\/\/www.sexdollmini.com\/hu\/wp-json\/wp\/v2\/product"}],"about":[{"href":"https:\/\/www.sexdollmini.com\/hu\/wp-json\/wp\/v2\/types\/product"}],"replies":[{"embeddable":true,"href":"https:\/\/www.sexdollmini.com\/hu\/wp-json\/wp\/v2\/comments?post=16621"}],"wp:featuredmedia":[{"embeddable":true,"href":"https:\/\/www.sexdollmini.com\/hu\/wp-json\/wp\/v2\/media\/16624"}],"wp:attachment":[{"href":"https:\/\/www.sexdollmini.com\/hu\/wp-json\/wp\/v2\/media?parent=16621"}],"wp:term":[{"taxonomy":"product_brand","embeddable":true,"href":"https:\/\/www.sexdollmini.com\/hu\/wp-json\/wp\/v2\/product_brand?post=16621"},{"taxonomy":"product_cat","embeddable":true,"href":"https:\/\/www.sexdollmini.com\/hu\/wp-json\/wp\/v2\/product_cat?post=16621"},{"taxonomy":"product_tag","embeddable":true,"href":"https:\/\/www.sexdollmini.com\/hu\/wp-json\/wp\/v2\/product_tag?post=16621"}],"curies":[{"name":"munkaf\u00fczet","href":"https:\/\/api.w.org\/{rel}","templated":true}]}}