{"id":16952,"date":"2025-07-14T21:39:42","date_gmt":"2025-07-15T04:39:42","guid":{"rendered":"https:\/\/www.sexdollmini.com\/?post_type=product&#038;p=16952"},"modified":"2025-07-29T20:27:40","modified_gmt":"2025-07-30T03:27:40","slug":"lace-see-through-clothing-set-sex-doll","status":"publish","type":"product","link":"https:\/\/www.sexdollmini.com\/hu\/termek\/lace-see-through-clothing-set-sex-doll\/","title":{"rendered":"Csipk\u00e9s \u00e1ttetsz\u0151 ruh\u00e1zati szett szexbab\u00e1knak"},"content":{"rendered":"<p>Szexi, \u00e1tl\u00e1tsz\u00f3 jelmez enyh\u00e9n rugalmas anyaggal, k\u00fcl\u00f6nf\u00e9le testalkat\u00fa szexbab\u00e1khoz alkalmas.<\/p>\n<p>Ruham\u00e9ret:<br \/>\nMellb\u0151s\u00e9g alatt: 75-85 cm<br \/>\nFELS\u0150 HOSSZ: 18cm<\/p>\n<p>&nbsp;<\/p>\n<p>K\u00e9rj\u00fck, engedje meg az 1-3 cm-es hib\u00e1t a k\u00e9zi m\u00e9r\u00e9s miatt.<\/p>","protected":false},"excerpt":{"rendered":"<p>A szexi csipk\u00e9s \u00e1tl\u00e1tsz\u00f3 szett h\u00e1rom sz\u00ednben kaphat\u00f3.<\/p>","protected":false},"featured_media":16959,"comment_status":"open","ping_status":"closed","template":"","meta":[],"product_brand":[],"product_cat":[83],"product_tag":[],"class_list":{"0":"post-16952","1":"product","2":"type-product","3":"status-publish","4":"has-post-thumbnail","6":"product_cat-sex-doll-accessories","8":"first","9":"instock","10":"sale","11":"shipping-taxable","12":"purchasable","13":"product-type-variable","14":"has-default-attributes"},"_links":{"self":[{"href":"https:\/\/www.sexdollmini.com\/hu\/wp-json\/wp\/v2\/product\/16952","targetHints":{"allow":["GET"]}}],"collection":[{"href":"https:\/\/www.sexdollmini.com\/hu\/wp-json\/wp\/v2\/product"}],"about":[{"href":"https:\/\/www.sexdollmini.com\/hu\/wp-json\/wp\/v2\/types\/product"}],"replies":[{"embeddable":true,"href":"https:\/\/www.sexdollmini.com\/hu\/wp-json\/wp\/v2\/comments?post=16952"}],"wp:featuredmedia":[{"embeddable":true,"href":"https:\/\/www.sexdollmini.com\/hu\/wp-json\/wp\/v2\/media\/16959"}],"wp:attachment":[{"href":"https:\/\/www.sexdollmini.com\/hu\/wp-json\/wp\/v2\/media?parent=16952"}],"wp:term":[{"taxonomy":"product_brand","embeddable":true,"href":"https:\/\/www.sexdollmini.com\/hu\/wp-json\/wp\/v2\/product_brand?post=16952"},{"taxonomy":"product_cat","embeddable":true,"href":"https:\/\/www.sexdollmini.com\/hu\/wp-json\/wp\/v2\/product_cat?post=16952"},{"taxonomy":"product_tag","embeddable":true,"href":"https:\/\/www.sexdollmini.com\/hu\/wp-json\/wp\/v2\/product_tag?post=16952"}],"curies":[{"name":"munkaf\u00fczet","href":"https:\/\/api.w.org\/{rel}","templated":true}]}}