{"id":17123,"date":"2025-07-16T21:39:19","date_gmt":"2025-07-17T04:39:19","guid":{"rendered":"https:\/\/www.sexdollmini.com\/?post_type=product&#038;p=17123"},"modified":"2025-09-22T01:54:15","modified_gmt":"2025-09-22T08:54:15","slug":"damaris-mini-handheld-60cm-sex-doll","status":"publish","type":"product","link":"https:\/\/www.sexdollmini.com\/hu\/termek\/damaris-mini-handheld-60cm-sex-doll\/","title":{"rendered":"Damaris Mini k\u00e9zi 60 cm-es szexbaba"},"content":{"rendered":"<p>A teljes m\u00e9ret\u0171 bab\u00e1kkal megegyez\u0151 val\u00f3s\u00e1gh\u0171 text\u00far\u00e1kkal \u00e9s anat\u00f3miai r\u00e9szletekkel rendelkez\u0151, 60 cm-es Mini TPE szexbab\u00e1kat a k\u00f6nnyebb haszn\u00e1lat \u00e9s hordozhat\u00f3s\u00e1g \u00e9rdek\u00e9ben kicsiny\u00edtett\u00e9k. Kis test\u00fck nagy, kidudorod\u00f3 mellekkel rendelkeznek, amelyek teltebb megjelen\u00e9st k\u00f6lcs\u00f6n\u00f6znek a szexbab\u00e1nak, val\u00f3s\u00e1gh\u0171 b\u0151rsz\u00edn\u00fck \u00e9s rugalmas \u00edz\u00fcleteik pedig term\u00e9szetes p\u00f3zol\u00e1st tesznek lehet\u0151v\u00e9.<\/p>\n<p>Magass\u00e1g: 60 cm<br \/>\nMellb\u0151s\u00e9g: 43 cm<br \/>\nDer\u00e9k: 30 cm<br \/>\nCs\u00edp\u0151: 45 cm<br \/>\nV\u00e1ll sz\u00e9less\u00e9ge: 12 cm<br \/>\nH\u00fcvely m\u00e9lys\u00e9ge: 9 cm<br \/>\nV\u00e9gb\u00e9lny\u00edl\u00e1s m\u00e9lys\u00e9ge: 10 cm<br \/>\nS\u00faly: 3 kg<\/p>\n<div style=\"width: 1080px;\" class=\"wp-video\"><video class=\"wp-video-shortcode\" id=\"video-17123-1\" width=\"1080\" height=\"1920\" preload=\"metadata\" controls=\"controls\"><source type=\"video\/mp4\" src=\"https:\/\/www.sexdollmini.com\/wp-content\/uploads\/2025\/07\/Damaris-sex-doll.mp4?_=1\" \/><a href=\"https:\/\/www.sexdollmini.com\/wp-content\/uploads\/2025\/07\/Damaris-sex-doll.mp4\">https:\/\/www.sexdollmini.com\/wp-content\/uploads\/2025\/07\/Damaris-sex-doll.mp4<\/a><\/video><\/div>\n<p>K\u00e9rj\u00fck, engedje meg a 2-4 cm-es k\u00e9zi m\u00e9r\u00e9si elt\u00e9r\u00e9st a k\u00e9zi m\u00e9r\u00e9s miatt.<\/p>","protected":false},"excerpt":{"rendered":"<p>A 60 cm-es szexbab\u00e1k p\u00e1ratlanul realizmussal rendelkeznek, nemcsak praktikusak \u00e9s k\u00f6lts\u00e9ghat\u00e9konyak, hanem m\u0171alkot\u00e1sok is. A kis szexbab\u00e1kat mer\u00e9sz dekor\u00e1ci\u00f3k\u00e9nt is ki\u00e1ll\u00edthatod, vagy a ruh\u00e1kat lecser\u00e9lheted, hogy \u00faj szexu\u00e1lis fant\u00e1zi\u00e1kat kelts!<\/p>","protected":false},"featured_media":17125,"comment_status":"open","ping_status":"closed","template":"","meta":[],"product_brand":[],"product_cat":[47,74,18,81,24,27,23,70,28,30,38,73,41,82,79,39,66,80,40,31,69,32,77,25,33,29,20,148,21,34,72,19,42,71,76,36,35,84,75,37,78],"product_tag":[],"class_list":{"0":"post-17123","1":"product","2":"type-product","3":"status-publish","4":"has-post-thumbnail","6":"product_cat-60cm-sex-dolls","7":"product_cat-6ye-doll","8":"product_cat-adult-doll","9":"product_cat-aibei-doll","10":"product_cat-american-sex-doll","11":"product_cat-anime-sex-dolls","12":"product_cat-asian-sex-doll","13":"product_cat-axb-doll","14":"product_cat-blonde-sex-doll","15":"product_cat-cheap-sex-doll","16":"product_cat-chubby-sex-dolls","17":"product_cat-climax-doll","18":"product_cat-curvy-sex-dolls","19":"product_cat-dolls-castle","20":"product_cat-elsa-babe","21":"product_cat-fantasy-sex-doll","22":"product_cat-female-sex-dolls","23":"product_cat-fire-doll","24":"product_cat-full-body-sex-dolls","25":"product_cat-full-size-sex-dolls","26":"product_cat-girl-sex-dolls","27":"product_cat-hentai-sex-dolls","28":"product_cat-irontech-sex-dolls","29":"product_cat-japanese-sex-dolls","30":"product_cat-life-like-sex-dolls","31":"product_cat-life-size-sex-dolls","32":"product_cat-love-doll","33":"product_cat-midget-sex-doll","34":"product_cat-miniature-sex-doll","35":"product_cat-petite-sex-dolls","36":"product_cat-qita-doll","37":"product_cat-real-doll","38":"product_cat-skinny-sex-dolls","39":"product_cat-sy-doll","40":"product_cat-tantaly-sex-doll","41":"product_cat-teen-sex-dolls","42":"product_cat-tiny-sex-dolls","43":"product_cat-tpe-sex-dolls","44":"product_cat-wm-doll","45":"product_cat-young-sex-dolls","46":"product_cat-zelex-doll","48":"first","49":"instock","50":"sale","51":"shipping-taxable","52":"purchasable","53":"product-type-simple"},"_links":{"self":[{"href":"https:\/\/www.sexdollmini.com\/hu\/wp-json\/wp\/v2\/product\/17123","targetHints":{"allow":["GET"]}}],"collection":[{"href":"https:\/\/www.sexdollmini.com\/hu\/wp-json\/wp\/v2\/product"}],"about":[{"href":"https:\/\/www.sexdollmini.com\/hu\/wp-json\/wp\/v2\/types\/product"}],"replies":[{"embeddable":true,"href":"https:\/\/www.sexdollmini.com\/hu\/wp-json\/wp\/v2\/comments?post=17123"}],"wp:featuredmedia":[{"embeddable":true,"href":"https:\/\/www.sexdollmini.com\/hu\/wp-json\/wp\/v2\/media\/17125"}],"wp:attachment":[{"href":"https:\/\/www.sexdollmini.com\/hu\/wp-json\/wp\/v2\/media?parent=17123"}],"wp:term":[{"taxonomy":"product_brand","embeddable":true,"href":"https:\/\/www.sexdollmini.com\/hu\/wp-json\/wp\/v2\/product_brand?post=17123"},{"taxonomy":"product_cat","embeddable":true,"href":"https:\/\/www.sexdollmini.com\/hu\/wp-json\/wp\/v2\/product_cat?post=17123"},{"taxonomy":"product_tag","embeddable":true,"href":"https:\/\/www.sexdollmini.com\/hu\/wp-json\/wp\/v2\/product_tag?post=17123"}],"curies":[{"name":"munkaf\u00fczet","href":"https:\/\/api.w.org\/{rel}","templated":true}]}}