{"id":17176,"date":"2025-07-20T03:21:53","date_gmt":"2025-07-20T10:21:53","guid":{"rendered":"https:\/\/www.sexdollmini.com\/?post_type=product&#038;p=17176"},"modified":"2025-09-08T06:18:48","modified_gmt":"2025-09-08T13:18:48","slug":"euphemia-custom-made-flat-sex-doll","status":"publish","type":"product","link":"https:\/\/www.sexdollmini.com\/hu\/termek\/euphemia-custom-made-flat-sex-doll\/","title":{"rendered":"Euphemia Egyedi k\u00e9sz\u00edt\u00e9s\u0171 lapos szexbaba"},"content":{"rendered":"<p>A szexbab\u00e1knak nagy szemeik \u00e9s kicsi sz\u00e1juk van, az anime vil\u00e1g\u00e1nak szerepl\u0151i ihlett\u00e9k \u0151ket. V\u00e1laszd ki kedvenc anime szexbab\u00e1dat, hogy minden romantikus \u00e9jszak\u00e1t egy\u00fctt t\u00f6ltsenek, \u00e9s mostant\u00f3l b\u00facs\u00fat intsenek a szomor\u00fa \u00e9s mag\u00e1nyos napoknak. A szexbab\u00e1k magass\u00e1ga testreszabhat\u00f3, 100 cm-es vagy 125 cm-es m\u00e9retben, v\u00e1lassz egy anime szexbab\u00e1t, amely megfelel a haszn\u00e1latodnak \u00e9s t\u00e1rol\u00e1sodnak.<\/p>\n<p>&nbsp;<\/p>\n<p>Magass\u00e1g: 100 cm<br \/>\nMellb\u0151s\u00e9g: 49 cm<br \/>\nDer\u00e9k: 38 cm<br \/>\nCs\u00edp\u0151: 59 cm<br \/>\nV\u00e9gb\u00e9lny\u00edl\u00e1s m\u00e9lys\u00e9ge: 11cm<br \/>\nH\u00fcvely m\u00e9lys\u00e9ge: 14 cm<br \/>\nSz\u00e1jm\u00e9lys\u00e9g: 10 cm<br \/>\nNett\u00f3 s\u00faly: 13 kg<br \/>\nBrutt\u00f3 s\u00faly: 15 kg<\/p>\n<p>&nbsp;<\/p>\n<p>Magass\u00e1g: 125 cm<br \/>\nMellb\u0151s\u00e9g: 55 cm<br \/>\nDer\u00e9k: 42 cm<br \/>\nCs\u00edp\u0151: 62 cm<br \/>\nV\u00e9gb\u00e9lny\u00edl\u00e1s m\u00e9lys\u00e9ge: 16 cm<br \/>\nH\u00fcvely m\u00e9lys\u00e9ge: 17 cm<br \/>\nSz\u00e1jm\u00e9lys\u00e9g: 12 cm<br \/>\nNett\u00f3 s\u00faly: 17 kg<br \/>\nBrutt\u00f3 s\u00faly: 20 kg<\/p>\n<p>&nbsp;<\/p>\n<p>&nbsp;<\/p>\n<p>K\u00e9rj\u00fck, engedje meg a 2-4 cm-es k\u00e9zi m\u00e9r\u00e9si elt\u00e9r\u00e9st a k\u00e9zi m\u00e9r\u00e9s miatt.<\/p>","protected":false},"excerpt":{"rendered":"<p>Az apr\u00f3 anime szexbab\u00e1k lapos mellkassal \u00e9s kiv\u00e9telesen finom von\u00e1sokkal rendelkeznek. Vagin\u00e1lis \u00e9s an\u00e1lis csatorn\u00e1k is rendelkez\u00e9sre \u00e1llnak.<\/p>","protected":false},"featured_media":17208,"comment_status":"open","ping_status":"closed","template":"","meta":[],"product_brand":[],"product_cat":[53,56,57,74,18,81,27,23,70,28,30,38,73,41,82,79,39,66,80,43,40,31,69,32,77,25,33,29,20,21,34,72,19,42,44,71,76,36,35,84,75,37,78],"product_tag":[],"class_list":{"0":"post-17176","1":"product","2":"type-product","3":"status-publish","4":"has-post-thumbnail","6":"product_cat-100cm-sex-dolls","7":"product_cat-120cm-sex-dolls","8":"product_cat-125cm-sex-dolls","9":"product_cat-6ye-doll","10":"product_cat-adult-doll","11":"product_cat-aibei-doll","12":"product_cat-anime-sex-dolls","13":"product_cat-asian-sex-doll","14":"product_cat-axb-doll","15":"product_cat-blonde-sex-doll","16":"product_cat-cheap-sex-doll","17":"product_cat-chubby-sex-dolls","18":"product_cat-climax-doll","19":"product_cat-curvy-sex-dolls","20":"product_cat-dolls-castle","21":"product_cat-elsa-babe","22":"product_cat-fantasy-sex-doll","23":"product_cat-female-sex-dolls","24":"product_cat-fire-doll","25":"product_cat-flat-chested-sex-doll","26":"product_cat-full-body-sex-dolls","27":"product_cat-full-size-sex-dolls","28":"product_cat-girl-sex-dolls","29":"product_cat-hentai-sex-dolls","30":"product_cat-irontech-sex-dolls","31":"product_cat-japanese-sex-dolls","32":"product_cat-life-like-sex-dolls","33":"product_cat-life-size-sex-dolls","34":"product_cat-love-doll","35":"product_cat-miniature-sex-doll","36":"product_cat-petite-sex-dolls","37":"product_cat-qita-doll","38":"product_cat-real-doll","39":"product_cat-skinny-sex-dolls","40":"product_cat-small-breast-sex-doll","41":"product_cat-sy-doll","42":"product_cat-tantaly-sex-doll","43":"product_cat-teen-sex-dolls","44":"product_cat-tiny-sex-dolls","45":"product_cat-tpe-sex-dolls","46":"product_cat-wm-doll","47":"product_cat-young-sex-dolls","48":"product_cat-zelex-doll","50":"first","51":"instock","52":"sale","53":"shipping-taxable","54":"purchasable","55":"product-type-variable","56":"has-default-attributes"},"_links":{"self":[{"href":"https:\/\/www.sexdollmini.com\/hu\/wp-json\/wp\/v2\/product\/17176","targetHints":{"allow":["GET"]}}],"collection":[{"href":"https:\/\/www.sexdollmini.com\/hu\/wp-json\/wp\/v2\/product"}],"about":[{"href":"https:\/\/www.sexdollmini.com\/hu\/wp-json\/wp\/v2\/types\/product"}],"replies":[{"embeddable":true,"href":"https:\/\/www.sexdollmini.com\/hu\/wp-json\/wp\/v2\/comments?post=17176"}],"wp:featuredmedia":[{"embeddable":true,"href":"https:\/\/www.sexdollmini.com\/hu\/wp-json\/wp\/v2\/media\/17208"}],"wp:attachment":[{"href":"https:\/\/www.sexdollmini.com\/hu\/wp-json\/wp\/v2\/media?parent=17176"}],"wp:term":[{"taxonomy":"product_brand","embeddable":true,"href":"https:\/\/www.sexdollmini.com\/hu\/wp-json\/wp\/v2\/product_brand?post=17176"},{"taxonomy":"product_cat","embeddable":true,"href":"https:\/\/www.sexdollmini.com\/hu\/wp-json\/wp\/v2\/product_cat?post=17176"},{"taxonomy":"product_tag","embeddable":true,"href":"https:\/\/www.sexdollmini.com\/hu\/wp-json\/wp\/v2\/product_tag?post=17176"}],"curies":[{"name":"munkaf\u00fczet","href":"https:\/\/api.w.org\/{rel}","templated":true}]}}