{"id":17179,"date":"2025-07-20T03:22:00","date_gmt":"2025-07-20T10:22:00","guid":{"rendered":"https:\/\/www.sexdollmini.com\/?post_type=product&#038;p=17179"},"modified":"2025-09-08T06:18:12","modified_gmt":"2025-09-08T13:18:12","slug":"elowen-125cm-flat-anime-sex-doll","status":"publish","type":"product","link":"https:\/\/www.sexdollmini.com\/hu\/termek\/elowen-125cm-flat-anime-sex-doll\/","title":{"rendered":"Elowen 125cm lapos Anime szex baba"},"content":{"rendered":"<p>A lapos mellkas\u00fa szexbaba jellemz\u0151i nagyon hasonl\u00edtanak a j\u00e1t\u00e9kszerepl\u0151k\u00e9ihez, ezt a szexbab\u00e1t az anime j\u00e1t\u00e9kszerepl\u0151k ihlett\u00e9k, az anime karakterek jellemz\u0151i nagyon k\u00fcl\u00f6nlegesek ezzel a lapos mellkas\u00fa testtel, ez egy nagyon egyedi anime szexbaba, amely nagyszer\u0171 gy\u0171jt\u0151knek vagy a szerepj\u00e1t\u00e9kok kedvel\u0151inek. 100 cm-es \u00e9s 125 cm-es magass\u00e1gban kaphat\u00f3, de sz\u00e1mos m\u00e1s st\u00edlus\u00fa mini szexbab\u00e1t is felfedezhetsz.<\/p>\n<p>&nbsp;<\/p>\n<p>Magass\u00e1g: 100 cm<br \/>\nMellb\u0151s\u00e9g: 49 cm<br \/>\nDer\u00e9k: 37 cm<br \/>\nCs\u00edp\u0151: 58 cm<br \/>\nV\u00e9gb\u00e9lny\u00edl\u00e1s m\u00e9lys\u00e9ge: 11cm<br \/>\nH\u00fcvely m\u00e9lys\u00e9ge: 14 cm<br \/>\nNett\u00f3 s\u00faly: 12 kg<br \/>\nBrutt\u00f3 s\u00faly: 15 kg<\/p>\n<p>&nbsp;<\/p>\n<p>Magass\u00e1g: 125 cm<br \/>\nMellb\u0151s\u00e9g: 54 cm<br \/>\nDer\u00e9k: 42 cm<br \/>\nCs\u00edp\u0151: 62 cm<br \/>\nV\u00e9gb\u00e9lny\u00edl\u00e1s m\u00e9lys\u00e9ge: 13cm<br \/>\nH\u00fcvely m\u00e9lys\u00e9ge: 15 cm<br \/>\nNett\u00f3 s\u00faly: 17 kg<br \/>\nBrutt\u00f3 s\u00faly: 20 kg<\/p>\n<p>&nbsp;<\/p>\n<p>&nbsp;<\/p>\n<p>K\u00e9rj\u00fck, engedje meg a 2-4 cm-es k\u00e9zi m\u00e9r\u00e9si elt\u00e9r\u00e9st a k\u00e9zi m\u00e9r\u00e9s miatt.<\/p>","protected":false},"excerpt":{"rendered":"<p>Az anime szexbab\u00e1k teste TPE anyagb\u00f3l k\u00e9sz\u00fclt a puha \u00e9s realisztikus b\u0151r \u00e9rdek\u00e9ben, \u00edgy a lapos mellkas\u00fa szexbab\u00e1k h\u00fcvelye \u00e9s v\u00e9gb\u00e9lny\u00edl\u00e1sa is el\u00e9rhet\u0151.<\/p>","protected":false},"featured_media":17186,"comment_status":"open","ping_status":"closed","template":"","meta":[],"product_brand":[],"product_cat":[53,56,57,74,18,81,27,23,70,28,30,38,73,41,82,79,26,39,66,80,43,40,31,69,32,77,25,33,29,20,21,34,72,19,42,44,71,76,36,35,84,75,37,78],"product_tag":[],"class_list":{"0":"post-17179","1":"product","2":"type-product","3":"status-publish","4":"has-post-thumbnail","6":"product_cat-100cm-sex-dolls","7":"product_cat-120cm-sex-dolls","8":"product_cat-125cm-sex-dolls","9":"product_cat-6ye-doll","10":"product_cat-adult-doll","11":"product_cat-aibei-doll","12":"product_cat-anime-sex-dolls","13":"product_cat-asian-sex-doll","14":"product_cat-axb-doll","15":"product_cat-blonde-sex-doll","16":"product_cat-cheap-sex-doll","17":"product_cat-chubby-sex-dolls","18":"product_cat-climax-doll","19":"product_cat-curvy-sex-dolls","20":"product_cat-dolls-castle","21":"product_cat-elsa-babe","22":"product_cat-european-sex-dolls","23":"product_cat-fantasy-sex-doll","24":"product_cat-female-sex-dolls","25":"product_cat-fire-doll","26":"product_cat-flat-chested-sex-doll","27":"product_cat-full-body-sex-dolls","28":"product_cat-full-size-sex-dolls","29":"product_cat-girl-sex-dolls","30":"product_cat-hentai-sex-dolls","31":"product_cat-irontech-sex-dolls","32":"product_cat-japanese-sex-dolls","33":"product_cat-life-like-sex-dolls","34":"product_cat-life-size-sex-dolls","35":"product_cat-love-doll","36":"product_cat-miniature-sex-doll","37":"product_cat-petite-sex-dolls","38":"product_cat-qita-doll","39":"product_cat-real-doll","40":"product_cat-skinny-sex-dolls","41":"product_cat-small-breast-sex-doll","42":"product_cat-sy-doll","43":"product_cat-tantaly-sex-doll","44":"product_cat-teen-sex-dolls","45":"product_cat-tiny-sex-dolls","46":"product_cat-tpe-sex-dolls","47":"product_cat-wm-doll","48":"product_cat-young-sex-dolls","49":"product_cat-zelex-doll","51":"first","52":"instock","53":"sale","54":"shipping-taxable","55":"purchasable","56":"product-type-variable","57":"has-default-attributes"},"_links":{"self":[{"href":"https:\/\/www.sexdollmini.com\/hu\/wp-json\/wp\/v2\/product\/17179","targetHints":{"allow":["GET"]}}],"collection":[{"href":"https:\/\/www.sexdollmini.com\/hu\/wp-json\/wp\/v2\/product"}],"about":[{"href":"https:\/\/www.sexdollmini.com\/hu\/wp-json\/wp\/v2\/types\/product"}],"replies":[{"embeddable":true,"href":"https:\/\/www.sexdollmini.com\/hu\/wp-json\/wp\/v2\/comments?post=17179"}],"wp:featuredmedia":[{"embeddable":true,"href":"https:\/\/www.sexdollmini.com\/hu\/wp-json\/wp\/v2\/media\/17186"}],"wp:attachment":[{"href":"https:\/\/www.sexdollmini.com\/hu\/wp-json\/wp\/v2\/media?parent=17179"}],"wp:term":[{"taxonomy":"product_brand","embeddable":true,"href":"https:\/\/www.sexdollmini.com\/hu\/wp-json\/wp\/v2\/product_brand?post=17179"},{"taxonomy":"product_cat","embeddable":true,"href":"https:\/\/www.sexdollmini.com\/hu\/wp-json\/wp\/v2\/product_cat?post=17179"},{"taxonomy":"product_tag","embeddable":true,"href":"https:\/\/www.sexdollmini.com\/hu\/wp-json\/wp\/v2\/product_tag?post=17179"}],"curies":[{"name":"munkaf\u00fczet","href":"https:\/\/api.w.org\/{rel}","templated":true}]}}