{"id":17451,"date":"2025-07-29T21:18:59","date_gmt":"2025-07-30T04:18:59","guid":{"rendered":"https:\/\/www.sexdollmini.com\/?post_type=product&#038;p=17451"},"modified":"2025-09-08T06:15:48","modified_gmt":"2025-09-08T13:15:48","slug":"inara-full-body-silicone-sex-doll","status":"publish","type":"product","link":"https:\/\/www.sexdollmini.com\/hu\/termek\/inara-full-body-silicone-sex-doll\/","title":{"rendered":"Inara teljes test\u0171 szilikon szexbaba"},"content":{"rendered":"<p>Ez a 60 cm-es, teljes test\u0171 szilikon mini szexbaba szuper szexi alakkal, kiemelked\u0151 mellekkel \u00e9s cs\u00edp\u0151vel, valamint szexi der\u00e9kkal rendelkezik. A szilikon szexbaba belsej\u00e9ben egy f\u00e9mv\u00e1z is tal\u00e1lhat\u00f3, amely lehet\u0151v\u00e9 teszi sz\u00e1m\u00e1ra, hogy k\u00fcl\u00f6nf\u00e9le mozdulatokat v\u00e9gezzen, ahogy a k\u00e9peken is l\u00e1that\u00f3. A szexbaba arcvon\u00e1sai \u00e9leth\u0171ek \u00e9s finomak, \u00edgy im\u00e1dnival\u00f3.<\/p>\n<p>&nbsp;<\/p>\n<p>Magass\u00e1g: 60 cm<br \/>\nMellb\u0151s\u00e9g: 33 cm<br \/>\nDer\u00e9k: 21 cm<br \/>\nCs\u00edp\u0151: 36 cm<br \/>\nH\u00fcvelym\u00e9lys\u00e9g: 13 cm<br \/>\nAn\u00e1lis m\u00e9lys\u00e9g: 7cm<br \/>\nS\u00faly: 3 kg<\/p>\n<p>&nbsp;<\/p>\n<p>A szilikon szexbab\u00e1k elk\u00e9sz\u00edt\u00e9se tov\u00e1bbi 2-4 napot vesz ig\u00e9nybe.<\/p>\n<p>K\u00e9rj\u00fck, engedje meg a 2-4 cm-es k\u00e9zi m\u00e9r\u00e9si elt\u00e9r\u00e9st a k\u00e9zi m\u00e9r\u00e9s miatt.<\/p>","protected":false},"excerpt":{"rendered":"<p>A szexbaba 60 cm magas, a mini szexbaba pedig k\u00f6r\u00fclbel\u00fcl egy h\u00e1tizs\u00e1k magass\u00e1g\u00e1val megegyez\u0151. Nagyon k\u00f6nnyen hordozhat\u00f3, b\u00e1rhov\u00e1 is m\u00e9sz.<\/p>","protected":false},"featured_media":17463,"comment_status":"open","ping_status":"closed","template":"","meta":[],"product_brand":[],"product_cat":[47,74,18,81,27,23,70,28,30,38,73,41,82,79,39,66,80,40,31,69,32,77,25,33,29,20,148,21,34,72,19,85,42,44,71,76,36,35,75,37,78],"product_tag":[],"class_list":{"0":"post-17451","1":"product","2":"type-product","3":"status-publish","4":"has-post-thumbnail","6":"product_cat-60cm-sex-dolls","7":"product_cat-6ye-doll","8":"product_cat-adult-doll","9":"product_cat-aibei-doll","10":"product_cat-anime-sex-dolls","11":"product_cat-asian-sex-doll","12":"product_cat-axb-doll","13":"product_cat-blonde-sex-doll","14":"product_cat-cheap-sex-doll","15":"product_cat-chubby-sex-dolls","16":"product_cat-climax-doll","17":"product_cat-curvy-sex-dolls","18":"product_cat-dolls-castle","19":"product_cat-elsa-babe","20":"product_cat-fantasy-sex-doll","21":"product_cat-female-sex-dolls","22":"product_cat-fire-doll","23":"product_cat-full-body-sex-dolls","24":"product_cat-full-size-sex-dolls","25":"product_cat-girl-sex-dolls","26":"product_cat-hentai-sex-dolls","27":"product_cat-irontech-sex-dolls","28":"product_cat-japanese-sex-dolls","29":"product_cat-life-like-sex-dolls","30":"product_cat-life-size-sex-dolls","31":"product_cat-love-doll","32":"product_cat-midget-sex-doll","33":"product_cat-miniature-sex-doll","34":"product_cat-petite-sex-dolls","35":"product_cat-qita-doll","36":"product_cat-real-doll","37":"product_cat-silicone-sex-dolls","38":"product_cat-skinny-sex-dolls","39":"product_cat-small-breast-sex-doll","40":"product_cat-sy-doll","41":"product_cat-tantaly-sex-doll","42":"product_cat-teen-sex-dolls","43":"product_cat-tiny-sex-dolls","44":"product_cat-wm-doll","45":"product_cat-young-sex-dolls","46":"product_cat-zelex-doll","48":"first","49":"instock","50":"sale","51":"shipping-taxable","52":"purchasable","53":"product-type-simple"},"_links":{"self":[{"href":"https:\/\/www.sexdollmini.com\/hu\/wp-json\/wp\/v2\/product\/17451","targetHints":{"allow":["GET"]}}],"collection":[{"href":"https:\/\/www.sexdollmini.com\/hu\/wp-json\/wp\/v2\/product"}],"about":[{"href":"https:\/\/www.sexdollmini.com\/hu\/wp-json\/wp\/v2\/types\/product"}],"replies":[{"embeddable":true,"href":"https:\/\/www.sexdollmini.com\/hu\/wp-json\/wp\/v2\/comments?post=17451"}],"wp:featuredmedia":[{"embeddable":true,"href":"https:\/\/www.sexdollmini.com\/hu\/wp-json\/wp\/v2\/media\/17463"}],"wp:attachment":[{"href":"https:\/\/www.sexdollmini.com\/hu\/wp-json\/wp\/v2\/media?parent=17451"}],"wp:term":[{"taxonomy":"product_brand","embeddable":true,"href":"https:\/\/www.sexdollmini.com\/hu\/wp-json\/wp\/v2\/product_brand?post=17451"},{"taxonomy":"product_cat","embeddable":true,"href":"https:\/\/www.sexdollmini.com\/hu\/wp-json\/wp\/v2\/product_cat?post=17451"},{"taxonomy":"product_tag","embeddable":true,"href":"https:\/\/www.sexdollmini.com\/hu\/wp-json\/wp\/v2\/product_tag?post=17451"}],"curies":[{"name":"munkaf\u00fczet","href":"https:\/\/api.w.org\/{rel}","templated":true}]}}