{"id":17474,"date":"2025-07-29T23:15:48","date_gmt":"2025-07-30T06:15:48","guid":{"rendered":"https:\/\/www.sexdollmini.com\/?post_type=product&#038;p=17474"},"modified":"2025-09-08T06:15:08","modified_gmt":"2025-09-08T13:15:08","slug":"jessamine-silicone-sexy-60cm-sex-doll","status":"publish","type":"product","link":"https:\/\/www.sexdollmini.com\/hu\/termek\/jessamine-silicone-sexy-60cm-sex-doll\/","title":{"rendered":"Jessamine Szilikon Szexi 60cm Szexbaba"},"content":{"rendered":"<p>Ha egy val\u00f3s\u00e1gh\u0171, m\u00e9gis kompakt szexbab\u00e1t keresel, 60 cm-es szilikon szexbab\u00e1nk t\u00f6k\u00e9letes egyens\u00falyt k\u00edn\u00e1l az \u00e9leth\u0171 min\u0151s\u00e9g \u00e9s a k\u00e9nyelmes m\u00e9ret k\u00f6z\u00f6tt. Ez a kis szexbaba nemcsak ugyanolyan \u00e9lvezetet ny\u00fajt, mint egy teljes m\u00e9ret\u0171 szexbaba, de k\u00f6nnyen t\u00e1rolhat\u00f3 \u00e9s kezelhet\u0151 is. \u00c1ruh\u00e1zunkban mini szexbab\u00e1k sz\u00e9les v\u00e1laszt\u00e9k\u00e1t k\u00edn\u00e1ljuk, \u00edgy k\u00f6nnyen megtal\u00e1lhatod az ide\u00e1lis mini szexbab\u00e1dat.<\/p>\n<p>&nbsp;<\/p>\n<p>Magass\u00e1g: 60 cm<br \/>\nMellb\u0151s\u00e9g: 33 cm<br \/>\nDer\u00e9k: 21 cm<br \/>\nCs\u00edp\u0151: 36 cm<br \/>\nH\u00fcvelym\u00e9lys\u00e9g: 13 cm<br \/>\nAn\u00e1lis m\u00e9lys\u00e9g: 7cm<br \/>\nS\u00faly: 3 kg<\/p>\n<p>&nbsp;<\/p>\n<p>A szilikon szexbab\u00e1k elk\u00e9sz\u00edt\u00e9se tov\u00e1bbi 2-4 napot vesz ig\u00e9nybe.<\/p>\n<p>K\u00e9rj\u00fck, engedje meg a 2-4 cm-es k\u00e9zi m\u00e9r\u00e9si elt\u00e9r\u00e9st a k\u00e9zi m\u00e9r\u00e9s miatt.<\/p>","protected":false},"excerpt":{"rendered":"<p>Az \u00e9letnagys\u00e1g\u00fa szexbab\u00e1kkal ellent\u00e9tben a 60 cm-es szilikon szexbab\u00e1ink k\u00f6nny\u0171ek, hordozhat\u00f3ak \u00e9s k\u00f6nnyen tiszt\u00edthat\u00f3k. Kiv\u00e1l\u00f3 min\u0151s\u00e9g\u0171 szilikonb\u00f3l k\u00e9sz\u00fcltek, minim\u00e1lis \u00e1pol\u00e1ssal is ellen\u00e1llnak a foltoknak.<\/p>","protected":false},"featured_media":17483,"comment_status":"open","ping_status":"closed","template":"","meta":[],"product_brand":[],"product_cat":[47,74,18,81,27,23,70,28,30,38,73,41,82,79,39,66,80,40,31,69,32,77,25,33,29,20,148,21,34,72,19,85,42,44,71,76,36,35,75,37,78],"product_tag":[],"class_list":{"0":"post-17474","1":"product","2":"type-product","3":"status-publish","4":"has-post-thumbnail","6":"product_cat-60cm-sex-dolls","7":"product_cat-6ye-doll","8":"product_cat-adult-doll","9":"product_cat-aibei-doll","10":"product_cat-anime-sex-dolls","11":"product_cat-asian-sex-doll","12":"product_cat-axb-doll","13":"product_cat-blonde-sex-doll","14":"product_cat-cheap-sex-doll","15":"product_cat-chubby-sex-dolls","16":"product_cat-climax-doll","17":"product_cat-curvy-sex-dolls","18":"product_cat-dolls-castle","19":"product_cat-elsa-babe","20":"product_cat-fantasy-sex-doll","21":"product_cat-female-sex-dolls","22":"product_cat-fire-doll","23":"product_cat-full-body-sex-dolls","24":"product_cat-full-size-sex-dolls","25":"product_cat-girl-sex-dolls","26":"product_cat-hentai-sex-dolls","27":"product_cat-irontech-sex-dolls","28":"product_cat-japanese-sex-dolls","29":"product_cat-life-like-sex-dolls","30":"product_cat-life-size-sex-dolls","31":"product_cat-love-doll","32":"product_cat-midget-sex-doll","33":"product_cat-miniature-sex-doll","34":"product_cat-petite-sex-dolls","35":"product_cat-qita-doll","36":"product_cat-real-doll","37":"product_cat-silicone-sex-dolls","38":"product_cat-skinny-sex-dolls","39":"product_cat-small-breast-sex-doll","40":"product_cat-sy-doll","41":"product_cat-tantaly-sex-doll","42":"product_cat-teen-sex-dolls","43":"product_cat-tiny-sex-dolls","44":"product_cat-wm-doll","45":"product_cat-young-sex-dolls","46":"product_cat-zelex-doll","48":"first","49":"instock","50":"sale","51":"shipping-taxable","52":"purchasable","53":"product-type-simple"},"_links":{"self":[{"href":"https:\/\/www.sexdollmini.com\/hu\/wp-json\/wp\/v2\/product\/17474","targetHints":{"allow":["GET"]}}],"collection":[{"href":"https:\/\/www.sexdollmini.com\/hu\/wp-json\/wp\/v2\/product"}],"about":[{"href":"https:\/\/www.sexdollmini.com\/hu\/wp-json\/wp\/v2\/types\/product"}],"replies":[{"embeddable":true,"href":"https:\/\/www.sexdollmini.com\/hu\/wp-json\/wp\/v2\/comments?post=17474"}],"wp:featuredmedia":[{"embeddable":true,"href":"https:\/\/www.sexdollmini.com\/hu\/wp-json\/wp\/v2\/media\/17483"}],"wp:attachment":[{"href":"https:\/\/www.sexdollmini.com\/hu\/wp-json\/wp\/v2\/media?parent=17474"}],"wp:term":[{"taxonomy":"product_brand","embeddable":true,"href":"https:\/\/www.sexdollmini.com\/hu\/wp-json\/wp\/v2\/product_brand?post=17474"},{"taxonomy":"product_cat","embeddable":true,"href":"https:\/\/www.sexdollmini.com\/hu\/wp-json\/wp\/v2\/product_cat?post=17474"},{"taxonomy":"product_tag","embeddable":true,"href":"https:\/\/www.sexdollmini.com\/hu\/wp-json\/wp\/v2\/product_tag?post=17474"}],"curies":[{"name":"munkaf\u00fczet","href":"https:\/\/api.w.org\/{rel}","templated":true}]}}