{"id":17543,"date":"2025-07-30T00:42:11","date_gmt":"2025-07-30T07:42:11","guid":{"rendered":"https:\/\/www.sexdollmini.com\/?post_type=product&#038;p=17543"},"modified":"2026-05-09T14:02:02","modified_gmt":"2026-05-09T21:02:02","slug":"kismet-130cm-silicone-head-sex-doll","status":"publish","type":"product","link":"https:\/\/www.sexdollmini.com\/hu\/termek\/kismet-130cm-silicone-head-sex-doll\/","title":{"rendered":"Kismet 130 cm-es szilikonfej\u0171 szexbaba"},"content":{"rendered":"<p>A 130 cm-es szexbaba szilikonfeje leny\u0171g\u00f6z\u0151 r\u00e9szleteket r\u00f6gz\u00edt, az egyes szempill\u00e1kt\u00f3l kezdve a term\u00e9szetes ajaktext\u00far\u00e1ig. A hagyom\u00e1nyos TPE arcokkal ellent\u00e9tben a szilikon tiszt\u00e1bb arcvon\u00e1sokat biztos\u00edt, \u00e9s a smink tov\u00e1bb tart. \u00d6sszess\u00e9g\u00e9ben a szilikonfej a rugalmas TPE testtel p\u00e1ros\u00edtva maximaliz\u00e1lja a szexbaba \u00e1r-\u00e9rt\u00e9k ar\u00e1ny\u00e1t \u00e9s a lehet\u0151 legjobb \u00e9lm\u00e9nyt ny\u00fajtja.<\/p>\n<p>&nbsp;<\/p>\n<p>Magass\u00e1g: 130 cm<br \/>\nMellb\u0151s\u00e9g: 67 cm<br \/>\nDer\u00e9k: 56 cm<br \/>\nCs\u00edp\u0151: 85 cm<br \/>\nNett\u00f3 s\u00faly: 26 kg<br \/>\nBrutt\u00f3 s\u00faly: 31 kg<br \/>\nCsomagol\u00e1si m\u00e9ret: 130*35*26cm<\/p>\n<p>&nbsp;<\/p>\n<p>K\u00e9rj\u00fck, engedje meg a 2-4 cm-es k\u00e9zi m\u00e9r\u00e9si elt\u00e9r\u00e9st a k\u00e9zi m\u00e9r\u00e9s miatt.<\/p>","protected":false},"excerpt":{"rendered":"<p>Kompakt m\u00e9rete ellen\u00e9re a 130 cm-es szexbaba \u00e9p bels\u0151 csontv\u00e1zzal rendelkezik, amely sz\u00e9lesk\u00f6r\u0171 intim p\u00f3zokat \u00e9s realisztikus fot\u00f3p\u00f3zokat tesz lehet\u0151v\u00e9. A 130 cm-es szexbaba p\u00e1ratlanul val\u00f3s\u00e1gh\u0171 szilikonfejjel \u00e9s TPE-b\u0151l k\u00e9sz\u00fclt testtel rendelkezik.<\/p>","protected":false},"featured_media":17557,"comment_status":"open","ping_status":"closed","template":"","meta":[],"product_brand":[],"product_cat":[58,74,18,81,24,27,23,70,28,30,38,73,41,82,79,26,39,66,80,43,40,31,69,32,77,25,33,29,20,21,34,72,19,42,44,71,76,36,35,84,61,75,37,78],"product_tag":[],"class_list":{"0":"post-17543","1":"product","2":"type-product","3":"status-publish","4":"has-post-thumbnail","6":"product_cat-130cm-sex-dolls","7":"product_cat-6ye-doll","8":"product_cat-adult-doll","9":"product_cat-aibei-doll","10":"product_cat-american-sex-doll","11":"product_cat-anime-sex-dolls","12":"product_cat-asian-sex-doll","13":"product_cat-axb-doll","14":"product_cat-blonde-sex-doll","15":"product_cat-cheap-sex-doll","16":"product_cat-chubby-sex-dolls","17":"product_cat-climax-doll","18":"product_cat-curvy-sex-dolls","19":"product_cat-dolls-castle","20":"product_cat-elsa-babe","21":"product_cat-european-sex-dolls","22":"product_cat-fantasy-sex-doll","23":"product_cat-female-sex-dolls","24":"product_cat-fire-doll","25":"product_cat-flat-chested-sex-doll","26":"product_cat-full-body-sex-dolls","27":"product_cat-full-size-sex-dolls","28":"product_cat-girl-sex-dolls","29":"product_cat-hentai-sex-dolls","30":"product_cat-irontech-sex-dolls","31":"product_cat-japanese-sex-dolls","32":"product_cat-life-like-sex-dolls","33":"product_cat-life-size-sex-dolls","34":"product_cat-love-doll","35":"product_cat-miniature-sex-doll","36":"product_cat-petite-sex-dolls","37":"product_cat-qita-doll","38":"product_cat-real-doll","39":"product_cat-skinny-sex-dolls","40":"product_cat-small-breast-sex-doll","41":"product_cat-sy-doll","42":"product_cat-tantaly-sex-doll","43":"product_cat-teen-sex-dolls","44":"product_cat-tiny-sex-dolls","45":"product_cat-tpe-sex-dolls","46":"product_cat-us-stock-sex-dolls","47":"product_cat-wm-doll","48":"product_cat-young-sex-dolls","49":"product_cat-zelex-doll","51":"first","52":"instock","53":"sale","54":"shipping-taxable","55":"purchasable","56":"product-type-simple"},"_links":{"self":[{"href":"https:\/\/www.sexdollmini.com\/hu\/wp-json\/wp\/v2\/product\/17543","targetHints":{"allow":["GET"]}}],"collection":[{"href":"https:\/\/www.sexdollmini.com\/hu\/wp-json\/wp\/v2\/product"}],"about":[{"href":"https:\/\/www.sexdollmini.com\/hu\/wp-json\/wp\/v2\/types\/product"}],"replies":[{"embeddable":true,"href":"https:\/\/www.sexdollmini.com\/hu\/wp-json\/wp\/v2\/comments?post=17543"}],"wp:featuredmedia":[{"embeddable":true,"href":"https:\/\/www.sexdollmini.com\/hu\/wp-json\/wp\/v2\/media\/17557"}],"wp:attachment":[{"href":"https:\/\/www.sexdollmini.com\/hu\/wp-json\/wp\/v2\/media?parent=17543"}],"wp:term":[{"taxonomy":"product_brand","embeddable":true,"href":"https:\/\/www.sexdollmini.com\/hu\/wp-json\/wp\/v2\/product_brand?post=17543"},{"taxonomy":"product_cat","embeddable":true,"href":"https:\/\/www.sexdollmini.com\/hu\/wp-json\/wp\/v2\/product_cat?post=17543"},{"taxonomy":"product_tag","embeddable":true,"href":"https:\/\/www.sexdollmini.com\/hu\/wp-json\/wp\/v2\/product_tag?post=17543"}],"curies":[{"name":"munkaf\u00fczet","href":"https:\/\/api.w.org\/{rel}","templated":true}]}}