{"id":18893,"date":"2025-09-24T06:08:20","date_gmt":"2025-09-24T13:08:20","guid":{"rendered":"https:\/\/www.sexdollmini.com\/?post_type=product&#038;p=18893"},"modified":"2026-05-07T05:01:39","modified_gmt":"2026-05-07T12:01:39","slug":"ellie-65cm-alien-tpe-sex-doll","status":"publish","type":"product","link":"https:\/\/www.sexdollmini.com\/hu\/termek\/ellie-65cm-alien-tpe-sex-doll\/","title":{"rendered":"Ellie 65cm-es Alien TPE szexbaba"},"content":{"rendered":"<h2>Szexbab\u00e1k r\u00e9szletei<\/h2>\n<p>Ez a 65 cm magas szexbaba f\u00f6ld\u00f6nk\u00edv\u00fcli arcvon\u00e1sokkal rendelkezik, nagy k\u00e9k szemekkel, amelyek aranyos \u00e9s \u00e1rtatlan megjelen\u00e9st k\u00f6lcs\u00f6n\u00f6znek. Amikor f\u00e1radtan \u00e9rsz haza egy hossz\u00fa munkanap ut\u00e1n, egy ilyen \u00e1rtatlan arc l\u00e1tv\u00e1nya azonnal k\u00e9nyelmes \u00e9rz\u00e9st kelthet, \u00e9s megmagyar\u00e1zhatatlanul vonz\u00f3v\u00e1 tehet. A mini szexbaba v\u00e9kony \u00e9s TPE-b\u0151l k\u00e9sz\u00fclt, ami puha, \u00e9leth\u0171 \u00e9rzetet kelt. Ennek az f\u00f6ld\u00f6nk\u00edv\u00fcli szexbab\u00e1nak az \u00e1ra m\u00e9g megfizethet\u0151bb, mint egy \u00e9letnagys\u00e1g\u00fa szexbaba\u00e9.<\/p>\n<p>Magass\u00e1g: 65 cm<br \/>\nS\u00faly: 3,5 kg<br \/>\nMellb\u0151s\u00e9g: 37 cm<br \/>\nDer\u00e9kb\u0151s\u00e9g: 25 cm<br \/>\nCs\u00edp\u0151: 41 cm<br \/>\nH\u00fcvelym\u00e9lys\u00e9g: 10 cm<br \/>\nAn\u00e1lis m\u00e9lys\u00e9g: 10 cm<\/p>\n<p>&nbsp;<\/p>\n<p>K\u00e9rj\u00fck, engedje meg a 2-4 cm-es k\u00e9zi m\u00e9r\u00e9si elt\u00e9r\u00e9st a k\u00e9zi m\u00e9r\u00e9s miatt.<\/p>","protected":false},"excerpt":{"rendered":"<p>A 65 cm-es szexbaba k\u00f6nnyen mozgathat\u00f3, s\u0151t, egy k\u00e9zzel is felveheted vagy leteheted, ami nagyon k\u00e9nyelmes azoknak a j\u00e1t\u00e9kosoknak, akik gyakran utaznak, vagy nehezen tudnak mozogni.<\/p>","protected":false},"featured_media":18915,"comment_status":"open","ping_status":"closed","template":"","meta":[],"product_brand":[],"product_cat":[48,74,49,18,81,24,27,23,70,28,30,38,73,41,82,79,39,66,80,40,31,69,32,77,25,33,29,20,148,21,34,72,19,42,71,76,36,35,84,61,75,37,78],"product_tag":[],"class_list":{"0":"post-18893","1":"product","2":"type-product","3":"status-publish","4":"has-post-thumbnail","6":"product_cat-65cm-sex-dolls","7":"product_cat-6ye-doll","8":"product_cat-70cm-sex-dolls","9":"product_cat-adult-doll","10":"product_cat-aibei-doll","11":"product_cat-american-sex-doll","12":"product_cat-anime-sex-dolls","13":"product_cat-asian-sex-doll","14":"product_cat-axb-doll","15":"product_cat-blonde-sex-doll","16":"product_cat-cheap-sex-doll","17":"product_cat-chubby-sex-dolls","18":"product_cat-climax-doll","19":"product_cat-curvy-sex-dolls","20":"product_cat-dolls-castle","21":"product_cat-elsa-babe","22":"product_cat-fantasy-sex-doll","23":"product_cat-female-sex-dolls","24":"product_cat-fire-doll","25":"product_cat-full-body-sex-dolls","26":"product_cat-full-size-sex-dolls","27":"product_cat-girl-sex-dolls","28":"product_cat-hentai-sex-dolls","29":"product_cat-irontech-sex-dolls","30":"product_cat-japanese-sex-dolls","31":"product_cat-life-like-sex-dolls","32":"product_cat-life-size-sex-dolls","33":"product_cat-love-doll","34":"product_cat-midget-sex-doll","35":"product_cat-miniature-sex-doll","36":"product_cat-petite-sex-dolls","37":"product_cat-qita-doll","38":"product_cat-real-doll","39":"product_cat-skinny-sex-dolls","40":"product_cat-sy-doll","41":"product_cat-tantaly-sex-doll","42":"product_cat-teen-sex-dolls","43":"product_cat-tiny-sex-dolls","44":"product_cat-tpe-sex-dolls","45":"product_cat-us-stock-sex-dolls","46":"product_cat-wm-doll","47":"product_cat-young-sex-dolls","48":"product_cat-zelex-doll","50":"first","51":"instock","52":"sale","53":"shipping-taxable","54":"purchasable","55":"product-type-simple"},"_links":{"self":[{"href":"https:\/\/www.sexdollmini.com\/hu\/wp-json\/wp\/v2\/product\/18893","targetHints":{"allow":["GET"]}}],"collection":[{"href":"https:\/\/www.sexdollmini.com\/hu\/wp-json\/wp\/v2\/product"}],"about":[{"href":"https:\/\/www.sexdollmini.com\/hu\/wp-json\/wp\/v2\/types\/product"}],"replies":[{"embeddable":true,"href":"https:\/\/www.sexdollmini.com\/hu\/wp-json\/wp\/v2\/comments?post=18893"}],"wp:featuredmedia":[{"embeddable":true,"href":"https:\/\/www.sexdollmini.com\/hu\/wp-json\/wp\/v2\/media\/18915"}],"wp:attachment":[{"href":"https:\/\/www.sexdollmini.com\/hu\/wp-json\/wp\/v2\/media?parent=18893"}],"wp:term":[{"taxonomy":"product_brand","embeddable":true,"href":"https:\/\/www.sexdollmini.com\/hu\/wp-json\/wp\/v2\/product_brand?post=18893"},{"taxonomy":"product_cat","embeddable":true,"href":"https:\/\/www.sexdollmini.com\/hu\/wp-json\/wp\/v2\/product_cat?post=18893"},{"taxonomy":"product_tag","embeddable":true,"href":"https:\/\/www.sexdollmini.com\/hu\/wp-json\/wp\/v2\/product_tag?post=18893"}],"curies":[{"name":"munkaf\u00fczet","href":"https:\/\/api.w.org\/{rel}","templated":true}]}}