{"id":18938,"date":"2025-09-24T21:42:17","date_gmt":"2025-09-25T04:42:17","guid":{"rendered":"https:\/\/www.sexdollmini.com\/?post_type=product&#038;p=18938"},"modified":"2026-04-04T21:58:06","modified_gmt":"2026-04-05T04:58:06","slug":"amy-65cm-black-hair-sex-doll","status":"publish","type":"product","link":"https:\/\/www.sexdollmini.com\/hu\/termek\/amy-65cm-black-hair-sex-doll\/","title":{"rendered":"Amy 65 cm-es fekete haj\u00fa szexbaba"},"content":{"rendered":"<h2>Szexbab\u00e1k r\u00e9szletei<\/h2>\n<p>A 65 cm-es szexbaba fekete par\u00f3k\u00e1t visel, amely kiemeli feh\u00e9r b\u0151r\u00e9t. M\u00e1s sz\u00edn\u0171 par\u00f3k\u00e1kat is v\u00e1s\u00e1rolhatsz, hogy a szexbab\u00e1t a saj\u00e1t \u00edzl\u00e9sed szerint form\u00e1zd. A 65 cm-es szexbaba k\u00f6nny\u0171, \u00edgy nem fog leh\u00fazni, \u00e9s az \u00e9lm\u00e9nyt sem fogja rontani a k\u00f6nnyeds\u00e9ge. A kis szexbaba k\u00f6nnyen elf\u00e9r egy erre a c\u00e9lra szolg\u00e1l\u00f3 vitrinben vagy t\u00e1rol\u00f3dobozban, kik\u00fcsz\u00f6b\u00f6lve a t\u00e1rol\u00e1si probl\u00e9m\u00e1kat. A legfontosabb, hogy a mini szexbab\u00e1k sokkal k\u00f6nnyebben haszn\u00e1lhat\u00f3k.<\/p>\n<p>Magass\u00e1g: 65 cm<br \/>\nS\u00faly: 3,5 kg<br \/>\nMellb\u0151s\u00e9g: 37 cm<br \/>\nDer\u00e9kb\u0151s\u00e9g: 25 cm<br \/>\nCs\u00edp\u0151: 41 cm<br \/>\nH\u00fcvelym\u00e9lys\u00e9g: 10 cm<\/p>\n<p>&nbsp;<\/p>\n<p>K\u00e9rj\u00fck, engedje meg a 2-4 cm-es k\u00e9zi m\u00e9r\u00e9si elt\u00e9r\u00e9st a k\u00e9zi m\u00e9r\u00e9s miatt.<\/p>","protected":false},"excerpt":{"rendered":"<p>Amikor szexbab\u00e1t v\u00e1s\u00e1rolsz, v\u00e9letlenszer\u0171 st\u00edlus\u00fa par\u00f3k\u00e1t \u00e9s als\u00f3nem\u0171t kapsz. Fel\u00f6lt\u00f6ztetheted a szexbab\u00e1t, hogy szebb legyen.<\/p>","protected":false},"featured_media":18943,"comment_status":"open","ping_status":"closed","template":"","meta":[],"product_brand":[],"product_cat":[48,74,49,18,81,24,27,23,70,28,30,38,73,41,82,79,39,66,80,40,31,69,32,77,25,33,29,20,148,21,34,72,19,42,71,76,36,35,84,61,75,37,78],"product_tag":[],"class_list":{"0":"post-18938","1":"product","2":"type-product","3":"status-publish","4":"has-post-thumbnail","6":"product_cat-65cm-sex-dolls","7":"product_cat-6ye-doll","8":"product_cat-70cm-sex-dolls","9":"product_cat-adult-doll","10":"product_cat-aibei-doll","11":"product_cat-american-sex-doll","12":"product_cat-anime-sex-dolls","13":"product_cat-asian-sex-doll","14":"product_cat-axb-doll","15":"product_cat-blonde-sex-doll","16":"product_cat-cheap-sex-doll","17":"product_cat-chubby-sex-dolls","18":"product_cat-climax-doll","19":"product_cat-curvy-sex-dolls","20":"product_cat-dolls-castle","21":"product_cat-elsa-babe","22":"product_cat-fantasy-sex-doll","23":"product_cat-female-sex-dolls","24":"product_cat-fire-doll","25":"product_cat-full-body-sex-dolls","26":"product_cat-full-size-sex-dolls","27":"product_cat-girl-sex-dolls","28":"product_cat-hentai-sex-dolls","29":"product_cat-irontech-sex-dolls","30":"product_cat-japanese-sex-dolls","31":"product_cat-life-like-sex-dolls","32":"product_cat-life-size-sex-dolls","33":"product_cat-love-doll","34":"product_cat-midget-sex-doll","35":"product_cat-miniature-sex-doll","36":"product_cat-petite-sex-dolls","37":"product_cat-qita-doll","38":"product_cat-real-doll","39":"product_cat-skinny-sex-dolls","40":"product_cat-sy-doll","41":"product_cat-tantaly-sex-doll","42":"product_cat-teen-sex-dolls","43":"product_cat-tiny-sex-dolls","44":"product_cat-tpe-sex-dolls","45":"product_cat-us-stock-sex-dolls","46":"product_cat-wm-doll","47":"product_cat-young-sex-dolls","48":"product_cat-zelex-doll","50":"first","51":"instock","52":"sale","53":"shipping-taxable","54":"purchasable","55":"product-type-simple"},"_links":{"self":[{"href":"https:\/\/www.sexdollmini.com\/hu\/wp-json\/wp\/v2\/product\/18938","targetHints":{"allow":["GET"]}}],"collection":[{"href":"https:\/\/www.sexdollmini.com\/hu\/wp-json\/wp\/v2\/product"}],"about":[{"href":"https:\/\/www.sexdollmini.com\/hu\/wp-json\/wp\/v2\/types\/product"}],"replies":[{"embeddable":true,"href":"https:\/\/www.sexdollmini.com\/hu\/wp-json\/wp\/v2\/comments?post=18938"}],"wp:featuredmedia":[{"embeddable":true,"href":"https:\/\/www.sexdollmini.com\/hu\/wp-json\/wp\/v2\/media\/18943"}],"wp:attachment":[{"href":"https:\/\/www.sexdollmini.com\/hu\/wp-json\/wp\/v2\/media?parent=18938"}],"wp:term":[{"taxonomy":"product_brand","embeddable":true,"href":"https:\/\/www.sexdollmini.com\/hu\/wp-json\/wp\/v2\/product_brand?post=18938"},{"taxonomy":"product_cat","embeddable":true,"href":"https:\/\/www.sexdollmini.com\/hu\/wp-json\/wp\/v2\/product_cat?post=18938"},{"taxonomy":"product_tag","embeddable":true,"href":"https:\/\/www.sexdollmini.com\/hu\/wp-json\/wp\/v2\/product_tag?post=18938"}],"curies":[{"name":"munkaf\u00fczet","href":"https:\/\/api.w.org\/{rel}","templated":true}]}}