{"id":19402,"date":"2025-10-19T10:43:29","date_gmt":"2025-10-19T17:43:29","guid":{"rendered":"https:\/\/www.sexdollmini.com\/?post_type=product&#038;p=19402"},"modified":"2026-05-07T05:01:11","modified_gmt":"2026-05-07T12:01:11","slug":"eira-real-flat-chested-sex-doll","status":"publish","type":"product","link":"https:\/\/www.sexdollmini.com\/hu\/termek\/eira-real-flat-chested-sex-doll\/","title":{"rendered":"Eira igazi lapos mellkas szexbaba"},"content":{"rendered":"<h2>Szexbab\u00e1k r\u00e9szletei<\/h2>\n<p>A lapos mell\u0171 szexbaba 22 \u00e9ves, \u00e9s term\u00e9szetesen kicsi, lapos mellekkel rendelkezik. Amikor az igazi szexbaba lehunyja a szem\u00e9t, \u00fagy n\u00e9z ki, mintha mindent \u00e9lvezne. Egy csukott szem\u0171 szexbaba nagyon szexi \u00e9s \u00e9leth\u0171 tud lenni.<\/p>\n<p>&nbsp;<\/p>\n<p>Magass\u00e1g: 100 cm<br \/>\nMellb\u0151s\u00e9g: 49 cm<br \/>\nDer\u00e9k: 39 cm<br \/>\nCs\u00edp\u0151: 59 cm<br \/>\nV\u00e9gb\u00e9lny\u00edl\u00e1s m\u00e9lys\u00e9ge: 11cm<br \/>\nH\u00fcvely m\u00e9lys\u00e9ge: 14 cm<br \/>\nSz\u00e1jm\u00e9lys\u00e9g: 10 cm<br \/>\nNett\u00f3 s\u00faly: 13 kg<br \/>\nBrutt\u00f3 s\u00faly: 15 kg<\/p>\n<p>&nbsp;<\/p>\n<p>K\u00e9rj\u00fck, engedje meg a 2-4 cm-es k\u00e9zi m\u00e9r\u00e9si elt\u00e9r\u00e9st a k\u00e9zi m\u00e9r\u00e9s miatt.<\/p>","protected":false},"excerpt":{"rendered":"<p>Amikor meztelen szexbab\u00e1t kapsz, fel\u00f6lt\u00f6ztetheted, p\u00e9ld\u00e1ul felvehetsz csinos ruh\u00e1kat, par\u00f3k\u00e1t \u00e9s sminket k\u00e9sz\u00edthetsz. Ezek a nem felt\u0171n\u0151 r\u00e9szletek realisztikusabb\u00e1 tehetik a szexbab\u00e1t.<\/p>","protected":false},"featured_media":19405,"comment_status":"open","ping_status":"closed","template":"","meta":[],"product_brand":[],"product_cat":[53,74,18,81,24,27,23,70,28,30,38,73,41,82,79,62,26,39,66,80,43,40,31,69,32,77,25,33,29,20,21,34,72,19,42,44,71,76,36,35,84,61,75,37,78],"product_tag":[],"class_list":{"0":"post-19402","1":"product","2":"type-product","3":"status-publish","4":"has-post-thumbnail","6":"product_cat-100cm-sex-dolls","7":"product_cat-6ye-doll","8":"product_cat-adult-doll","9":"product_cat-aibei-doll","10":"product_cat-american-sex-doll","11":"product_cat-anime-sex-dolls","12":"product_cat-asian-sex-doll","13":"product_cat-axb-doll","14":"product_cat-blonde-sex-doll","15":"product_cat-cheap-sex-doll","16":"product_cat-chubby-sex-dolls","17":"product_cat-climax-doll","18":"product_cat-curvy-sex-dolls","19":"product_cat-dolls-castle","20":"product_cat-elsa-babe","21":"product_cat-eu-stock-sex-doll","22":"product_cat-european-sex-dolls","23":"product_cat-fantasy-sex-doll","24":"product_cat-female-sex-dolls","25":"product_cat-fire-doll","26":"product_cat-flat-chested-sex-doll","27":"product_cat-full-body-sex-dolls","28":"product_cat-full-size-sex-dolls","29":"product_cat-girl-sex-dolls","30":"product_cat-hentai-sex-dolls","31":"product_cat-irontech-sex-dolls","32":"product_cat-japanese-sex-dolls","33":"product_cat-life-like-sex-dolls","34":"product_cat-life-size-sex-dolls","35":"product_cat-love-doll","36":"product_cat-miniature-sex-doll","37":"product_cat-petite-sex-dolls","38":"product_cat-qita-doll","39":"product_cat-real-doll","40":"product_cat-skinny-sex-dolls","41":"product_cat-small-breast-sex-doll","42":"product_cat-sy-doll","43":"product_cat-tantaly-sex-doll","44":"product_cat-teen-sex-dolls","45":"product_cat-tiny-sex-dolls","46":"product_cat-tpe-sex-dolls","47":"product_cat-us-stock-sex-dolls","48":"product_cat-wm-doll","49":"product_cat-young-sex-dolls","50":"product_cat-zelex-doll","52":"first","53":"instock","54":"sale","55":"shipping-taxable","56":"purchasable","57":"product-type-simple"},"_links":{"self":[{"href":"https:\/\/www.sexdollmini.com\/hu\/wp-json\/wp\/v2\/product\/19402","targetHints":{"allow":["GET"]}}],"collection":[{"href":"https:\/\/www.sexdollmini.com\/hu\/wp-json\/wp\/v2\/product"}],"about":[{"href":"https:\/\/www.sexdollmini.com\/hu\/wp-json\/wp\/v2\/types\/product"}],"replies":[{"embeddable":true,"href":"https:\/\/www.sexdollmini.com\/hu\/wp-json\/wp\/v2\/comments?post=19402"}],"wp:featuredmedia":[{"embeddable":true,"href":"https:\/\/www.sexdollmini.com\/hu\/wp-json\/wp\/v2\/media\/19405"}],"wp:attachment":[{"href":"https:\/\/www.sexdollmini.com\/hu\/wp-json\/wp\/v2\/media?parent=19402"}],"wp:term":[{"taxonomy":"product_brand","embeddable":true,"href":"https:\/\/www.sexdollmini.com\/hu\/wp-json\/wp\/v2\/product_brand?post=19402"},{"taxonomy":"product_cat","embeddable":true,"href":"https:\/\/www.sexdollmini.com\/hu\/wp-json\/wp\/v2\/product_cat?post=19402"},{"taxonomy":"product_tag","embeddable":true,"href":"https:\/\/www.sexdollmini.com\/hu\/wp-json\/wp\/v2\/product_tag?post=19402"}],"curies":[{"name":"munkaf\u00fczet","href":"https:\/\/api.w.org\/{rel}","templated":true}]}}