{"id":15946,"date":"2025-05-23T06:35:30","date_gmt":"2025-05-23T13:35:30","guid":{"rendered":"https:\/\/www.sexdollmini.com\/?post_type=product&#038;p=15946"},"modified":"2026-05-01T19:07:51","modified_gmt":"2026-05-02T02:07:51","slug":"queenie-flat-chest-flexible-sex-doll","status":"publish","type":"product","link":"https:\/\/www.sexdollmini.com\/is\/product\/queenie-flat-chest-flexible-sex-doll\/","title":{"rendered":"Queenie me\u00f0 flatri bringu og sveigjanlegri kynl\u00edfsd\u00fakku"},"content":{"rendered":"<h2>Uppl\u00fdsingar um kynl\u00edfsd\u00fakkur<\/h2>\n<p>Kynl\u00edfsd\u00fakkan er 20 \u00e1ra g\u00f6mul, full l\u00edkama kynl\u00edfsd\u00fakkan er mj\u00f6g trygg eiganda s\u00ednum, h\u00fan elskar a\u00f0 vera me\u00f0 honum og gera allt, h\u00fan n\u00fdtur \u00feess g\u00f3\u00f0a \u00ed l\u00edfinu og enn meira, h\u00fan n\u00fdtur alls sem \u00fe\u00fa f\u00e6rir henni. Kynl\u00edfsd\u00fakkur geta veri\u00f0 hlj\u00f3\u00f0ar og hlusta\u00f0 \u00e1 allt sem \u00fe\u00fa segir og hafa ekki neinar sl\u00e6mar tilfinningar. Kynl\u00edfsd\u00fakkur \u00feurfa ekki f\u00e9lagsm\u00f3tun, sem gerir l\u00edf \u00feitt miklu au\u00f0veldara.<\/p>\n<p>&nbsp;<\/p>\n<p>H\u00e6\u00f0: 100 cm<br \/>\nBrj\u00f3st: 46 cm<br \/>\nMitti: 38 cm<br \/>\nMja\u00f0mir: 59 cm<br \/>\nD\u00fdpt enda\u00fearms: 8 cm<br \/>\nD\u00fdpt legg\u00f6ngu: 14 cm<br \/>\nMunnd\u00fdpt: 12 cm<br \/>\nNett\u00f3\u00feyngd: 13 kg<br \/>\nHeildar\u00feyngd: 15 kg<\/p>\n<p>&nbsp;<\/p>\n<p>H\u00e6\u00f0: 125 cm<br \/>\nBrj\u00f3st: 55 cm<br \/>\nMitti: 42 cm<br \/>\nMja\u00f0mir: 62 cm<br \/>\nD\u00fdpt enda\u00fearms: 16 cm<br \/>\nD\u00fdpt legg\u00f6ngu: 17 cm<br \/>\nMunnd\u00fdpt: 12 cm<br \/>\nNett\u00f3\u00feyngd: 17 kg<br \/>\nHeildar\u00feyngd: 20 kg<\/p>\n<p>&nbsp;<\/p>\n<p>&nbsp;<\/p>\n<p>Vinsamlegast leyfi\u00f0 2-4 cm mismun \u00e1 handvirkri m\u00e6lingu vegna handvirkrar m\u00e6lingar.<\/p>","protected":false},"excerpt":{"rendered":"<p>H\u00fa\u00f0 TPE kynl\u00edfsd\u00fakkna er mj\u00fak og teygjanleg. \u00deegar \u00fe\u00fa annast kynl\u00edfsd\u00fakkur getur\u00f0u nota\u00f0 talk\u00famduft til a\u00f0 halda h\u00fa\u00f0 kynl\u00edfsd\u00fakknanna \u00feurri og lengja l\u00edft\u00edma \u00feeirra.<\/p>","protected":false},"featured_media":15964,"comment_status":"open","ping_status":"closed","template":"","meta":[],"product_brand":[],"product_cat":[53,56,57,74,18,81,24,27,23,64,70,28,65,30,38,73,41,82,79,62,26,39,66,80,43,40,31,69,32,77,25,33,29,20,21,34,72,19,42,44,71,76,36,35,84,63,61,75,37,78],"product_tag":[],"class_list":{"0":"post-15946","1":"product","2":"type-product","3":"status-publish","4":"has-post-thumbnail","6":"product_cat-100cm-sex-dolls","7":"product_cat-120cm-sex-dolls","8":"product_cat-125cm-sex-dolls","9":"product_cat-6ye-doll","10":"product_cat-adult-doll","11":"product_cat-aibei-doll","12":"product_cat-american-sex-doll","13":"product_cat-anime-sex-dolls","14":"product_cat-asian-sex-doll","15":"product_cat-australia-stock-sex-doll","16":"product_cat-axb-doll","17":"product_cat-blonde-sex-doll","18":"product_cat-canada-stock-sex-doll","19":"product_cat-cheap-sex-doll","20":"product_cat-chubby-sex-dolls","21":"product_cat-climax-doll","22":"product_cat-curvy-sex-dolls","23":"product_cat-dolls-castle","24":"product_cat-elsa-babe","25":"product_cat-eu-stock-sex-doll","26":"product_cat-european-sex-dolls","27":"product_cat-fantasy-sex-doll","28":"product_cat-female-sex-dolls","29":"product_cat-fire-doll","30":"product_cat-flat-chested-sex-doll","31":"product_cat-full-body-sex-dolls","32":"product_cat-full-size-sex-dolls","33":"product_cat-girl-sex-dolls","34":"product_cat-hentai-sex-dolls","35":"product_cat-irontech-sex-dolls","36":"product_cat-japanese-sex-dolls","37":"product_cat-life-like-sex-dolls","38":"product_cat-life-size-sex-dolls","39":"product_cat-love-doll","40":"product_cat-miniature-sex-doll","41":"product_cat-petite-sex-dolls","42":"product_cat-qita-doll","43":"product_cat-real-doll","44":"product_cat-skinny-sex-dolls","45":"product_cat-small-breast-sex-doll","46":"product_cat-sy-doll","47":"product_cat-tantaly-sex-doll","48":"product_cat-teen-sex-dolls","49":"product_cat-tiny-sex-dolls","50":"product_cat-tpe-sex-dolls","51":"product_cat-uk-stock-sex-doll","52":"product_cat-us-stock-sex-dolls","53":"product_cat-wm-doll","54":"product_cat-young-sex-dolls","55":"product_cat-zelex-doll","57":"first","58":"instock","59":"sale","60":"shipping-taxable","61":"purchasable","62":"product-type-variable","63":"has-default-attributes"},"_links":{"self":[{"href":"https:\/\/www.sexdollmini.com\/is\/wp-json\/wp\/v2\/product\/15946","targetHints":{"allow":["GET"]}}],"collection":[{"href":"https:\/\/www.sexdollmini.com\/is\/wp-json\/wp\/v2\/product"}],"about":[{"href":"https:\/\/www.sexdollmini.com\/is\/wp-json\/wp\/v2\/types\/product"}],"replies":[{"embeddable":true,"href":"https:\/\/www.sexdollmini.com\/is\/wp-json\/wp\/v2\/comments?post=15946"}],"wp:featuredmedia":[{"embeddable":true,"href":"https:\/\/www.sexdollmini.com\/is\/wp-json\/wp\/v2\/media\/15964"}],"wp:attachment":[{"href":"https:\/\/www.sexdollmini.com\/is\/wp-json\/wp\/v2\/media?parent=15946"}],"wp:term":[{"taxonomy":"product_brand","embeddable":true,"href":"https:\/\/www.sexdollmini.com\/is\/wp-json\/wp\/v2\/product_brand?post=15946"},{"taxonomy":"product_cat","embeddable":true,"href":"https:\/\/www.sexdollmini.com\/is\/wp-json\/wp\/v2\/product_cat?post=15946"},{"taxonomy":"product_tag","embeddable":true,"href":"https:\/\/www.sexdollmini.com\/is\/wp-json\/wp\/v2\/product_tag?post=15946"}],"curies":[{"name":"wp","href":"https:\/\/api.w.org\/{rel}","templated":true}]}}