{"id":16141,"date":"2025-05-29T07:26:42","date_gmt":"2025-05-29T14:26:42","guid":{"rendered":"https:\/\/www.sexdollmini.com\/?post_type=product&#038;p=16141"},"modified":"2026-05-09T14:05:37","modified_gmt":"2026-05-09T21:05:37","slug":"wanderer-135cm-love-breast-sex-doll","status":"publish","type":"product","link":"https:\/\/www.sexdollmini.com\/is\/product\/wanderer-135cm-love-breast-sex-doll\/","title":{"rendered":"Wanderer 135cm \u00c1starbrj\u00f3sta kynl\u00edfsd\u00fakka"},"content":{"rendered":"<h2>Uppl\u00fdsingar um kynl\u00edfsd\u00fakkur<\/h2>\n<p>Kynl\u00edfsd\u00fakkan er \u00far TPE efni. \u00de\u00fa getur reglulega skipt um h\u00e1rkollu, f\u00f6t og f\u00f6r\u00f0un \u00e1 kynl\u00edfsd\u00fakkunni til a\u00f0 skapa mismunandi st\u00edl.<br \/>\n\u00deessi flatbrj\u00f3sta kynl\u00edfsd\u00fakka, 135 cm \u00e1 h\u00e6\u00f0, sparar \u00fe\u00e9r t\u00edma og fyrirh\u00f6fn vi\u00f0 \u00ferif og vi\u00f0hald kynl\u00edfsd\u00fakkunnar vegna me\u00f0alh\u00e6\u00f0ar hennar. Ef \u00fe\u00fa ert einhleyp\/ur e\u00f0a \u00ed langt\u00edmasambandi getur \u00e1starkynl\u00edfsd\u00fakka veitt \u00fe\u00e9r tilfinningalegan f\u00e9lagsskap og dregi\u00f0 verulega \u00far einmanaleika.<\/p>\n<p>&nbsp;<\/p>\n<p>H\u00e6\u00f0: 135 cm<br \/>\nBrj\u00f3st: 57 cm<br \/>\nMitti: 50 cm<br \/>\nMja\u00f0mir: 69 cm<br \/>\nD\u00fdpt enda\u00fearms: 17 cm<br \/>\nD\u00fdpt legg\u00f6ngu: 17 cm<br \/>\nMunnd\u00fdpt: 12 cm<br \/>\nNett\u00f3\u00feyngd: 22 kg<br \/>\nHeildar\u00feyngd: 27 kg<\/p>\n<p>&nbsp;<\/p>\n<p>Vinsamlegast leyfi\u00f0 2-4 cm mismun \u00e1 handvirkri m\u00e6lingu vegna handvirkrar m\u00e6lingar.<\/p>","protected":false},"excerpt":{"rendered":"<p>As\u00edska \u00e1stard\u00fakkan er 135 cm \u00e1 h\u00e6\u00f0 og au\u00f0velt er a\u00f0 setja hana \u00ed b\u00edlinn \u00feegar fari\u00f0 er \u00fat. Hv\u00edta h\u00fa\u00f0in gerir hana l\u00edflega og s\u00e6ta.<\/p>","protected":false},"featured_media":16145,"comment_status":"open","ping_status":"closed","template":"","meta":[],"product_brand":[],"product_cat":[58,145,59,74,18,81,24,27,23,70,28,30,38,73,41,82,79,62,26,39,66,80,43,40,31,69,32,77,25,33,29,20,21,34,72,19,42,44,71,76,36,35,84,61,75,37,78],"product_tag":[],"class_list":{"0":"post-16141","1":"product","2":"type-product","3":"status-publish","4":"has-post-thumbnail","6":"product_cat-130cm-sex-dolls","7":"product_cat-135cm-sex-doll","8":"product_cat-140cm-sex-dolls","9":"product_cat-6ye-doll","10":"product_cat-adult-doll","11":"product_cat-aibei-doll","12":"product_cat-american-sex-doll","13":"product_cat-anime-sex-dolls","14":"product_cat-asian-sex-doll","15":"product_cat-axb-doll","16":"product_cat-blonde-sex-doll","17":"product_cat-cheap-sex-doll","18":"product_cat-chubby-sex-dolls","19":"product_cat-climax-doll","20":"product_cat-curvy-sex-dolls","21":"product_cat-dolls-castle","22":"product_cat-elsa-babe","23":"product_cat-eu-stock-sex-doll","24":"product_cat-european-sex-dolls","25":"product_cat-fantasy-sex-doll","26":"product_cat-female-sex-dolls","27":"product_cat-fire-doll","28":"product_cat-flat-chested-sex-doll","29":"product_cat-full-body-sex-dolls","30":"product_cat-full-size-sex-dolls","31":"product_cat-girl-sex-dolls","32":"product_cat-hentai-sex-dolls","33":"product_cat-irontech-sex-dolls","34":"product_cat-japanese-sex-dolls","35":"product_cat-life-like-sex-dolls","36":"product_cat-life-size-sex-dolls","37":"product_cat-love-doll","38":"product_cat-miniature-sex-doll","39":"product_cat-petite-sex-dolls","40":"product_cat-qita-doll","41":"product_cat-real-doll","42":"product_cat-skinny-sex-dolls","43":"product_cat-small-breast-sex-doll","44":"product_cat-sy-doll","45":"product_cat-tantaly-sex-doll","46":"product_cat-teen-sex-dolls","47":"product_cat-tiny-sex-dolls","48":"product_cat-tpe-sex-dolls","49":"product_cat-us-stock-sex-dolls","50":"product_cat-wm-doll","51":"product_cat-young-sex-dolls","52":"product_cat-zelex-doll","54":"first","55":"instock","56":"sale","57":"shipping-taxable","58":"purchasable","59":"product-type-simple"},"_links":{"self":[{"href":"https:\/\/www.sexdollmini.com\/is\/wp-json\/wp\/v2\/product\/16141","targetHints":{"allow":["GET"]}}],"collection":[{"href":"https:\/\/www.sexdollmini.com\/is\/wp-json\/wp\/v2\/product"}],"about":[{"href":"https:\/\/www.sexdollmini.com\/is\/wp-json\/wp\/v2\/types\/product"}],"replies":[{"embeddable":true,"href":"https:\/\/www.sexdollmini.com\/is\/wp-json\/wp\/v2\/comments?post=16141"}],"wp:featuredmedia":[{"embeddable":true,"href":"https:\/\/www.sexdollmini.com\/is\/wp-json\/wp\/v2\/media\/16145"}],"wp:attachment":[{"href":"https:\/\/www.sexdollmini.com\/is\/wp-json\/wp\/v2\/media?parent=16141"}],"wp:term":[{"taxonomy":"product_brand","embeddable":true,"href":"https:\/\/www.sexdollmini.com\/is\/wp-json\/wp\/v2\/product_brand?post=16141"},{"taxonomy":"product_cat","embeddable":true,"href":"https:\/\/www.sexdollmini.com\/is\/wp-json\/wp\/v2\/product_cat?post=16141"},{"taxonomy":"product_tag","embeddable":true,"href":"https:\/\/www.sexdollmini.com\/is\/wp-json\/wp\/v2\/product_tag?post=16141"}],"curies":[{"name":"wp","href":"https:\/\/api.w.org\/{rel}","templated":true}]}}