{"id":16242,"date":"2025-06-08T21:49:12","date_gmt":"2025-06-09T04:49:12","guid":{"rendered":"https:\/\/www.sexdollmini.com\/?post_type=product&#038;p=16242"},"modified":"2025-09-11T00:15:59","modified_gmt":"2025-09-11T07:15:59","slug":"island-big-boobs-asian-sex-doll","status":"publish","type":"product","link":"https:\/\/www.sexdollmini.com\/is\/product\/island-big-boobs-asian-sex-doll\/","title":{"rendered":"As\u00edsk kynl\u00edfsd\u00fakka me\u00f0 st\u00f3r brj\u00f3st \u00e1 eyjunni"},"content":{"rendered":"<h2>Uppl\u00fdsingar um kynl\u00edfsd\u00fakkur<\/h2>\n<p>Er maki sem \u00fe\u00fa \u00fer\u00e1ir \u00ed hjarta \u00fe\u00ednu s\u00e1 sami og kynl\u00edfsd\u00fakkan Island, sem hefur risast\u00f3r brj\u00f3st og l\u00edtinn l\u00edkama? Dag einn var rigningarrigning \u00fati og kynl\u00edfsd\u00fakkan me\u00f0 st\u00f3r brj\u00f3st var vafi\u00f0 inn \u00ed mj\u00fakt teppi, \u00e1 me\u00f0an \u00fe\u00fa varst a\u00f0 lesa upp\u00e1haldsb\u00f3k vi\u00f0 hli\u00f0ina \u00e1 henni, me\u00f0 bolla af heitu kaffi vi\u00f0 hli\u00f0ina \u00e1. Hlj\u00f3\u00f0i\u00f0 af rigningu var\u00f0 a\u00f0 besta hv\u00edta h\u00e1va\u00f0anum og t\u00edminn virtist st\u00f6\u00f0vast \u00e1 \u00feessari stundu, sem var mj\u00f6g fallegt. Ef \u00fe\u00fa vilt virkilega r\u00f3legan maka g\u00e6tir\u00f0u \u00edhuga\u00f0 kynl\u00edfsd\u00fakkuna Island.<\/p>\n<p>H\u00e6\u00f0: 100 cm<br \/>\nBrj\u00f3st: 63 cm<br \/>\nMitti: 43 cm<br \/>\nMja\u00f0mir: 64 cm<br \/>\nD\u00fdpt enda\u00fearms: 13 cm<br \/>\nD\u00fdpt legg\u00f6ngu: 13 cm<br \/>\nMunnd\u00fdpt: 10 cm<br \/>\nNett\u00f3\u00feyngd: 14 kg<br \/>\nHeildar\u00feyngd: 17 kg<\/p>\n<p>&nbsp;<\/p>\n<p>Vinsamlegast leyfi\u00f0 2-4 cm mismun \u00e1 handvirkri m\u00e6lingu vegna handvirkrar m\u00e6lingar.<\/p>","protected":false},"excerpt":{"rendered":"<p>\u00deegar \u00fe\u00fa ert me\u00f0 100 cm kynl\u00edfsd\u00fakku, \u00feegar \u00fe\u00fa lendir \u00ed sorglegum hlutum e\u00f0a \u00feegar \u00fe\u00fa ert \u00fereytt\/ur e\u00f0a gl\u00f6\u00f0\/ur, \u00fe\u00e1 getur \u00fe\u00e9tt fa\u00f0mlag me\u00f0 kynl\u00edfsd\u00fakkunni br\u00e6tt allar tilfinningar \u00fe\u00ednar samstundis. \u00c1 \u00feessari stundu er allt \u00ed l\u00edfinu fallegt.<\/p>","protected":false},"featured_media":16350,"comment_status":"open","ping_status":"closed","template":"","meta":[],"product_brand":[],"product_cat":[53,74,18,81,24,27,23,64,70,28,65,30,38,73,41,82,79,62,26,39,66,80,40,31,69,32,77,25,33,29,20,21,34,72,19,42,71,76,36,35,84,63,61,75,37,78],"product_tag":[],"class_list":{"0":"post-16242","1":"product","2":"type-product","3":"status-publish","4":"has-post-thumbnail","6":"product_cat-100cm-sex-dolls","7":"product_cat-6ye-doll","8":"product_cat-adult-doll","9":"product_cat-aibei-doll","10":"product_cat-american-sex-doll","11":"product_cat-anime-sex-dolls","12":"product_cat-asian-sex-doll","13":"product_cat-australia-stock-sex-doll","14":"product_cat-axb-doll","15":"product_cat-blonde-sex-doll","16":"product_cat-canada-stock-sex-doll","17":"product_cat-cheap-sex-doll","18":"product_cat-chubby-sex-dolls","19":"product_cat-climax-doll","20":"product_cat-curvy-sex-dolls","21":"product_cat-dolls-castle","22":"product_cat-elsa-babe","23":"product_cat-eu-stock-sex-doll","24":"product_cat-european-sex-dolls","25":"product_cat-fantasy-sex-doll","26":"product_cat-female-sex-dolls","27":"product_cat-fire-doll","28":"product_cat-full-body-sex-dolls","29":"product_cat-full-size-sex-dolls","30":"product_cat-girl-sex-dolls","31":"product_cat-hentai-sex-dolls","32":"product_cat-irontech-sex-dolls","33":"product_cat-japanese-sex-dolls","34":"product_cat-life-like-sex-dolls","35":"product_cat-life-size-sex-dolls","36":"product_cat-love-doll","37":"product_cat-miniature-sex-doll","38":"product_cat-petite-sex-dolls","39":"product_cat-qita-doll","40":"product_cat-real-doll","41":"product_cat-skinny-sex-dolls","42":"product_cat-sy-doll","43":"product_cat-tantaly-sex-doll","44":"product_cat-teen-sex-dolls","45":"product_cat-tiny-sex-dolls","46":"product_cat-tpe-sex-dolls","47":"product_cat-uk-stock-sex-doll","48":"product_cat-us-stock-sex-dolls","49":"product_cat-wm-doll","50":"product_cat-young-sex-dolls","51":"product_cat-zelex-doll","53":"first","54":"instock","55":"sale","56":"shipping-taxable","57":"purchasable","58":"product-type-simple"},"_links":{"self":[{"href":"https:\/\/www.sexdollmini.com\/is\/wp-json\/wp\/v2\/product\/16242","targetHints":{"allow":["GET"]}}],"collection":[{"href":"https:\/\/www.sexdollmini.com\/is\/wp-json\/wp\/v2\/product"}],"about":[{"href":"https:\/\/www.sexdollmini.com\/is\/wp-json\/wp\/v2\/types\/product"}],"replies":[{"embeddable":true,"href":"https:\/\/www.sexdollmini.com\/is\/wp-json\/wp\/v2\/comments?post=16242"}],"wp:featuredmedia":[{"embeddable":true,"href":"https:\/\/www.sexdollmini.com\/is\/wp-json\/wp\/v2\/media\/16350"}],"wp:attachment":[{"href":"https:\/\/www.sexdollmini.com\/is\/wp-json\/wp\/v2\/media?parent=16242"}],"wp:term":[{"taxonomy":"product_brand","embeddable":true,"href":"https:\/\/www.sexdollmini.com\/is\/wp-json\/wp\/v2\/product_brand?post=16242"},{"taxonomy":"product_cat","embeddable":true,"href":"https:\/\/www.sexdollmini.com\/is\/wp-json\/wp\/v2\/product_cat?post=16242"},{"taxonomy":"product_tag","embeddable":true,"href":"https:\/\/www.sexdollmini.com\/is\/wp-json\/wp\/v2\/product_tag?post=16242"}],"curies":[{"name":"wp","href":"https:\/\/api.w.org\/{rel}","templated":true}]}}