{"id":16369,"date":"2025-06-12T00:16:03","date_gmt":"2025-06-12T07:16:03","guid":{"rendered":"https:\/\/www.sexdollmini.com\/?post_type=product&#038;p=16369"},"modified":"2026-05-04T21:01:27","modified_gmt":"2026-05-05T04:01:27","slug":"blackbird-closed-eyes-bbw-sex-doll","status":"publish","type":"product","link":"https:\/\/www.sexdollmini.com\/is\/product\/blackbird-closed-eyes-bbw-sex-doll\/","title":{"rendered":"Blackbird loku\u00f0 augu bbw kynl\u00edfsd\u00fakkur"},"content":{"rendered":"<h2>Uppl\u00fdsingar um kynl\u00edfsd\u00fakkur<\/h2>\n<p>\u00deessi 108 cm h\u00e1a BBW kynl\u00edfsd\u00fakka l\u00edtur \u00fat eins og ol\u00edum\u00e1lverk \u00ed rau\u00f0um n\u00e1ttkj\u00f3l. \u00deybbnar l\u00ednur l\u00edkama hennar hylja gl\u00e6sileika og styrk, sem gerir hana svo fallega a\u00f0 f\u00f3lk getur ekki teki\u00f0 augun af henni. Closed Eyes kynl\u00edfsd\u00fakkan er me\u00f0 kringl\u00f3tta perlulaga l\u00edkamsbyggingu, l\u00e1gvaxin en kringl\u00f3tt \u00ed laginu. H\u00fan l\u00edtur \u00fat eins og bl\u00ed\u00f0 og vinaleg st\u00f3r kona. Brj\u00f3stin \u00e1 kynl\u00edfsd\u00fakkunni eru n\u00f3gu st\u00f3r. Ef \u00fe\u00e9r l\u00edkar tilfinningin af brj\u00f3stum sem klemma typpi\u00f0 \u00feitt, \u00fe\u00e1 er \u00feessi kynl\u00edfsd\u00fakka g\u00f3\u00f0ur kostur.<\/p>\n<p>H\u00e6\u00f0: 108 cm<br \/>\nBrj\u00f3st: 81 cm<br \/>\nMitti: 46 cm<br \/>\nMja\u00f0mir: 80 cm<br \/>\nNett\u00f3\u00feyngd: 22 kg<br \/>\nHeildar\u00feyngd: 26 kg<br \/>\nP\u00f6kkun 100 * 36 * 26 cm<br \/>\nLengd legg\u00f6ngu: 15 cm<br \/>\nAnus: 13 cm<br \/>\nMunnm\u00f6k: 10 cm<\/p>\n<p>&nbsp;<\/p>\n<p>Vinsamlegast leyfi\u00f0 2-4 cm mismun \u00e1 handvirkri m\u00e6lingu vegna handvirkrar m\u00e6lingar.<\/p>","protected":false},"excerpt":{"rendered":"<p>Ef \u00fe\u00fa k\u00fdst st\u00f3r brj\u00f3st og st\u00f3ra rass, en ekki kynl\u00edfsd\u00fakkur sem eru of h\u00e1ar e\u00f0a of \u00feungar, \u00fe\u00e1 g\u00e6tu h\u00f6nnunarhlutf\u00f6ll \u00feessarar kynl\u00edfsd\u00fakku veri\u00f0 kynl\u00edfsd\u00fakkan sem \u00fe\u00fa vilt. 108 cm kynl\u00edfsd\u00fakkan er au\u00f0veld \u00ed flutningi og geymslu, og brj\u00f3stin og rassinn eru st\u00f3r og h\u00e6gt er a\u00f0 hno\u00f0a \u00fe\u00e6r a\u00f0 vild.<\/p>","protected":false},"featured_media":16389,"comment_status":"open","ping_status":"closed","template":"","meta":[],"product_brand":[],"product_cat":[54,74,18,81,24,27,23,70,22,28,30,38,73,41,82,79,62,26,39,66,80,40,31,69,32,77,25,33,29,20,72,19,71,76,36,35,84,61,75,37,78],"product_tag":[],"class_list":{"0":"post-16369","1":"product","2":"type-product","3":"status-publish","4":"has-post-thumbnail","6":"product_cat-108cm-sex-dolls","7":"product_cat-6ye-doll","8":"product_cat-adult-doll","9":"product_cat-aibei-doll","10":"product_cat-american-sex-doll","11":"product_cat-anime-sex-dolls","12":"product_cat-asian-sex-doll","13":"product_cat-axb-doll","14":"product_cat-bbw-sex-doll","15":"product_cat-blonde-sex-doll","16":"product_cat-cheap-sex-doll","17":"product_cat-chubby-sex-dolls","18":"product_cat-climax-doll","19":"product_cat-curvy-sex-dolls","20":"product_cat-dolls-castle","21":"product_cat-elsa-babe","22":"product_cat-eu-stock-sex-doll","23":"product_cat-european-sex-dolls","24":"product_cat-fantasy-sex-doll","25":"product_cat-female-sex-dolls","26":"product_cat-fire-doll","27":"product_cat-full-body-sex-dolls","28":"product_cat-full-size-sex-dolls","29":"product_cat-girl-sex-dolls","30":"product_cat-hentai-sex-dolls","31":"product_cat-irontech-sex-dolls","32":"product_cat-japanese-sex-dolls","33":"product_cat-life-like-sex-dolls","34":"product_cat-life-size-sex-dolls","35":"product_cat-love-doll","36":"product_cat-qita-doll","37":"product_cat-real-doll","38":"product_cat-sy-doll","39":"product_cat-tantaly-sex-doll","40":"product_cat-teen-sex-dolls","41":"product_cat-tiny-sex-dolls","42":"product_cat-tpe-sex-dolls","43":"product_cat-us-stock-sex-dolls","44":"product_cat-wm-doll","45":"product_cat-young-sex-dolls","46":"product_cat-zelex-doll","48":"first","49":"instock","50":"sale","51":"shipping-taxable","52":"purchasable","53":"product-type-simple"},"_links":{"self":[{"href":"https:\/\/www.sexdollmini.com\/is\/wp-json\/wp\/v2\/product\/16369","targetHints":{"allow":["GET"]}}],"collection":[{"href":"https:\/\/www.sexdollmini.com\/is\/wp-json\/wp\/v2\/product"}],"about":[{"href":"https:\/\/www.sexdollmini.com\/is\/wp-json\/wp\/v2\/types\/product"}],"replies":[{"embeddable":true,"href":"https:\/\/www.sexdollmini.com\/is\/wp-json\/wp\/v2\/comments?post=16369"}],"wp:featuredmedia":[{"embeddable":true,"href":"https:\/\/www.sexdollmini.com\/is\/wp-json\/wp\/v2\/media\/16389"}],"wp:attachment":[{"href":"https:\/\/www.sexdollmini.com\/is\/wp-json\/wp\/v2\/media?parent=16369"}],"wp:term":[{"taxonomy":"product_brand","embeddable":true,"href":"https:\/\/www.sexdollmini.com\/is\/wp-json\/wp\/v2\/product_brand?post=16369"},{"taxonomy":"product_cat","embeddable":true,"href":"https:\/\/www.sexdollmini.com\/is\/wp-json\/wp\/v2\/product_cat?post=16369"},{"taxonomy":"product_tag","embeddable":true,"href":"https:\/\/www.sexdollmini.com\/is\/wp-json\/wp\/v2\/product_tag?post=16369"}],"curies":[{"name":"wp","href":"https:\/\/api.w.org\/{rel}","templated":true}]}}