{"id":16425,"date":"2025-06-12T03:17:24","date_gmt":"2025-06-12T10:17:24","guid":{"rendered":"https:\/\/www.sexdollmini.com\/?post_type=product&#038;p=16425"},"modified":"2025-07-15T00:21:28","modified_gmt":"2025-07-15T07:21:28","slug":"verda-108cm-big-tits-sex-doll","status":"publish","type":"product","link":"https:\/\/www.sexdollmini.com\/is\/product\/verda-108cm-big-tits-sex-doll\/","title":{"rendered":"Verda 108cm st\u00f3r brj\u00f3st kynl\u00edfsd\u00fakka"},"content":{"rendered":"<h2>Uppl\u00fdsingar um kynl\u00edfsd\u00fakkur<\/h2>\n<p>Kynl\u00edfsd\u00fakkan me\u00f0 st\u00f3r brj\u00f3st er l\u00e1gvaxin, me\u00f0 st\u00f3r brj\u00f3st og st\u00f3ran rass \u00fe\u00e9tt vafinn \u00ed korsett, sem gerir kynl\u00edfsd\u00fakkuna mj\u00f6g kyn\u00feokkafulla. Me\u00f0 loku\u00f0um augum og hv\u00f6ssu andliti l\u00edtur h\u00fan \u00fat eins og h\u00fan s\u00e9 a\u00f0 finna fyrir \u00fev\u00ed g\u00f3\u00f0a sem heimurinn hefur upp \u00e1 a\u00f0 bj\u00f3\u00f0a. \u00deessi kvenkyns kynl\u00edfsd\u00fakka geislar af s\u00e9r kyn\u00feokkafullan bl\u00e6 sem f\u00e6r \u00feig til a\u00f0 ver\u00f0a \u00e1stfangna \u00e1n \u00feess a\u00f0 \u00fe\u00fa takir eftir \u00fev\u00ed. Einn af kostunum vi\u00f0 a\u00f0 kynl\u00edfsd\u00fakkur s\u00e9u l\u00e1gvaxnar er a\u00f0 \u00fe\u00e6r eru au\u00f0veldar \u00ed hreyfingu og \u00fe\u00fa getur \u00e1tt skemmtilega kynl\u00edfsd\u00fakku \u00feegar \u00fe\u00fa ert b\u00fain me\u00f0 annasama dagskr\u00e1na \u00fe\u00edna.<\/p>\n<p>H\u00e6\u00f0: 108 cm<br \/>\nBrj\u00f3st: 81 cm<br \/>\nMitti: 46 cm<br \/>\nMja\u00f0mir: 80 cm<br \/>\nNett\u00f3\u00feyngd: 22 kg<br \/>\nHeildar\u00feyngd: 26 kg<br \/>\nP\u00f6kkun 100 * 36 * 26 cm<br \/>\nLengd legg\u00f6ngu: 15 cm<br \/>\nAnus: 13 cm<br \/>\nMunnm\u00f6k: 10 cm<\/p>\n<p>&nbsp;<\/p>\n<p>Vinsamlegast leyfi\u00f0 2-4 cm mismun \u00e1 handvirkri m\u00e6lingu vegna handvirkrar m\u00e6lingar.<\/p>","protected":false},"excerpt":{"rendered":"<p>Kynl\u00edfsd\u00fakkan er ekki mj\u00f6g h\u00e1vaxin, en r\u00edkuleg l\u00edkami hennar b\u00e6tir vi\u00f0 einst\u00f6kum sjarma. St\u00f3r brj\u00f3st hennar og rass gera l\u00edkama kynl\u00edfsd\u00fakkunnar mj\u00f6g kyn\u00feokkafullan og \u00fatlit hennar er \u00f3gleymanlegt.<\/p>","protected":false},"featured_media":16431,"comment_status":"open","ping_status":"closed","template":"","meta":[],"product_brand":[],"product_cat":[54,74,18,81,24,27,23,70,22,28,30,38,73,41,82,79,62,26,39,66,80,40,31,69,32,77,25,33,29,20,148,72,19,71,76,36,35,84,61,75,37,78],"product_tag":[],"class_list":{"0":"post-16425","1":"product","2":"type-product","3":"status-publish","4":"has-post-thumbnail","6":"product_cat-108cm-sex-dolls","7":"product_cat-6ye-doll","8":"product_cat-adult-doll","9":"product_cat-aibei-doll","10":"product_cat-american-sex-doll","11":"product_cat-anime-sex-dolls","12":"product_cat-asian-sex-doll","13":"product_cat-axb-doll","14":"product_cat-bbw-sex-doll","15":"product_cat-blonde-sex-doll","16":"product_cat-cheap-sex-doll","17":"product_cat-chubby-sex-dolls","18":"product_cat-climax-doll","19":"product_cat-curvy-sex-dolls","20":"product_cat-dolls-castle","21":"product_cat-elsa-babe","22":"product_cat-eu-stock-sex-doll","23":"product_cat-european-sex-dolls","24":"product_cat-fantasy-sex-doll","25":"product_cat-female-sex-dolls","26":"product_cat-fire-doll","27":"product_cat-full-body-sex-dolls","28":"product_cat-full-size-sex-dolls","29":"product_cat-girl-sex-dolls","30":"product_cat-hentai-sex-dolls","31":"product_cat-irontech-sex-dolls","32":"product_cat-japanese-sex-dolls","33":"product_cat-life-like-sex-dolls","34":"product_cat-life-size-sex-dolls","35":"product_cat-love-doll","36":"product_cat-midget-sex-doll","37":"product_cat-qita-doll","38":"product_cat-real-doll","39":"product_cat-sy-doll","40":"product_cat-tantaly-sex-doll","41":"product_cat-teen-sex-dolls","42":"product_cat-tiny-sex-dolls","43":"product_cat-tpe-sex-dolls","44":"product_cat-us-stock-sex-dolls","45":"product_cat-wm-doll","46":"product_cat-young-sex-dolls","47":"product_cat-zelex-doll","49":"first","50":"instock","51":"sale","52":"shipping-taxable","53":"purchasable","54":"product-type-simple"},"_links":{"self":[{"href":"https:\/\/www.sexdollmini.com\/is\/wp-json\/wp\/v2\/product\/16425","targetHints":{"allow":["GET"]}}],"collection":[{"href":"https:\/\/www.sexdollmini.com\/is\/wp-json\/wp\/v2\/product"}],"about":[{"href":"https:\/\/www.sexdollmini.com\/is\/wp-json\/wp\/v2\/types\/product"}],"replies":[{"embeddable":true,"href":"https:\/\/www.sexdollmini.com\/is\/wp-json\/wp\/v2\/comments?post=16425"}],"wp:featuredmedia":[{"embeddable":true,"href":"https:\/\/www.sexdollmini.com\/is\/wp-json\/wp\/v2\/media\/16431"}],"wp:attachment":[{"href":"https:\/\/www.sexdollmini.com\/is\/wp-json\/wp\/v2\/media?parent=16425"}],"wp:term":[{"taxonomy":"product_brand","embeddable":true,"href":"https:\/\/www.sexdollmini.com\/is\/wp-json\/wp\/v2\/product_brand?post=16425"},{"taxonomy":"product_cat","embeddable":true,"href":"https:\/\/www.sexdollmini.com\/is\/wp-json\/wp\/v2\/product_cat?post=16425"},{"taxonomy":"product_tag","embeddable":true,"href":"https:\/\/www.sexdollmini.com\/is\/wp-json\/wp\/v2\/product_tag?post=16425"}],"curies":[{"name":"wp","href":"https:\/\/api.w.org\/{rel}","templated":true}]}}