{"id":16523,"date":"2025-06-12T22:00:37","date_gmt":"2025-06-13T05:00:37","guid":{"rendered":"https:\/\/www.sexdollmini.com\/?post_type=product&#038;p=16523"},"modified":"2025-09-08T06:20:14","modified_gmt":"2025-09-08T13:20:14","slug":"allegra-100cm-silicone-head-sex-doll","status":"publish","type":"product","link":"https:\/\/www.sexdollmini.com\/is\/product\/allegra-100cm-silicone-head-sex-doll\/","title":{"rendered":"Allegra 100cm kynl\u00edfsd\u00fakka me\u00f0 s\u00edlikonh\u00f6f\u00f0i"},"content":{"rendered":"<h2>Uppl\u00fdsingar um kynl\u00edfsd\u00fakkur<\/h2>\n<p>L\u00edkaminn \u00e1 Allegra kynl\u00edfsd\u00fakkunni er \u00far TPE efni, sem gefur henni ekki a\u00f0eins raunverulega h\u00fa\u00f0\u00e1fer\u00f0, heldur gerir hana einnig hagkv\u00e6mari. H\u00f6fu\u00f0 kynl\u00edfsd\u00fakkunnar er \u00far s\u00edlikoni. Kynl\u00edfsd\u00fakkur \u00far s\u00edlikoni bj\u00f3\u00f0a ekki upp \u00e1 munnm\u00f6k, en s\u00edlikonh\u00f6fu\u00f0i\u00f0 getur gert d\u00fakkuna raunverulegri og l\u00edflegri. St\u00f3r brj\u00f3st kynl\u00edfsd\u00fakkunnar eru full af teygjanleika og auk \u00feess er h\u00e6gt a\u00f0 nota \u00fe\u00e9ttar legg\u00f6ng og enda\u00fearm.<\/p>\n<p>H\u00e6\u00f0: 100 cm<br \/>\n\u00deyngd: 13 kg<br \/>\nBrj\u00f3st: 60 cm<br \/>\nMitti: 36 cm<br \/>\nMja\u00f0mam\u00e1l: 60 cm<br \/>\nBreidd axla: 20 cm<br \/>\nLengd handleggs: 31 cm<br \/>\nHandlengd: 12 cm<br \/>\nF\u00f3tleggslengd: 50 cm<br \/>\nF\u00f3tarlengd: 14 cm<br \/>\nUmm\u00e1l handleggs: 17 cm<br \/>\nL\u00e6ri umm\u00e1l: 34 cm<br \/>\nUmm\u00e1l k\u00e1lfa: 20 cm<br \/>\nH\u00e1lsm\u00e1l: 19 cm<br \/>\nD\u00fdpt legganga: 15 cm<br \/>\nD\u00fdpt enda\u00fearms: 11 cm<br \/>\nSt\u00e6r\u00f0 pakkans: 95 * 30 * 28 cm<\/p>\n<p>&nbsp;<\/p>\n<p>Vinsamlegast leyfi\u00f0 2-4 cm mismun \u00e1 handvirkri m\u00e6lingu vegna handvirkrar m\u00e6lingar.<\/p>","protected":false},"excerpt":{"rendered":"<p>\u00deessi fallega 100 cm kynl\u00edfsd\u00fakka er me\u00f0 s\u00edlikonh\u00f6fu\u00f0 og TPE-b\u00fak, sem gerir hana a\u00f0 fullkomnu \u00farvali kynl\u00edfsd\u00fakkna.<\/p>","protected":false},"featured_media":16569,"comment_status":"open","ping_status":"closed","template":"","meta":[],"product_brand":[],"product_cat":[53,74,18,81,24,27,23,64,70,28,65,30,38,73,41,82,79,62,26,39,66,80,40,31,69,32,77,25,33,29,20,21,34,72,19,85,42,71,76,36,35,84,63,61,75,37,78],"product_tag":[],"class_list":{"0":"post-16523","1":"product","2":"type-product","3":"status-publish","4":"has-post-thumbnail","6":"product_cat-100cm-sex-dolls","7":"product_cat-6ye-doll","8":"product_cat-adult-doll","9":"product_cat-aibei-doll","10":"product_cat-american-sex-doll","11":"product_cat-anime-sex-dolls","12":"product_cat-asian-sex-doll","13":"product_cat-australia-stock-sex-doll","14":"product_cat-axb-doll","15":"product_cat-blonde-sex-doll","16":"product_cat-canada-stock-sex-doll","17":"product_cat-cheap-sex-doll","18":"product_cat-chubby-sex-dolls","19":"product_cat-climax-doll","20":"product_cat-curvy-sex-dolls","21":"product_cat-dolls-castle","22":"product_cat-elsa-babe","23":"product_cat-eu-stock-sex-doll","24":"product_cat-european-sex-dolls","25":"product_cat-fantasy-sex-doll","26":"product_cat-female-sex-dolls","27":"product_cat-fire-doll","28":"product_cat-full-body-sex-dolls","29":"product_cat-full-size-sex-dolls","30":"product_cat-girl-sex-dolls","31":"product_cat-hentai-sex-dolls","32":"product_cat-irontech-sex-dolls","33":"product_cat-japanese-sex-dolls","34":"product_cat-life-like-sex-dolls","35":"product_cat-life-size-sex-dolls","36":"product_cat-love-doll","37":"product_cat-miniature-sex-doll","38":"product_cat-petite-sex-dolls","39":"product_cat-qita-doll","40":"product_cat-real-doll","41":"product_cat-silicone-sex-dolls","42":"product_cat-skinny-sex-dolls","43":"product_cat-sy-doll","44":"product_cat-tantaly-sex-doll","45":"product_cat-teen-sex-dolls","46":"product_cat-tiny-sex-dolls","47":"product_cat-tpe-sex-dolls","48":"product_cat-uk-stock-sex-doll","49":"product_cat-us-stock-sex-dolls","50":"product_cat-wm-doll","51":"product_cat-young-sex-dolls","52":"product_cat-zelex-doll","54":"first","55":"instock","56":"sale","57":"shipping-taxable","58":"purchasable","59":"product-type-simple"},"_links":{"self":[{"href":"https:\/\/www.sexdollmini.com\/is\/wp-json\/wp\/v2\/product\/16523","targetHints":{"allow":["GET"]}}],"collection":[{"href":"https:\/\/www.sexdollmini.com\/is\/wp-json\/wp\/v2\/product"}],"about":[{"href":"https:\/\/www.sexdollmini.com\/is\/wp-json\/wp\/v2\/types\/product"}],"replies":[{"embeddable":true,"href":"https:\/\/www.sexdollmini.com\/is\/wp-json\/wp\/v2\/comments?post=16523"}],"wp:featuredmedia":[{"embeddable":true,"href":"https:\/\/www.sexdollmini.com\/is\/wp-json\/wp\/v2\/media\/16569"}],"wp:attachment":[{"href":"https:\/\/www.sexdollmini.com\/is\/wp-json\/wp\/v2\/media?parent=16523"}],"wp:term":[{"taxonomy":"product_brand","embeddable":true,"href":"https:\/\/www.sexdollmini.com\/is\/wp-json\/wp\/v2\/product_brand?post=16523"},{"taxonomy":"product_cat","embeddable":true,"href":"https:\/\/www.sexdollmini.com\/is\/wp-json\/wp\/v2\/product_cat?post=16523"},{"taxonomy":"product_tag","embeddable":true,"href":"https:\/\/www.sexdollmini.com\/is\/wp-json\/wp\/v2\/product_tag?post=16523"}],"curies":[{"name":"wp","href":"https:\/\/api.w.org\/{rel}","templated":true}]}}