{"id":16525,"date":"2025-06-12T23:54:55","date_gmt":"2025-06-13T06:54:55","guid":{"rendered":"https:\/\/www.sexdollmini.com\/?post_type=product&#038;p=16525"},"modified":"2025-11-13T00:24:14","modified_gmt":"2025-11-13T08:24:14","slug":"perfect-flexible-flat-sex-doll-torso","status":"publish","type":"product","link":"https:\/\/www.sexdollmini.com\/is\/product\/perfect-flexible-flat-sex-doll-torso\/","title":{"rendered":"Fullkominn sveigjanlegur flat kynl\u00edfsd\u00fakkur b\u00fakur"},"content":{"rendered":"<h2>Uppl\u00fdsingar um kynl\u00edfsd\u00fakkur<\/h2>\n<p>Flatbrj\u00f3sta kynl\u00edfsd\u00fakkubolurinn er me\u00f0 m\u00e1lmgrindarkerfi a\u00f0 innan og er sveigjanlegur flatbrj\u00f3sta kynl\u00edfsd\u00fakkubolur. Flatbrj\u00f3sta kynl\u00edfsd\u00fakkubolurinn er mj\u00f6g s\u00e9rstakur og mj\u00f6g hentugur fyrir safnara. Ef \u00fe\u00fa fer\u00f0ast oft e\u00f0a fer\u00f0ast oft er mj\u00f6g au\u00f0velt a\u00f0 taka \u00feennan kynl\u00edfsd\u00fakkubol me\u00f0 s\u00e9r. Hann er mi\u00f0lungs\u00feungur og au\u00f0velt a\u00f0 geyma.<\/p>\n<p>H\u00e6\u00f0: 61 cm<br \/>\nBrj\u00f3st: 57 cm<br \/>\nMitti: 51 cm<br \/>\nMja\u00f0mir: 69 cm<br \/>\nD\u00fdpt legganga: 14 cm<br \/>\nD\u00fdpt enda\u00fearms: 13 cm<br \/>\n\u00deyngd: 12 kg<br \/>\nP\u00f6kkun: 65 * 33 * 21 cm<\/p>\n<p>&nbsp;<\/p>\n<p>Vinsamlegast leyfi\u00f0 2-4 cm mismun \u00e1 handvirkri m\u00e6lingu vegna handvirkrar m\u00e6lingar.<\/p>","protected":false},"excerpt":{"rendered":"<p>Ef \u00fe\u00fa hefur ekki miki\u00f0 fj\u00e1rmagn til a\u00f0 kaupa kynl\u00edfsd\u00fakkur g\u00e6tir\u00f0u \u00edhuga\u00f0 \u00feessa fl\u00f6tbrj\u00f3sta kynl\u00edfsd\u00fakkubol. H\u00fan er hvorki l\u00e9tt n\u00e9 \u00feung og getur veitt \u00fe\u00e9r g\u00f3\u00f0a kynl\u00edfsupplifun.<\/p>","protected":false},"featured_media":16526,"comment_status":"open","ping_status":"closed","template":"","meta":[],"product_brand":[],"product_cat":[73,66,43,146,60,84],"product_tag":[],"class_list":{"0":"post-16525","1":"product","2":"type-product","3":"status-publish","4":"has-post-thumbnail","6":"product_cat-climax-doll","7":"product_cat-female-sex-dolls","8":"product_cat-flat-chested-sex-doll","9":"product_cat-half-body-sex-doll-torso","10":"product_cat-sex-doll-torso","11":"product_cat-tpe-sex-dolls","13":"first","14":"instock","15":"sale","16":"shipping-taxable","17":"purchasable","18":"product-type-simple"},"_links":{"self":[{"href":"https:\/\/www.sexdollmini.com\/is\/wp-json\/wp\/v2\/product\/16525","targetHints":{"allow":["GET"]}}],"collection":[{"href":"https:\/\/www.sexdollmini.com\/is\/wp-json\/wp\/v2\/product"}],"about":[{"href":"https:\/\/www.sexdollmini.com\/is\/wp-json\/wp\/v2\/types\/product"}],"replies":[{"embeddable":true,"href":"https:\/\/www.sexdollmini.com\/is\/wp-json\/wp\/v2\/comments?post=16525"}],"wp:featuredmedia":[{"embeddable":true,"href":"https:\/\/www.sexdollmini.com\/is\/wp-json\/wp\/v2\/media\/16526"}],"wp:attachment":[{"href":"https:\/\/www.sexdollmini.com\/is\/wp-json\/wp\/v2\/media?parent=16525"}],"wp:term":[{"taxonomy":"product_brand","embeddable":true,"href":"https:\/\/www.sexdollmini.com\/is\/wp-json\/wp\/v2\/product_brand?post=16525"},{"taxonomy":"product_cat","embeddable":true,"href":"https:\/\/www.sexdollmini.com\/is\/wp-json\/wp\/v2\/product_cat?post=16525"},{"taxonomy":"product_tag","embeddable":true,"href":"https:\/\/www.sexdollmini.com\/is\/wp-json\/wp\/v2\/product_tag?post=16525"}],"curies":[{"name":"wp","href":"https:\/\/api.w.org\/{rel}","templated":true}]}}