{"id":16595,"date":"2025-06-25T01:21:25","date_gmt":"2025-06-25T08:21:25","guid":{"rendered":"https:\/\/www.sexdollmini.com\/?post_type=product&#038;p=16595"},"modified":"2026-05-09T13:57:35","modified_gmt":"2026-05-09T20:57:35","slug":"aurelie-young-full-body-sex-doll","status":"publish","type":"product","link":"https:\/\/www.sexdollmini.com\/is\/product\/aurelie-young-full-body-sex-doll\/","title":{"rendered":"Coraline ungur kynl\u00edfsd\u00fakka me\u00f0 fullum l\u00edkama"},"content":{"rendered":"<h2>Uppl\u00fdsingar um kynl\u00edfsd\u00fakkur<\/h2>\n<p>\u00deessi unga og \u00feybbna kynl\u00edfsd\u00fakka er 100 cm \u00e1 h\u00e6\u00f0 og er hv\u00edt \u00e1 h\u00fa\u00f0. H\u00fan er 22 \u00e1ra g\u00f6mul og hefur breyst \u00far nemanda \u00ed starfsnema hj\u00e1 fyrirt\u00e6ki. Kynl\u00edfsd\u00fakkan er fyrirs\u00e6tustarfsnemi me\u00f0 \u00feybbna l\u00edkamsbyggingu. Kynl\u00edfsd\u00fakkan getur stillt s\u00e9r upp \u00e1 marga vegu svo \u00fe\u00fa getir teki\u00f0 \u00fdmsar hreyfingar og myndir. \u00de\u00fa getur far\u00f0a\u00f0 hana \u00ed mismunandi st\u00edl \u00e1 me\u00f0an h\u00fan tekur myndir, svo h\u00fan geti framkv\u00e6mt \u00fdmsar fyrirs\u00e6tuger\u00f0ir.<\/p>\n<p>H\u00e6\u00f0: 100 cm<br \/>\nBrj\u00f3st: 65 cm<br \/>\nMitti: 50 cm<br \/>\nMja\u00f0mir: 67 cm<br \/>\nD\u00fdpt enda\u00fearms: 13 cm<br \/>\nD\u00fdpt legg\u00f6ngu: 13 cm<br \/>\nMunnd\u00fdpt: 10 cm<br \/>\nNett\u00f3\u00feyngd: 14 kg<br \/>\nHeildar\u00feyngd: 17 kg<\/p>\n<p>&nbsp;<\/p>\n<p>Vinsamlegast leyfi\u00f0 2-4 cm mismun \u00e1 handvirkri m\u00e6lingu vegna handvirkrar m\u00e6lingar.<\/p>","protected":false},"excerpt":{"rendered":"<p>Fullur-l\u00edkama kynl\u00edf d\u00fakkur getur au\u00f0veldlega s\u00e9\u00f0 mismunandi st\u00edl st\u00edl og f\u00f6r\u00f0un. \u00de\u00fa getur s\u00f3tt um mismunandi st\u00edl gera \u00e1 kynl\u00edf d\u00fakkur a\u00f0 gefa \u00feeim st\u00f3r umbreytingu.<\/p>","protected":false},"featured_media":16604,"comment_status":"open","ping_status":"closed","template":"","meta":[],"product_brand":[],"product_cat":[53,74,18,81,24,27,23,64,70,28,65,30,38,73,41,82,79,62,26,39,66,80,40,31,69,32,77,25,33,29,20,21,34,72,19,42,71,76,36,35,84,63,61,75,37,78],"product_tag":[],"class_list":{"0":"post-16595","1":"product","2":"type-product","3":"status-publish","4":"has-post-thumbnail","6":"product_cat-100cm-sex-dolls","7":"product_cat-6ye-doll","8":"product_cat-adult-doll","9":"product_cat-aibei-doll","10":"product_cat-american-sex-doll","11":"product_cat-anime-sex-dolls","12":"product_cat-asian-sex-doll","13":"product_cat-australia-stock-sex-doll","14":"product_cat-axb-doll","15":"product_cat-blonde-sex-doll","16":"product_cat-canada-stock-sex-doll","17":"product_cat-cheap-sex-doll","18":"product_cat-chubby-sex-dolls","19":"product_cat-climax-doll","20":"product_cat-curvy-sex-dolls","21":"product_cat-dolls-castle","22":"product_cat-elsa-babe","23":"product_cat-eu-stock-sex-doll","24":"product_cat-european-sex-dolls","25":"product_cat-fantasy-sex-doll","26":"product_cat-female-sex-dolls","27":"product_cat-fire-doll","28":"product_cat-full-body-sex-dolls","29":"product_cat-full-size-sex-dolls","30":"product_cat-girl-sex-dolls","31":"product_cat-hentai-sex-dolls","32":"product_cat-irontech-sex-dolls","33":"product_cat-japanese-sex-dolls","34":"product_cat-life-like-sex-dolls","35":"product_cat-life-size-sex-dolls","36":"product_cat-love-doll","37":"product_cat-miniature-sex-doll","38":"product_cat-petite-sex-dolls","39":"product_cat-qita-doll","40":"product_cat-real-doll","41":"product_cat-skinny-sex-dolls","42":"product_cat-sy-doll","43":"product_cat-tantaly-sex-doll","44":"product_cat-teen-sex-dolls","45":"product_cat-tiny-sex-dolls","46":"product_cat-tpe-sex-dolls","47":"product_cat-uk-stock-sex-doll","48":"product_cat-us-stock-sex-dolls","49":"product_cat-wm-doll","50":"product_cat-young-sex-dolls","51":"product_cat-zelex-doll","53":"first","54":"instock","55":"sale","56":"shipping-taxable","57":"purchasable","58":"product-type-simple"},"_links":{"self":[{"href":"https:\/\/www.sexdollmini.com\/is\/wp-json\/wp\/v2\/product\/16595","targetHints":{"allow":["GET"]}}],"collection":[{"href":"https:\/\/www.sexdollmini.com\/is\/wp-json\/wp\/v2\/product"}],"about":[{"href":"https:\/\/www.sexdollmini.com\/is\/wp-json\/wp\/v2\/types\/product"}],"replies":[{"embeddable":true,"href":"https:\/\/www.sexdollmini.com\/is\/wp-json\/wp\/v2\/comments?post=16595"}],"wp:featuredmedia":[{"embeddable":true,"href":"https:\/\/www.sexdollmini.com\/is\/wp-json\/wp\/v2\/media\/16604"}],"wp:attachment":[{"href":"https:\/\/www.sexdollmini.com\/is\/wp-json\/wp\/v2\/media?parent=16595"}],"wp:term":[{"taxonomy":"product_brand","embeddable":true,"href":"https:\/\/www.sexdollmini.com\/is\/wp-json\/wp\/v2\/product_brand?post=16595"},{"taxonomy":"product_cat","embeddable":true,"href":"https:\/\/www.sexdollmini.com\/is\/wp-json\/wp\/v2\/product_cat?post=16595"},{"taxonomy":"product_tag","embeddable":true,"href":"https:\/\/www.sexdollmini.com\/is\/wp-json\/wp\/v2\/product_tag?post=16595"}],"curies":[{"name":"wp","href":"https:\/\/api.w.org\/{rel}","templated":true}]}}