{"id":16952,"date":"2025-07-14T21:39:42","date_gmt":"2025-07-15T04:39:42","guid":{"rendered":"https:\/\/www.sexdollmini.com\/?post_type=product&#038;p=16952"},"modified":"2025-07-29T20:27:40","modified_gmt":"2025-07-30T03:27:40","slug":"lace-see-through-clothing-set-sex-doll","status":"publish","type":"product","link":"https:\/\/www.sexdollmini.com\/is\/product\/lace-see-through-clothing-set-sex-doll\/","title":{"rendered":"Gegns\u00e6jar bl\u00fandur fyrir kynl\u00edfsd\u00fakkur"},"content":{"rendered":"<p>Kyn\u00feokkafullur gegns\u00e6r b\u00faningur me\u00f0 sm\u00e1 teygjanleika, hentar kynl\u00edfsd\u00fakkum me\u00f0 \u00fdmsa l\u00edkamsbyggingu.<\/p>\n<p>St\u00e6r\u00f0 fatna\u00f0ar:<br \/>\nUndir brj\u00f3stum: 75-85 cm<br \/>\nEFSTA LENGD: 18 cm<\/p>\n<p>&nbsp;<\/p>\n<p>Vinsamlegast leyfi\u00f0 1-3 cm villu vegna handvirkrar m\u00e6lingar.<\/p>","protected":false},"excerpt":{"rendered":"<p>\u00deetta kyn\u00feokkafulla, gegns\u00e6ja sett \u00far bl\u00fandu f\u00e6st \u00ed \u00feremur litum.<\/p>","protected":false},"featured_media":16959,"comment_status":"open","ping_status":"closed","template":"","meta":[],"product_brand":[],"product_cat":[83],"product_tag":[],"class_list":{"0":"post-16952","1":"product","2":"type-product","3":"status-publish","4":"has-post-thumbnail","6":"product_cat-sex-doll-accessories","8":"first","9":"instock","10":"sale","11":"shipping-taxable","12":"purchasable","13":"product-type-variable","14":"has-default-attributes"},"_links":{"self":[{"href":"https:\/\/www.sexdollmini.com\/is\/wp-json\/wp\/v2\/product\/16952","targetHints":{"allow":["GET"]}}],"collection":[{"href":"https:\/\/www.sexdollmini.com\/is\/wp-json\/wp\/v2\/product"}],"about":[{"href":"https:\/\/www.sexdollmini.com\/is\/wp-json\/wp\/v2\/types\/product"}],"replies":[{"embeddable":true,"href":"https:\/\/www.sexdollmini.com\/is\/wp-json\/wp\/v2\/comments?post=16952"}],"wp:featuredmedia":[{"embeddable":true,"href":"https:\/\/www.sexdollmini.com\/is\/wp-json\/wp\/v2\/media\/16959"}],"wp:attachment":[{"href":"https:\/\/www.sexdollmini.com\/is\/wp-json\/wp\/v2\/media?parent=16952"}],"wp:term":[{"taxonomy":"product_brand","embeddable":true,"href":"https:\/\/www.sexdollmini.com\/is\/wp-json\/wp\/v2\/product_brand?post=16952"},{"taxonomy":"product_cat","embeddable":true,"href":"https:\/\/www.sexdollmini.com\/is\/wp-json\/wp\/v2\/product_cat?post=16952"},{"taxonomy":"product_tag","embeddable":true,"href":"https:\/\/www.sexdollmini.com\/is\/wp-json\/wp\/v2\/product_tag?post=16952"}],"curies":[{"name":"wp","href":"https:\/\/api.w.org\/{rel}","templated":true}]}}