{"id":17070,"date":"2025-07-16T03:13:54","date_gmt":"2025-07-16T10:13:54","guid":{"rendered":"https:\/\/www.sexdollmini.com\/?post_type=product&#038;p=17070"},"modified":"2025-07-29T20:19:16","modified_gmt":"2025-07-30T03:19:16","slug":"female-short-wig-sex-doll","status":"publish","type":"product","link":"https:\/\/www.sexdollmini.com\/is\/product\/female-short-wig-sex-doll\/","title":{"rendered":"Stutt kvenleg h\u00e1rkolla fyrir kynl\u00edfsd\u00fakkur"},"content":{"rendered":"<p>Eftir a\u00f0 \u00fe\u00fa hefur fengi\u00f0 h\u00e1rkolluna getur\u00f0u nota\u00f0 hana fyrir kynl\u00edfsd\u00fakkuna e\u00f0a klippt hana til a\u00f0 passa vi\u00f0 kyn\u00feokkafulla kynl\u00edfsd\u00fakkuna.<\/p>\n<p><img decoding=\"async\" class=\"aligncenter wp-image-17077 size-full\" src=\"https:\/\/www.sexdollmini.com\/wp-content\/themes\/woodmart\/images\/lazy.svg\" data-src=\"https:\/\/www.sexdollmini.com\/wp-content\/uploads\/2025\/07\/8.webp\" alt=\"\" width=\"800\" height=\"780\" title=\"-\" srcset=\"\" data-srcset=\"https:\/\/www.sexdollmini.com\/wp-content\/uploads\/2025\/07\/8.webp 800w, https:\/\/www.sexdollmini.com\/wp-content\/uploads\/2025\/07\/8-150x146.webp 150w, https:\/\/www.sexdollmini.com\/wp-content\/uploads\/2025\/07\/8-700x683.webp 700w, https:\/\/www.sexdollmini.com\/wp-content\/uploads\/2025\/07\/8-308x300.webp 308w, https:\/\/www.sexdollmini.com\/wp-content\/uploads\/2025\/07\/8-768x749.webp 768w\" sizes=\"(max-width: 800px) 100vw, 800px\" \/><\/p>\n<p>&nbsp;<\/p>\n<p>Vinsamlegast leyfi\u00f0 2-3 cm villu vegna handvirkrar m\u00e6lingar. Vegna framlei\u00f0sluferlisins, l\u00fdsingar\u00e1hrifa og t\u00f6lvuskj\u00e1a geta veri\u00f0 einhverjir lita- og h\u00e1rgrei\u00f0slumunur.<\/p>","protected":false},"excerpt":{"rendered":"<p>Veldu litinn \u00e1 h\u00e1rkollunni sem \u00fe\u00e9r l\u00edkar og \u00fe\u00fa getur bori\u00f0 hana beint \u00e1 kynl\u00edfsd\u00fakkuna \u00fe\u00edna eftir a\u00f0 \u00fe\u00fa hefur fengi\u00f0 h\u00e1rkolluna.<\/p>","protected":false},"featured_media":17074,"comment_status":"open","ping_status":"closed","template":"","meta":[],"product_brand":[],"product_cat":[83],"product_tag":[],"class_list":{"0":"post-17070","1":"product","2":"type-product","3":"status-publish","4":"has-post-thumbnail","6":"product_cat-sex-doll-accessories","8":"first","9":"instock","10":"sale","11":"shipping-taxable","12":"purchasable","13":"product-type-variable","14":"has-default-attributes"},"_links":{"self":[{"href":"https:\/\/www.sexdollmini.com\/is\/wp-json\/wp\/v2\/product\/17070","targetHints":{"allow":["GET"]}}],"collection":[{"href":"https:\/\/www.sexdollmini.com\/is\/wp-json\/wp\/v2\/product"}],"about":[{"href":"https:\/\/www.sexdollmini.com\/is\/wp-json\/wp\/v2\/types\/product"}],"replies":[{"embeddable":true,"href":"https:\/\/www.sexdollmini.com\/is\/wp-json\/wp\/v2\/comments?post=17070"}],"wp:featuredmedia":[{"embeddable":true,"href":"https:\/\/www.sexdollmini.com\/is\/wp-json\/wp\/v2\/media\/17074"}],"wp:attachment":[{"href":"https:\/\/www.sexdollmini.com\/is\/wp-json\/wp\/v2\/media?parent=17070"}],"wp:term":[{"taxonomy":"product_brand","embeddable":true,"href":"https:\/\/www.sexdollmini.com\/is\/wp-json\/wp\/v2\/product_brand?post=17070"},{"taxonomy":"product_cat","embeddable":true,"href":"https:\/\/www.sexdollmini.com\/is\/wp-json\/wp\/v2\/product_cat?post=17070"},{"taxonomy":"product_tag","embeddable":true,"href":"https:\/\/www.sexdollmini.com\/is\/wp-json\/wp\/v2\/product_tag?post=17070"}],"curies":[{"name":"wp","href":"https:\/\/api.w.org\/{rel}","templated":true}]}}