{"id":17099,"date":"2025-07-16T04:30:05","date_gmt":"2025-07-16T11:30:05","guid":{"rendered":"https:\/\/www.sexdollmini.com\/?post_type=product&#038;p=17099"},"modified":"2025-12-18T03:30:51","modified_gmt":"2025-12-18T11:30:51","slug":"water-based-lubricant-sex-doll","status":"publish","type":"product","link":"https:\/\/www.sexdollmini.com\/is\/product\/water-based-lubricant-sex-doll\/","title":{"rendered":"Vatnsleysanlegt sleipiefni fyrir kynl\u00edfsd\u00fakkur"},"content":{"rendered":"<p>\u00deegar \u00fe\u00fa stundar kynl\u00edf me\u00f0 kynl\u00edfsd\u00fakku skaltu velja vatnsleysanlegt sleipiefni til a\u00f0 \u00f6rva l\u00edff\u00e6rin, vekja flj\u00f3tt kynhv\u00f6t og draga \u00far s\u00e1rsauka af v\u00f6ldum \u00feurrks og n\u00fanings.<\/p>\n<div class=\"mceTemp\"><\/div>\n<p><img decoding=\"async\" class=\"aligncenter wp-image-20043 size-full\" src=\"https:\/\/www.sexdollmini.com\/wp-content\/themes\/woodmart\/images\/lazy.svg\" data-src=\"https:\/\/www.sexdollmini.com\/wp-content\/uploads\/2025\/07\/Sex-Oil5-1.jpg\" alt=\"Silki kynl\u00edfsol\u00eda, alhli\u00f0a sleipiefni fyrir aukna n\u00e1nd, mj\u00faka kynl\u00edfsupplifun og fulln\u00e6gingaraukningu, samh\u00e6ft vi\u00f0 kynl\u00edfsd\u00fakkur og fullor\u00f0insleikf\u00f6ng fyrir fullkominna \u00e1n\u00e6gju og \u00e1n\u00e6gju.\" width=\"800\" height=\"800\" title=\"-\" srcset=\"\" data-srcset=\"https:\/\/www.sexdollmini.com\/wp-content\/uploads\/2025\/07\/Sex-Oil5-1.jpg 800w, https:\/\/www.sexdollmini.com\/wp-content\/uploads\/2025\/07\/Sex-Oil5-1-300x300.jpg 300w, https:\/\/www.sexdollmini.com\/wp-content\/uploads\/2025\/07\/Sex-Oil5-1-150x150.jpg 150w, https:\/\/www.sexdollmini.com\/wp-content\/uploads\/2025\/07\/Sex-Oil5-1-768x768.jpg 768w, https:\/\/www.sexdollmini.com\/wp-content\/uploads\/2025\/07\/Sex-Oil5-1-12x12.jpg 12w, https:\/\/www.sexdollmini.com\/wp-content\/uploads\/2025\/07\/Sex-Oil5-1-700x700.jpg 700w\" sizes=\"(max-width: 800px) 100vw, 800px\" \/><\/p>","protected":false},"excerpt":{"rendered":"<p>Vatnsleysanlegt sleipiefni m\u00e1 nota \u00e1 brj\u00f3st, legg\u00f6ng, enda\u00fearm og munn.<\/p>","protected":false},"featured_media":20044,"comment_status":"open","ping_status":"closed","template":"","meta":[],"product_brand":[],"product_cat":[83],"product_tag":[],"class_list":{"0":"post-17099","1":"product","2":"type-product","3":"status-publish","4":"has-post-thumbnail","6":"product_cat-sex-doll-accessories","8":"first","9":"instock","10":"sale","11":"shipping-taxable","12":"purchasable","13":"product-type-simple"},"_links":{"self":[{"href":"https:\/\/www.sexdollmini.com\/is\/wp-json\/wp\/v2\/product\/17099","targetHints":{"allow":["GET"]}}],"collection":[{"href":"https:\/\/www.sexdollmini.com\/is\/wp-json\/wp\/v2\/product"}],"about":[{"href":"https:\/\/www.sexdollmini.com\/is\/wp-json\/wp\/v2\/types\/product"}],"replies":[{"embeddable":true,"href":"https:\/\/www.sexdollmini.com\/is\/wp-json\/wp\/v2\/comments?post=17099"}],"wp:featuredmedia":[{"embeddable":true,"href":"https:\/\/www.sexdollmini.com\/is\/wp-json\/wp\/v2\/media\/20044"}],"wp:attachment":[{"href":"https:\/\/www.sexdollmini.com\/is\/wp-json\/wp\/v2\/media?parent=17099"}],"wp:term":[{"taxonomy":"product_brand","embeddable":true,"href":"https:\/\/www.sexdollmini.com\/is\/wp-json\/wp\/v2\/product_brand?post=17099"},{"taxonomy":"product_cat","embeddable":true,"href":"https:\/\/www.sexdollmini.com\/is\/wp-json\/wp\/v2\/product_cat?post=17099"},{"taxonomy":"product_tag","embeddable":true,"href":"https:\/\/www.sexdollmini.com\/is\/wp-json\/wp\/v2\/product_tag?post=17099"}],"curies":[{"name":"wp","href":"https:\/\/api.w.org\/{rel}","templated":true}]}}