{"id":17451,"date":"2025-07-29T21:18:59","date_gmt":"2025-07-30T04:18:59","guid":{"rendered":"https:\/\/www.sexdollmini.com\/?post_type=product&#038;p=17451"},"modified":"2025-09-08T06:15:48","modified_gmt":"2025-09-08T13:15:48","slug":"inara-full-body-silicone-sex-doll","status":"publish","type":"product","link":"https:\/\/www.sexdollmini.com\/is\/product\/inara-full-body-silicone-sex-doll\/","title":{"rendered":"Inara fulll\u00edkams s\u00edlikon kynl\u00edfsd\u00fakka"},"content":{"rendered":"<p>\u00deessi 60 cm s\u00edlikon kynl\u00edfsd\u00fakka me\u00f0 fullri l\u00edkamsbyggingu hefur einstaklega kyn\u00feokkafulla l\u00edkamsbyggingu, \u00e1berandi brj\u00f3st og mja\u00f0mir og kyn\u00feokkafulla mittism\u00e1l. S\u00edlikon kynl\u00edfsd\u00fakkan er einnig me\u00f0 m\u00e1lmgrind a\u00f0 innan sem gerir henni kleift a\u00f0 framkv\u00e6ma \u00fdmsar a\u00f0ger\u00f0ir, eins og s\u00e9st \u00e1 myndunum. Andlitsdr\u00e6ttir kynl\u00edfsd\u00fakkunnar eru l\u00edflegir og f\u00ednlegir, sem gerir hana yndislega.<\/p>\n<p>&nbsp;<\/p>\n<p>H\u00e6\u00f0: 60 cm<br \/>\nBrj\u00f3stkassa: 33 cm<br \/>\nMitti: 21 cm<br \/>\nMja\u00f0mir: 36 cm<br \/>\nD\u00fdpt legganga: 13 cm<br \/>\nD\u00fdpt enda\u00fearms: 7 cm<br \/>\n\u00deyngd: 3 kg<\/p>\n<p>&nbsp;<\/p>\n<p>S\u00edlikon kynl\u00edfsd\u00fakkur taka 2-4 daga aukalega a\u00f0 framlei\u00f0a.<\/p>\n<p>Vinsamlegast leyfi\u00f0 2-4 cm mismun \u00e1 handvirkri m\u00e6lingu vegna handvirkrar m\u00e6lingar.<\/p>","protected":false},"excerpt":{"rendered":"<p>Kynl\u00edfsd\u00fakkan er 60 cm \u00e1 h\u00e6\u00f0 og litla kynl\u00edfsd\u00fakkan er \u00e1l\u00edka h\u00e1 og bakpoki. H\u00fan er mj\u00f6g flytjanleg hvert sem \u00fe\u00fa fer\u00f0.<\/p>","protected":false},"featured_media":17463,"comment_status":"open","ping_status":"closed","template":"","meta":[],"product_brand":[],"product_cat":[47,74,18,81,27,23,70,28,30,38,73,41,82,79,39,66,80,40,31,69,32,77,25,33,29,20,148,21,34,72,19,85,42,44,71,76,36,35,75,37,78],"product_tag":[],"class_list":{"0":"post-17451","1":"product","2":"type-product","3":"status-publish","4":"has-post-thumbnail","6":"product_cat-60cm-sex-dolls","7":"product_cat-6ye-doll","8":"product_cat-adult-doll","9":"product_cat-aibei-doll","10":"product_cat-anime-sex-dolls","11":"product_cat-asian-sex-doll","12":"product_cat-axb-doll","13":"product_cat-blonde-sex-doll","14":"product_cat-cheap-sex-doll","15":"product_cat-chubby-sex-dolls","16":"product_cat-climax-doll","17":"product_cat-curvy-sex-dolls","18":"product_cat-dolls-castle","19":"product_cat-elsa-babe","20":"product_cat-fantasy-sex-doll","21":"product_cat-female-sex-dolls","22":"product_cat-fire-doll","23":"product_cat-full-body-sex-dolls","24":"product_cat-full-size-sex-dolls","25":"product_cat-girl-sex-dolls","26":"product_cat-hentai-sex-dolls","27":"product_cat-irontech-sex-dolls","28":"product_cat-japanese-sex-dolls","29":"product_cat-life-like-sex-dolls","30":"product_cat-life-size-sex-dolls","31":"product_cat-love-doll","32":"product_cat-midget-sex-doll","33":"product_cat-miniature-sex-doll","34":"product_cat-petite-sex-dolls","35":"product_cat-qita-doll","36":"product_cat-real-doll","37":"product_cat-silicone-sex-dolls","38":"product_cat-skinny-sex-dolls","39":"product_cat-small-breast-sex-doll","40":"product_cat-sy-doll","41":"product_cat-tantaly-sex-doll","42":"product_cat-teen-sex-dolls","43":"product_cat-tiny-sex-dolls","44":"product_cat-wm-doll","45":"product_cat-young-sex-dolls","46":"product_cat-zelex-doll","48":"first","49":"instock","50":"sale","51":"shipping-taxable","52":"purchasable","53":"product-type-simple"},"_links":{"self":[{"href":"https:\/\/www.sexdollmini.com\/is\/wp-json\/wp\/v2\/product\/17451","targetHints":{"allow":["GET"]}}],"collection":[{"href":"https:\/\/www.sexdollmini.com\/is\/wp-json\/wp\/v2\/product"}],"about":[{"href":"https:\/\/www.sexdollmini.com\/is\/wp-json\/wp\/v2\/types\/product"}],"replies":[{"embeddable":true,"href":"https:\/\/www.sexdollmini.com\/is\/wp-json\/wp\/v2\/comments?post=17451"}],"wp:featuredmedia":[{"embeddable":true,"href":"https:\/\/www.sexdollmini.com\/is\/wp-json\/wp\/v2\/media\/17463"}],"wp:attachment":[{"href":"https:\/\/www.sexdollmini.com\/is\/wp-json\/wp\/v2\/media?parent=17451"}],"wp:term":[{"taxonomy":"product_brand","embeddable":true,"href":"https:\/\/www.sexdollmini.com\/is\/wp-json\/wp\/v2\/product_brand?post=17451"},{"taxonomy":"product_cat","embeddable":true,"href":"https:\/\/www.sexdollmini.com\/is\/wp-json\/wp\/v2\/product_cat?post=17451"},{"taxonomy":"product_tag","embeddable":true,"href":"https:\/\/www.sexdollmini.com\/is\/wp-json\/wp\/v2\/product_tag?post=17451"}],"curies":[{"name":"wp","href":"https:\/\/api.w.org\/{rel}","templated":true}]}}