{"id":18338,"date":"2025-09-06T02:17:23","date_gmt":"2025-09-06T09:17:23","guid":{"rendered":"https:\/\/www.sexdollmini.com\/?post_type=product&#038;p=18338"},"modified":"2025-09-09T20:20:49","modified_gmt":"2025-09-10T03:20:49","slug":"zelma-lightweight-mini-sex-doll","status":"publish","type":"product","link":"https:\/\/www.sexdollmini.com\/is\/product\/zelma-lightweight-mini-sex-doll\/","title":{"rendered":"L\u00e9tt Zelma Mini kynl\u00edfsd\u00fakka"},"content":{"rendered":"<p>Fyrir f\u00f3lk sem finnur fyrir feimni, reynsluleysi e\u00f0a f\u00e9lagslegri kv\u00ed\u00f0a me\u00f0an \u00e1 kynl\u00edfi stendur, er h\u00e6gt a\u00f0 nota l\u00e9ttar kynl\u00edfsd\u00fakkur sem streitulaus \u00e6fingart\u00f3l. Mini kynl\u00edfsd\u00fakkur eru hagkv\u00e6mari en l\u00edfst\u00e6r\u00f0ar kynl\u00edfsd\u00fakkur og eru afar hagkv\u00e6mar. \u00de\u00e6r geta einnig hj\u00e1lpa\u00f0 \u00fe\u00e9r a\u00f0 l\u00e6ra a\u00f0 eiga samskipti vi\u00f0 maka \u00feinn og byggja upp sj\u00e1lfstraust, og \u00feannig undirb\u00faa \u00feig fyrir raunveruleg kynfer\u00f0isleg samb\u00f6nd \u00ed framt\u00ed\u00f0inni.<\/p>\n<p>&nbsp;<\/p>\n<div style=\"overflow-x: auto;\">\n<table style=\"border-collapse: collapse; width: 100%; border: 1px solid #eee; border-radius: 5px; overflow: hidden;\">\n<tbody>\n<tr style=\"background-color: black; color: white; text-align: center;\">\n<td style=\"font-weight: bold; border: 1px solid #eee; padding: 8px;\">H\u00e6\u00f0<\/td>\n<td style=\"border: 1px solid #eee; padding: 8px;\">100 cm<\/td>\n<td style=\"border: 1px solid #eee; padding: 8px;\">110 cm<\/td>\n<td style=\"border: 1px solid #eee; padding: 8px;\">125 cm<\/td>\n<\/tr>\n<tr style=\"background-color: white; text-align: center;\">\n<td style=\"font-weight: bold; border: 1px solid #eee; padding: 8px;\">Brj\u00f3stmynd<\/td>\n<td style=\"border: 1px solid #eee; padding: 8px;\">55<\/td>\n<td style=\"border: 1px solid #eee; padding: 8px;\">55<\/td>\n<td style=\"border: 1px solid #eee; padding: 8px;\">61<\/td>\n<\/tr>\n<tr style=\"background-color: #f7f7f7; text-align: center;\">\n<td style=\"font-weight: bold; border: 1px solid #eee; padding: 8px;\">Mitti\u00f0<\/td>\n<td style=\"border: 1px solid #eee; padding: 8px;\">36<\/td>\n<td style=\"border: 1px solid #eee; padding: 8px;\">35<\/td>\n<td style=\"border: 1px solid #eee; padding: 8px;\">39<\/td>\n<\/tr>\n<tr style=\"background-color: white; text-align: center;\">\n<td style=\"font-weight: bold; border: 1px solid #eee; padding: 8px;\">Mja\u00f0mir<\/td>\n<td style=\"border: 1px solid #eee; padding: 8px;\">58<\/td>\n<td style=\"border: 1px solid #eee; padding: 8px;\">59<\/td>\n<td style=\"border: 1px solid #eee; padding: 8px;\">71<\/td>\n<\/tr>\n<tr style=\"background-color: #f7f7f7; text-align: center;\">\n<td style=\"font-weight: bold; border: 1px solid #eee; padding: 8px;\">H\u00e1ls<\/td>\n<td style=\"border: 1px solid #eee; padding: 8px;\">18<\/td>\n<td style=\"border: 1px solid #eee; padding: 8px;\">11<\/td>\n<td style=\"border: 1px solid #eee; padding: 8px;\">22<\/td>\n<\/tr>\n<tr style=\"background-color: white; text-align: center;\">\n<td style=\"font-weight: bold; border: 1px solid #eee; padding: 8px;\">Axlabreidd<\/td>\n<td style=\"border: 1px solid #eee; padding: 8px;\">19<\/td>\n<td style=\"border: 1px solid #eee; padding: 8px;\">19<\/td>\n<td style=\"border: 1px solid #eee; padding: 8px;\">24<\/td>\n<\/tr>\n<tr style=\"background-color: #f7f7f7; text-align: center;\">\n<td style=\"font-weight: bold; border: 1px solid #eee; padding: 8px;\">Armlengd<\/td>\n<td style=\"border: 1px solid #eee; padding: 8px;\">41<\/td>\n<td style=\"border: 1px solid #eee; padding: 8px;\">41<\/td>\n<td style=\"border: 1px solid #eee; padding: 8px;\">50<\/td>\n<\/tr>\n<tr style=\"background-color: white; text-align: center;\">\n<td style=\"font-weight: bold; border: 1px solid #eee; padding: 8px;\">Lengd l\u00e6ri<\/td>\n<td style=\"border: 1px solid #eee; padding: 8px;\">20<\/td>\n<td style=\"border: 1px solid #eee; padding: 8px;\">22<\/td>\n<td style=\"border: 1px solid #eee; padding: 8px;\">25<\/td>\n<\/tr>\n<tr style=\"background-color: #f7f7f7; text-align: center;\">\n<td style=\"font-weight: bold; border: 1px solid #eee; padding: 8px;\">L\u00e6rumm\u00e1l<\/td>\n<td style=\"border: 1px solid #eee; padding: 8px;\">32<\/td>\n<td style=\"border: 1px solid #eee; padding: 8px;\">33<\/td>\n<td style=\"border: 1px solid #eee; padding: 8px;\">29<\/td>\n<\/tr>\n<tr style=\"background-color: white; text-align: center;\">\n<td style=\"font-weight: bold; border: 1px solid #eee; padding: 8px;\">Lengd f\u00f3tleggs<\/td>\n<td style=\"border: 1px solid #eee; padding: 8px;\">25<\/td>\n<td style=\"border: 1px solid #eee; padding: 8px;\">29<\/td>\n<td style=\"border: 1px solid #eee; padding: 8px;\">37<\/td>\n<\/tr>\n<tr style=\"background-color: #f7f7f7; text-align: center;\">\n<td style=\"font-weight: bold; border: 1px solid #eee; padding: 8px;\">P\u00e1lmi<\/td>\n<td style=\"border: 1px solid #eee; padding: 8px;\">11<\/td>\n<td style=\"border: 1px solid #eee; padding: 8px;\">11<\/td>\n<td style=\"border: 1px solid #eee; padding: 8px;\">12.5<\/td>\n<\/tr>\n<tr style=\"background-color: white; text-align: center;\">\n<td style=\"font-weight: bold; border: 1px solid #eee; padding: 8px;\">F\u00f3tur a\u00f0 lengd<\/td>\n<td style=\"border: 1px solid #eee; padding: 8px;\">13<\/td>\n<td style=\"border: 1px solid #eee; padding: 8px;\">15<\/td>\n<td style=\"border: 1px solid #eee; padding: 8px;\">15<\/td>\n<\/tr>\n<tr style=\"background-color: #f7f7f7; text-align: center;\">\n<td style=\"font-weight: bold; border: 1px solid #eee; padding: 8px;\">Nett\u00f3\u00feyngd<\/td>\n<td style=\"border: 1px solid #eee; padding: 8px;\">12.5<\/td>\n<td style=\"border: 1px solid #eee; padding: 8px;\">14<\/td>\n<td style=\"border: 1px solid #eee; padding: 8px;\">17<\/td>\n<\/tr>\n<tr style=\"background-color: white; text-align: center;\">\n<td style=\"font-weight: bold; border: 1px solid #eee; padding: 8px;\">D\u00fdpt munnsins<\/td>\n<td style=\"border: 1px solid #eee; padding: 8px;\">12<\/td>\n<td style=\"border: 1px solid #eee; padding: 8px;\">12<\/td>\n<td style=\"border: 1px solid #eee; padding: 8px;\">15<\/td>\n<\/tr>\n<tr style=\"background-color: #f7f7f7; text-align: center;\">\n<td style=\"font-weight: bold; border: 1px solid #eee; padding: 8px;\">D\u00fdpt legg\u00f6ngunnar<\/td>\n<td style=\"border: 1px solid #eee; padding: 8px;\">15<\/td>\n<td style=\"border: 1px solid #eee; padding: 8px;\">15<\/td>\n<td style=\"border: 1px solid #eee; padding: 8px;\">16<\/td>\n<\/tr>\n<tr style=\"background-color: white; text-align: center;\">\n<td style=\"font-weight: bold; border: 1px solid #eee; padding: 8px;\">D\u00fdpt enda\u00fearmsins<\/td>\n<td style=\"border: 1px solid #eee; padding: 8px;\">15<\/td>\n<td style=\"border: 1px solid #eee; padding: 8px;\">15<\/td>\n<td style=\"border: 1px solid #eee; padding: 8px;\">16<\/td>\n<\/tr>\n<tr style=\"background-color: #f7f7f7; text-align: center;\">\n<td style=\"font-weight: bold; border: 1px solid #eee; padding: 8px;\">Pakka\u00f0 \u00feyngd<\/td>\n<td style=\"border: 1px solid #eee; padding: 8px;\">14<\/td>\n<td style=\"border: 1px solid #eee; padding: 8px;\">16<\/td>\n<td style=\"border: 1px solid #eee; padding: 8px;\">19.5<\/td>\n<\/tr>\n<tr style=\"background-color: white; text-align: center;\">\n<td style=\"font-weight: bold; border: 1px solid #eee; padding: 8px;\">St\u00e6r\u00f0 pakkans<\/td>\n<td style=\"border: 1px solid #eee; padding: 8px;\">92*30*22<\/td>\n<td style=\"border: 1px solid #eee; padding: 8px;\">97*30*22<\/td>\n<td style=\"border: 1px solid #eee; padding: 8px;\">113*30*22<\/td>\n<\/tr>\n<tr style=\"background-color: #f7f7f7; text-align: center;\">\n<td style=\"font-weight: bold; border: 1px solid #eee; padding: 8px;\">Pakkalisti<\/td>\n<td style=\"border: 1px solid #eee; padding: 8px;\" colspan=\"3\">Inniheldur: 1 kynl\u00edfsd\u00fakku, 1 handah\u00f3fskennda h\u00e1rkollu, 1 par af augum, 1 handah\u00f3fskenndan n\u00e6rf\u00f6tasett, 1 par af h\u00f6nskum og 1 grei\u00f0u.<\/td>\n<\/tr>\n<\/tbody>\n<\/table>\n<\/div>\n<p style=\"font-size: 14px; color: #555; text-align: center; margin-top: 10px;\">Athugi\u00f0: Allar m\u00e6lingar eru teknar handvirkt. Fr\u00e1vik upp \u00e1 1\u20133 cm telst e\u00f0lilegt.<\/p>\n\n<p>&nbsp;<\/p>\n<p>&nbsp;<\/p>","protected":false},"excerpt":{"rendered":"<p>L\u00e9ttar kynl\u00edfsd\u00fakkur eru au\u00f0veldar \u00ed flutningi og felun. Ef \u00fe\u00fa ert byrjandi \u00ed kynl\u00edfsleik e\u00f0a safnari kynl\u00edfsd\u00fakkna, \u00fe\u00e1 er \u00feessi kynl\u00edfsd\u00fakka g\u00f3\u00f0ur kostur.<\/p>","protected":false},"featured_media":18372,"comment_status":"open","ping_status":"closed","template":"","meta":[],"product_brand":[],"product_cat":[53,55,56,57,74,18,81,24,27,23,64,70,28,65,30,38,73,41,82,79,62,26,39,66,80,40,31,69,32,77,25,33,29,20,148,21,34,72,19,42,44,71,76,36,35,84,63,61,75,37,78],"product_tag":[],"class_list":{"0":"post-18338","1":"product","2":"type-product","3":"status-publish","4":"has-post-thumbnail","6":"product_cat-100cm-sex-dolls","7":"product_cat-110cm-sex-dolls","8":"product_cat-120cm-sex-dolls","9":"product_cat-125cm-sex-dolls","10":"product_cat-6ye-doll","11":"product_cat-adult-doll","12":"product_cat-aibei-doll","13":"product_cat-american-sex-doll","14":"product_cat-anime-sex-dolls","15":"product_cat-asian-sex-doll","16":"product_cat-australia-stock-sex-doll","17":"product_cat-axb-doll","18":"product_cat-blonde-sex-doll","19":"product_cat-canada-stock-sex-doll","20":"product_cat-cheap-sex-doll","21":"product_cat-chubby-sex-dolls","22":"product_cat-climax-doll","23":"product_cat-curvy-sex-dolls","24":"product_cat-dolls-castle","25":"product_cat-elsa-babe","26":"product_cat-eu-stock-sex-doll","27":"product_cat-european-sex-dolls","28":"product_cat-fantasy-sex-doll","29":"product_cat-female-sex-dolls","30":"product_cat-fire-doll","31":"product_cat-full-body-sex-dolls","32":"product_cat-full-size-sex-dolls","33":"product_cat-girl-sex-dolls","34":"product_cat-hentai-sex-dolls","35":"product_cat-irontech-sex-dolls","36":"product_cat-japanese-sex-dolls","37":"product_cat-life-like-sex-dolls","38":"product_cat-life-size-sex-dolls","39":"product_cat-love-doll","40":"product_cat-midget-sex-doll","41":"product_cat-miniature-sex-doll","42":"product_cat-petite-sex-dolls","43":"product_cat-qita-doll","44":"product_cat-real-doll","45":"product_cat-skinny-sex-dolls","46":"product_cat-small-breast-sex-doll","47":"product_cat-sy-doll","48":"product_cat-tantaly-sex-doll","49":"product_cat-teen-sex-dolls","50":"product_cat-tiny-sex-dolls","51":"product_cat-tpe-sex-dolls","52":"product_cat-uk-stock-sex-doll","53":"product_cat-us-stock-sex-dolls","54":"product_cat-wm-doll","55":"product_cat-young-sex-dolls","56":"product_cat-zelex-doll","58":"first","59":"instock","60":"sale","61":"shipping-taxable","62":"purchasable","63":"product-type-variable","64":"has-default-attributes"},"_links":{"self":[{"href":"https:\/\/www.sexdollmini.com\/is\/wp-json\/wp\/v2\/product\/18338","targetHints":{"allow":["GET"]}}],"collection":[{"href":"https:\/\/www.sexdollmini.com\/is\/wp-json\/wp\/v2\/product"}],"about":[{"href":"https:\/\/www.sexdollmini.com\/is\/wp-json\/wp\/v2\/types\/product"}],"replies":[{"embeddable":true,"href":"https:\/\/www.sexdollmini.com\/is\/wp-json\/wp\/v2\/comments?post=18338"}],"wp:featuredmedia":[{"embeddable":true,"href":"https:\/\/www.sexdollmini.com\/is\/wp-json\/wp\/v2\/media\/18372"}],"wp:attachment":[{"href":"https:\/\/www.sexdollmini.com\/is\/wp-json\/wp\/v2\/media?parent=18338"}],"wp:term":[{"taxonomy":"product_brand","embeddable":true,"href":"https:\/\/www.sexdollmini.com\/is\/wp-json\/wp\/v2\/product_brand?post=18338"},{"taxonomy":"product_cat","embeddable":true,"href":"https:\/\/www.sexdollmini.com\/is\/wp-json\/wp\/v2\/product_cat?post=18338"},{"taxonomy":"product_tag","embeddable":true,"href":"https:\/\/www.sexdollmini.com\/is\/wp-json\/wp\/v2\/product_tag?post=18338"}],"curies":[{"name":"wp","href":"https:\/\/api.w.org\/{rel}","templated":true}]}}