{"id":19402,"date":"2025-10-19T10:43:29","date_gmt":"2025-10-19T17:43:29","guid":{"rendered":"https:\/\/www.sexdollmini.com\/?post_type=product&#038;p=19402"},"modified":"2026-05-07T05:01:11","modified_gmt":"2026-05-07T12:01:11","slug":"eira-real-flat-chested-sex-doll","status":"publish","type":"product","link":"https:\/\/www.sexdollmini.com\/is\/product\/eira-real-flat-chested-sex-doll\/","title":{"rendered":"Eira Alv\u00f6ru fl\u00f6tbrj\u00f3sta kynl\u00edfsd\u00fakka"},"content":{"rendered":"<h2>Uppl\u00fdsingar um kynl\u00edfsd\u00fakkur<\/h2>\n<p>Kynl\u00edfsd\u00fakkan me\u00f0 flata bringu er 22 \u00e1ra g\u00f6mul og hefur n\u00e1tt\u00farulega l\u00edtil, flatbrj\u00f3st brj\u00f3st. \u00deegar raunverulega kynl\u00edfsd\u00fakkan lokar augunum l\u00edtur h\u00fan \u00fat eins og h\u00fan s\u00e9 a\u00f0 nj\u00f3ta alls. Kynl\u00edfsd\u00fakka me\u00f0 loku\u00f0 augu getur veri\u00f0 mj\u00f6g kyn\u00feokkafull og raunveruleg.<\/p>\n<p>&nbsp;<\/p>\n<p>H\u00e6\u00f0: 100 cm<br \/>\nBrj\u00f3st: 49 cm<br \/>\nMitti: 39 cm<br \/>\nMja\u00f0mir: 59 cm<br \/>\nD\u00fdpt enda\u00fearms: 11 cm<br \/>\nD\u00fdpt legg\u00f6ngu: 14 cm<br \/>\nMunnd\u00fdpt: 10 cm<br \/>\nNett\u00f3\u00feyngd: 13 kg<br \/>\nHeildar\u00feyngd: 15 kg<\/p>\n<p>&nbsp;<\/p>\n<p>Vinsamlegast leyfi\u00f0 2-4 cm mismun \u00e1 handvirkri m\u00e6lingu vegna handvirkrar m\u00e6lingar.<\/p>","protected":false},"excerpt":{"rendered":"<p>\u00deegar \u00fe\u00fa f\u00e6r\u00f0 nakta kynl\u00edfsd\u00fakku getur\u00f0u kl\u00e6tt hana upp, til d\u00e6mis me\u00f0 \u00fev\u00ed a\u00f0 kl\u00e6\u00f0a \u00feig \u00ed falleg f\u00f6t og ra\u00f0a h\u00e1rkollum og f\u00f6r\u00f0un. \u00deessi \u00f3\u00e1berandi sm\u00e1atri\u00f0i geta gert kynl\u00edfsd\u00fakkuna raunverulegri.<\/p>","protected":false},"featured_media":19405,"comment_status":"open","ping_status":"closed","template":"","meta":[],"product_brand":[],"product_cat":[53,74,18,81,24,27,23,70,28,30,38,73,41,82,79,62,26,39,66,80,43,40,31,69,32,77,25,33,29,20,21,34,72,19,42,44,71,76,36,35,84,61,75,37,78],"product_tag":[],"class_list":{"0":"post-19402","1":"product","2":"type-product","3":"status-publish","4":"has-post-thumbnail","6":"product_cat-100cm-sex-dolls","7":"product_cat-6ye-doll","8":"product_cat-adult-doll","9":"product_cat-aibei-doll","10":"product_cat-american-sex-doll","11":"product_cat-anime-sex-dolls","12":"product_cat-asian-sex-doll","13":"product_cat-axb-doll","14":"product_cat-blonde-sex-doll","15":"product_cat-cheap-sex-doll","16":"product_cat-chubby-sex-dolls","17":"product_cat-climax-doll","18":"product_cat-curvy-sex-dolls","19":"product_cat-dolls-castle","20":"product_cat-elsa-babe","21":"product_cat-eu-stock-sex-doll","22":"product_cat-european-sex-dolls","23":"product_cat-fantasy-sex-doll","24":"product_cat-female-sex-dolls","25":"product_cat-fire-doll","26":"product_cat-flat-chested-sex-doll","27":"product_cat-full-body-sex-dolls","28":"product_cat-full-size-sex-dolls","29":"product_cat-girl-sex-dolls","30":"product_cat-hentai-sex-dolls","31":"product_cat-irontech-sex-dolls","32":"product_cat-japanese-sex-dolls","33":"product_cat-life-like-sex-dolls","34":"product_cat-life-size-sex-dolls","35":"product_cat-love-doll","36":"product_cat-miniature-sex-doll","37":"product_cat-petite-sex-dolls","38":"product_cat-qita-doll","39":"product_cat-real-doll","40":"product_cat-skinny-sex-dolls","41":"product_cat-small-breast-sex-doll","42":"product_cat-sy-doll","43":"product_cat-tantaly-sex-doll","44":"product_cat-teen-sex-dolls","45":"product_cat-tiny-sex-dolls","46":"product_cat-tpe-sex-dolls","47":"product_cat-us-stock-sex-dolls","48":"product_cat-wm-doll","49":"product_cat-young-sex-dolls","50":"product_cat-zelex-doll","52":"first","53":"instock","54":"sale","55":"shipping-taxable","56":"purchasable","57":"product-type-simple"},"_links":{"self":[{"href":"https:\/\/www.sexdollmini.com\/is\/wp-json\/wp\/v2\/product\/19402","targetHints":{"allow":["GET"]}}],"collection":[{"href":"https:\/\/www.sexdollmini.com\/is\/wp-json\/wp\/v2\/product"}],"about":[{"href":"https:\/\/www.sexdollmini.com\/is\/wp-json\/wp\/v2\/types\/product"}],"replies":[{"embeddable":true,"href":"https:\/\/www.sexdollmini.com\/is\/wp-json\/wp\/v2\/comments?post=19402"}],"wp:featuredmedia":[{"embeddable":true,"href":"https:\/\/www.sexdollmini.com\/is\/wp-json\/wp\/v2\/media\/19405"}],"wp:attachment":[{"href":"https:\/\/www.sexdollmini.com\/is\/wp-json\/wp\/v2\/media?parent=19402"}],"wp:term":[{"taxonomy":"product_brand","embeddable":true,"href":"https:\/\/www.sexdollmini.com\/is\/wp-json\/wp\/v2\/product_brand?post=19402"},{"taxonomy":"product_cat","embeddable":true,"href":"https:\/\/www.sexdollmini.com\/is\/wp-json\/wp\/v2\/product_cat?post=19402"},{"taxonomy":"product_tag","embeddable":true,"href":"https:\/\/www.sexdollmini.com\/is\/wp-json\/wp\/v2\/product_tag?post=19402"}],"curies":[{"name":"wp","href":"https:\/\/api.w.org\/{rel}","templated":true}]}}