{"id":19509,"date":"2025-11-14T07:31:51","date_gmt":"2025-11-14T15:31:51","guid":{"rendered":"https:\/\/www.sexdollmini.com\/?post_type=product&#038;p=19509"},"modified":"2026-05-07T05:04:47","modified_gmt":"2026-05-07T12:04:47","slug":"peregrine-65cm-white-petite-sex-doll","status":"publish","type":"product","link":"https:\/\/www.sexdollmini.com\/is\/product\/peregrine-65cm-white-petite-sex-doll\/","title":{"rendered":"Hv\u00edt, l\u00edtil kynl\u00edfsd\u00fakka fr\u00e1 Peregrine, 65 cm"},"content":{"rendered":"<h2>Uppl\u00fdsingar um kynl\u00edfsd\u00fakkur<\/h2>\n<p>Hv\u00edta kynl\u00edfsd\u00fakkan er me\u00f0 lj\u00f3sa h\u00fa\u00f0 og as\u00edsk andlitsdr\u00e6tti. \u00deessi sm\u00e1vaxna kynl\u00edfsd\u00fakka er falleg og \u00far TPE-efni. \u00de\u00f3 a\u00f0 kynl\u00edfsd\u00fakkan s\u00e9 mj\u00f3 er h\u00fan samt me\u00f0 beinagrind a\u00f0 innan sem getur stutt hana vi\u00f0 a\u00f0 skipta um stellingar.<\/p>\n<p>H\u00e6\u00f0: 65 cm<br \/>\n\u00deyngd: 6 kg<br \/>\nBrj\u00f3st: 37 cm<br \/>\nMitti: 29 cm<br \/>\nMja\u00f0mir: 44 cm<br \/>\nD\u00fdpt legganga: 11 cm<\/p>\n<p>&nbsp;<\/p>\n<p>Vinsamlegast leyfi\u00f0 2-4 cm mismun \u00e1 handvirkri m\u00e6lingu vegna handvirkrar m\u00e6lingar.<\/p>","protected":false},"excerpt":{"rendered":"<p>L\u00edtil kynl\u00edfsd\u00fakkan er me\u00f0 noth\u00e6fa r\u00e1s og innra byr\u00f0i legganganna er s\u00e9rstaklega h\u00f6nnu\u00f0 til a\u00f0 koma \u00fe\u00e9r flj\u00f3tt til fulln\u00e6gingar.<\/p>","protected":false},"featured_media":19515,"comment_status":"open","ping_status":"closed","template":"","meta":[],"product_brand":[],"product_cat":[48,74,49,18,81,24,27,23,70,28,30,38,73,41,82,79,39,66,80,40,31,69,32,77,25,33,29,20,148,21,34,72,19,42,71,76,36,35,84,61,75,37,78],"product_tag":[],"class_list":{"0":"post-19509","1":"product","2":"type-product","3":"status-publish","4":"has-post-thumbnail","6":"product_cat-65cm-sex-dolls","7":"product_cat-6ye-doll","8":"product_cat-70cm-sex-dolls","9":"product_cat-adult-doll","10":"product_cat-aibei-doll","11":"product_cat-american-sex-doll","12":"product_cat-anime-sex-dolls","13":"product_cat-asian-sex-doll","14":"product_cat-axb-doll","15":"product_cat-blonde-sex-doll","16":"product_cat-cheap-sex-doll","17":"product_cat-chubby-sex-dolls","18":"product_cat-climax-doll","19":"product_cat-curvy-sex-dolls","20":"product_cat-dolls-castle","21":"product_cat-elsa-babe","22":"product_cat-fantasy-sex-doll","23":"product_cat-female-sex-dolls","24":"product_cat-fire-doll","25":"product_cat-full-body-sex-dolls","26":"product_cat-full-size-sex-dolls","27":"product_cat-girl-sex-dolls","28":"product_cat-hentai-sex-dolls","29":"product_cat-irontech-sex-dolls","30":"product_cat-japanese-sex-dolls","31":"product_cat-life-like-sex-dolls","32":"product_cat-life-size-sex-dolls","33":"product_cat-love-doll","34":"product_cat-midget-sex-doll","35":"product_cat-miniature-sex-doll","36":"product_cat-petite-sex-dolls","37":"product_cat-qita-doll","38":"product_cat-real-doll","39":"product_cat-skinny-sex-dolls","40":"product_cat-sy-doll","41":"product_cat-tantaly-sex-doll","42":"product_cat-teen-sex-dolls","43":"product_cat-tiny-sex-dolls","44":"product_cat-tpe-sex-dolls","45":"product_cat-us-stock-sex-dolls","46":"product_cat-wm-doll","47":"product_cat-young-sex-dolls","48":"product_cat-zelex-doll","50":"first","51":"instock","52":"sale","53":"shipping-taxable","54":"purchasable","55":"product-type-simple"},"_links":{"self":[{"href":"https:\/\/www.sexdollmini.com\/is\/wp-json\/wp\/v2\/product\/19509","targetHints":{"allow":["GET"]}}],"collection":[{"href":"https:\/\/www.sexdollmini.com\/is\/wp-json\/wp\/v2\/product"}],"about":[{"href":"https:\/\/www.sexdollmini.com\/is\/wp-json\/wp\/v2\/types\/product"}],"replies":[{"embeddable":true,"href":"https:\/\/www.sexdollmini.com\/is\/wp-json\/wp\/v2\/comments?post=19509"}],"wp:featuredmedia":[{"embeddable":true,"href":"https:\/\/www.sexdollmini.com\/is\/wp-json\/wp\/v2\/media\/19515"}],"wp:attachment":[{"href":"https:\/\/www.sexdollmini.com\/is\/wp-json\/wp\/v2\/media?parent=19509"}],"wp:term":[{"taxonomy":"product_brand","embeddable":true,"href":"https:\/\/www.sexdollmini.com\/is\/wp-json\/wp\/v2\/product_brand?post=19509"},{"taxonomy":"product_cat","embeddable":true,"href":"https:\/\/www.sexdollmini.com\/is\/wp-json\/wp\/v2\/product_cat?post=19509"},{"taxonomy":"product_tag","embeddable":true,"href":"https:\/\/www.sexdollmini.com\/is\/wp-json\/wp\/v2\/product_tag?post=19509"}],"curies":[{"name":"wp","href":"https:\/\/api.w.org\/{rel}","templated":true}]}}