{"id":15946,"date":"2025-05-23T06:35:30","date_gmt":"2025-05-23T13:35:30","guid":{"rendered":"https:\/\/www.sexdollmini.com\/?post_type=product&#038;p=15946"},"modified":"2026-05-01T19:07:51","modified_gmt":"2026-05-02T02:07:51","slug":"queenie-flat-chest-flexible-sex-doll","status":"publish","type":"product","link":"https:\/\/www.sexdollmini.com\/it\/prodotto\/queenie-flat-chest-flexible-sex-doll\/","title":{"rendered":"Bambola del sesso flessibile Queenie con petto piatto"},"content":{"rendered":"<h2>Dettagli delle bambole del sesso<\/h2>\n<p>La bambola del sesso ha 20 anni, \u00e8 una bambola del sesso a figura intera ed \u00e8 molto fedele al suo proprietario, ama stare con lui e fare tutto, apprezza le cose belle della vita e, ancora di pi\u00f9, apprezza tutto ci\u00f2 che le offri. Le bambole del sesso sanno stare tranquille e ascoltare tutto ci\u00f2 che dici, senza provare sentimenti negativi. Le bambole del sesso non hanno bisogno di essere socializzate, il che rende la tua vita molto pi\u00f9 facile.<\/p>\n<p>&nbsp;<\/p>\n<p>Altezza: 100 cm<br \/>\nSeno: 46 cm<br \/>\nVita: 38 cm<br \/>\nAnca: 59 cm<br \/>\nProfondit\u00e0 dell&#039;ano: 8 cm<br \/>\nProfondit\u00e0 della vagina: 14 cm<br \/>\nProfondit\u00e0 della bocca: 12 cm<br \/>\nPeso netto: 13 kg<br \/>\nPeso lordo: 15 kg<\/p>\n<p>&nbsp;<\/p>\n<p>Altezza: 125 cm<br \/>\nSeno: 55 cm<br \/>\nVita: 42 cm<br \/>\nAnca: 62 cm<br \/>\nProfondit\u00e0 dell&#039;ano: 16 cm<br \/>\nProfondit\u00e0 della vagina: 17 cm<br \/>\nProfondit\u00e0 della bocca: 12 cm<br \/>\nPeso netto: 17 kg<br \/>\nPeso lordo: 20 kg<\/p>\n<p>&nbsp;<\/p>\n<p>&nbsp;<\/p>\n<p>Si prega di considerare 2-4 cm di differenza nella misurazione manuale.<\/p>","protected":false},"excerpt":{"rendered":"<p>La pelle delle bambole del sesso in TPE \u00e8 morbida al tatto ed elastica. Per la cura delle bambole del sesso, \u00e8 possibile utilizzare del talco per bambini per mantenere la pelle asciutta e prolungarne la durata.<\/p>","protected":false},"featured_media":15964,"comment_status":"open","ping_status":"closed","template":"","meta":[],"product_brand":[],"product_cat":[53,56,57,74,18,81,24,27,23,64,70,28,65,30,38,73,41,82,79,62,26,39,66,80,43,40,31,69,32,77,25,33,29,20,21,34,72,19,42,44,71,76,36,35,84,63,61,75,37,78],"product_tag":[],"class_list":{"0":"post-15946","1":"product","2":"type-product","3":"status-publish","4":"has-post-thumbnail","6":"product_cat-100cm-sex-dolls","7":"product_cat-120cm-sex-dolls","8":"product_cat-125cm-sex-dolls","9":"product_cat-6ye-doll","10":"product_cat-adult-doll","11":"product_cat-aibei-doll","12":"product_cat-american-sex-doll","13":"product_cat-anime-sex-dolls","14":"product_cat-asian-sex-doll","15":"product_cat-australia-stock-sex-doll","16":"product_cat-axb-doll","17":"product_cat-blonde-sex-doll","18":"product_cat-canada-stock-sex-doll","19":"product_cat-cheap-sex-doll","20":"product_cat-chubby-sex-dolls","21":"product_cat-climax-doll","22":"product_cat-curvy-sex-dolls","23":"product_cat-dolls-castle","24":"product_cat-elsa-babe","25":"product_cat-eu-stock-sex-doll","26":"product_cat-european-sex-dolls","27":"product_cat-fantasy-sex-doll","28":"product_cat-female-sex-dolls","29":"product_cat-fire-doll","30":"product_cat-flat-chested-sex-doll","31":"product_cat-full-body-sex-dolls","32":"product_cat-full-size-sex-dolls","33":"product_cat-girl-sex-dolls","34":"product_cat-hentai-sex-dolls","35":"product_cat-irontech-sex-dolls","36":"product_cat-japanese-sex-dolls","37":"product_cat-life-like-sex-dolls","38":"product_cat-life-size-sex-dolls","39":"product_cat-love-doll","40":"product_cat-miniature-sex-doll","41":"product_cat-petite-sex-dolls","42":"product_cat-qita-doll","43":"product_cat-real-doll","44":"product_cat-skinny-sex-dolls","45":"product_cat-small-breast-sex-doll","46":"product_cat-sy-doll","47":"product_cat-tantaly-sex-doll","48":"product_cat-teen-sex-dolls","49":"product_cat-tiny-sex-dolls","50":"product_cat-tpe-sex-dolls","51":"product_cat-uk-stock-sex-doll","52":"product_cat-us-stock-sex-dolls","53":"product_cat-wm-doll","54":"product_cat-young-sex-dolls","55":"product_cat-zelex-doll","57":"first","58":"instock","59":"sale","60":"shipping-taxable","61":"purchasable","62":"product-type-variable","63":"has-default-attributes"},"_links":{"self":[{"href":"https:\/\/www.sexdollmini.com\/it\/wp-json\/wp\/v2\/product\/15946","targetHints":{"allow":["GET"]}}],"collection":[{"href":"https:\/\/www.sexdollmini.com\/it\/wp-json\/wp\/v2\/product"}],"about":[{"href":"https:\/\/www.sexdollmini.com\/it\/wp-json\/wp\/v2\/types\/product"}],"replies":[{"embeddable":true,"href":"https:\/\/www.sexdollmini.com\/it\/wp-json\/wp\/v2\/comments?post=15946"}],"wp:featuredmedia":[{"embeddable":true,"href":"https:\/\/www.sexdollmini.com\/it\/wp-json\/wp\/v2\/media\/15964"}],"wp:attachment":[{"href":"https:\/\/www.sexdollmini.com\/it\/wp-json\/wp\/v2\/media?parent=15946"}],"wp:term":[{"taxonomy":"product_brand","embeddable":true,"href":"https:\/\/www.sexdollmini.com\/it\/wp-json\/wp\/v2\/product_brand?post=15946"},{"taxonomy":"product_cat","embeddable":true,"href":"https:\/\/www.sexdollmini.com\/it\/wp-json\/wp\/v2\/product_cat?post=15946"},{"taxonomy":"product_tag","embeddable":true,"href":"https:\/\/www.sexdollmini.com\/it\/wp-json\/wp\/v2\/product_tag?post=15946"}],"curies":[{"name":"wp","href":"https:\/\/api.w.org\/{rel}","templated":true}]}}