{"id":16268,"date":"2025-06-09T00:33:45","date_gmt":"2025-06-09T07:33:45","guid":{"rendered":"https:\/\/www.sexdollmini.com\/?post_type=product&#038;p=16268"},"modified":"2025-08-03T19:23:46","modified_gmt":"2025-08-04T02:23:46","slug":"orva-flat-half-body-sex-doll-torso","status":"publish","type":"product","link":"https:\/\/www.sexdollmini.com\/it\/prodotto\/orva-flat-half-body-sex-doll-torso\/","title":{"rendered":"Orva Piatto La Met\u00e0 Del Corpo Bambola Del Sesso Busto"},"content":{"rendered":"<h2>Dettagli delle bambole del sesso<\/h2>\n<p>Il torso piatto della bambola del sesso \u00e8 molto popolare tra i giocatori, e il petto piatto \u00e8 la caratteristica di questa bambola del sesso. Non solo pu\u00f2 soddisfare le tue esigenze sessuali, ma pu\u00f2 anche essere collezionata come un tesoro. Il torso piatto della bambola del sesso a mezzo busto \u00e8 facile da riporre e spostare. Se hai bisogno di traslocare o viaggiare spesso, non avrai molti problemi a raccogliere questa bambola del sesso, e il torso della bambola del sesso a mezzo busto pu\u00f2 farti risparmiare molto spazio.<\/p>\n<p>Altezza: 47 cm<br \/>\nBusto: 47 cm<br \/>\nVita: 42 cm<br \/>\nAnca: 70 cm<br \/>\nLarghezza spalle: 25 cm<br \/>\nProfondit\u00e0 della vagina: 16 cm<br \/>\nProfondit\u00e0 dell&#039;ano: 16 cm<br \/>\nPeso netto: 9 kg<br \/>\nSpecifiche della scatola: 65*34*29<br \/>\nPeso lordo: 12 kg<\/p>\n<p>&nbsp;<\/p>\n<p>Si prega di considerare 2-4 cm di differenza nella misurazione manuale.<\/p>","protected":false},"excerpt":{"rendered":"<p>Suggerimenti per la cura delle bambole del sesso: evitare di scegliere abiti di colore scuro per le bambole del sesso ed evitare che gli abiti di colore scuro entrino in contatto con i materiali TPE per lungo tempo, per evitare macchie.<br \/>\nSe si desidera che la bambola del sesso duri pi\u00f9 a lungo, si consiglia di scegliere un cuscino morbido per la bambola del sesso e di mantenerla in una posizione naturale.<\/p>","protected":false},"featured_media":16270,"comment_status":"open","ping_status":"closed","template":"","meta":[],"product_brand":[],"product_cat":[18,73,82,79,66,80,43,146,20,21,34,60,42,71,84,75,78],"product_tag":[],"class_list":{"0":"post-16268","1":"product","2":"type-product","3":"status-publish","4":"has-post-thumbnail","6":"product_cat-adult-doll","7":"product_cat-climax-doll","8":"product_cat-dolls-castle","9":"product_cat-elsa-babe","10":"product_cat-female-sex-dolls","11":"product_cat-fire-doll","12":"product_cat-flat-chested-sex-doll","13":"product_cat-half-body-sex-doll-torso","14":"product_cat-love-doll","15":"product_cat-miniature-sex-doll","16":"product_cat-petite-sex-dolls","17":"product_cat-sex-doll-torso","18":"product_cat-skinny-sex-dolls","19":"product_cat-sy-doll","20":"product_cat-tpe-sex-dolls","21":"product_cat-wm-doll","22":"product_cat-zelex-doll","24":"first","25":"instock","26":"sale","27":"shipping-taxable","28":"purchasable","29":"product-type-simple"},"_links":{"self":[{"href":"https:\/\/www.sexdollmini.com\/it\/wp-json\/wp\/v2\/product\/16268","targetHints":{"allow":["GET"]}}],"collection":[{"href":"https:\/\/www.sexdollmini.com\/it\/wp-json\/wp\/v2\/product"}],"about":[{"href":"https:\/\/www.sexdollmini.com\/it\/wp-json\/wp\/v2\/types\/product"}],"replies":[{"embeddable":true,"href":"https:\/\/www.sexdollmini.com\/it\/wp-json\/wp\/v2\/comments?post=16268"}],"wp:featuredmedia":[{"embeddable":true,"href":"https:\/\/www.sexdollmini.com\/it\/wp-json\/wp\/v2\/media\/16270"}],"wp:attachment":[{"href":"https:\/\/www.sexdollmini.com\/it\/wp-json\/wp\/v2\/media?parent=16268"}],"wp:term":[{"taxonomy":"product_brand","embeddable":true,"href":"https:\/\/www.sexdollmini.com\/it\/wp-json\/wp\/v2\/product_brand?post=16268"},{"taxonomy":"product_cat","embeddable":true,"href":"https:\/\/www.sexdollmini.com\/it\/wp-json\/wp\/v2\/product_cat?post=16268"},{"taxonomy":"product_tag","embeddable":true,"href":"https:\/\/www.sexdollmini.com\/it\/wp-json\/wp\/v2\/product_tag?post=16268"}],"curies":[{"name":"wp","href":"https:\/\/api.w.org\/{rel}","templated":true}]}}