{"id":16525,"date":"2025-06-12T23:54:55","date_gmt":"2025-06-13T06:54:55","guid":{"rendered":"https:\/\/www.sexdollmini.com\/?post_type=product&#038;p=16525"},"modified":"2025-11-13T00:24:14","modified_gmt":"2025-11-13T08:24:14","slug":"perfect-flexible-flat-sex-doll-torso","status":"publish","type":"product","link":"https:\/\/www.sexdollmini.com\/it\/prodotto\/perfect-flexible-flat-sex-doll-torso\/","title":{"rendered":"Torso di bambola del sesso piatto flessibile perfetto"},"content":{"rendered":"<h2>Dettagli delle bambole del sesso<\/h2>\n<p>Il torso di bambola del sesso a petto piatto ha uno scheletro metallico interno ed \u00e8 un torso di bambola del sesso flessibile a petto piatto. Il torso di bambola del sesso a petto piatto \u00e8 molto speciale e perfetto per i collezionisti. Se viaggi spesso o sei spesso in viaggio, \u00e8 molto facile portare con te questo torso di bambola del sesso. \u00c8 moderatamente pesante e facile da riporre.<\/p>\n<p>Altezza: 61 cm<br \/>\nBusto: 57 cm<br \/>\nVita: 51 cm<br \/>\nFianchi: 69 cm<br \/>\nProfondit\u00e0 vaginale: 14 cm<br \/>\nProfondit\u00e0 anale: 13 cm<br \/>\nPeso: 12 kg<br \/>\nImballaggio: 65*33*21cm<\/p>\n<p>&nbsp;<\/p>\n<p>Si prega di considerare 2-4 cm di differenza nella misurazione manuale.<\/p>","protected":false},"excerpt":{"rendered":"<p>Se non hai un budget elevato per l&#039;acquisto di bambole del sesso, potresti prendere in considerazione questo torso di bambola del sesso dal seno piatto. Non \u00e8 n\u00e9 leggero n\u00e9 pesante e pu\u00f2 regalarti un&#039;esperienza sessuale appagante.<\/p>","protected":false},"featured_media":16526,"comment_status":"open","ping_status":"closed","template":"","meta":[],"product_brand":[],"product_cat":[73,66,43,146,60,84],"product_tag":[],"class_list":{"0":"post-16525","1":"product","2":"type-product","3":"status-publish","4":"has-post-thumbnail","6":"product_cat-climax-doll","7":"product_cat-female-sex-dolls","8":"product_cat-flat-chested-sex-doll","9":"product_cat-half-body-sex-doll-torso","10":"product_cat-sex-doll-torso","11":"product_cat-tpe-sex-dolls","13":"first","14":"instock","15":"sale","16":"shipping-taxable","17":"purchasable","18":"product-type-simple"},"_links":{"self":[{"href":"https:\/\/www.sexdollmini.com\/it\/wp-json\/wp\/v2\/product\/16525","targetHints":{"allow":["GET"]}}],"collection":[{"href":"https:\/\/www.sexdollmini.com\/it\/wp-json\/wp\/v2\/product"}],"about":[{"href":"https:\/\/www.sexdollmini.com\/it\/wp-json\/wp\/v2\/types\/product"}],"replies":[{"embeddable":true,"href":"https:\/\/www.sexdollmini.com\/it\/wp-json\/wp\/v2\/comments?post=16525"}],"wp:featuredmedia":[{"embeddable":true,"href":"https:\/\/www.sexdollmini.com\/it\/wp-json\/wp\/v2\/media\/16526"}],"wp:attachment":[{"href":"https:\/\/www.sexdollmini.com\/it\/wp-json\/wp\/v2\/media?parent=16525"}],"wp:term":[{"taxonomy":"product_brand","embeddable":true,"href":"https:\/\/www.sexdollmini.com\/it\/wp-json\/wp\/v2\/product_brand?post=16525"},{"taxonomy":"product_cat","embeddable":true,"href":"https:\/\/www.sexdollmini.com\/it\/wp-json\/wp\/v2\/product_cat?post=16525"},{"taxonomy":"product_tag","embeddable":true,"href":"https:\/\/www.sexdollmini.com\/it\/wp-json\/wp\/v2\/product_tag?post=16525"}],"curies":[{"name":"wp","href":"https:\/\/api.w.org\/{rel}","templated":true}]}}