{"id":16679,"date":"2025-06-28T07:00:52","date_gmt":"2025-06-28T14:00:52","guid":{"rendered":"https:\/\/www.sexdollmini.com\/?post_type=product&#038;p=16679"},"modified":"2025-07-14T23:53:08","modified_gmt":"2025-07-15T06:53:08","slug":"chuck-140cm-man-fuck-sex-doll","status":"publish","type":"product","link":"https:\/\/www.sexdollmini.com\/it\/prodotto\/chuck-140cm-man-fuck-sex-doll\/","title":{"rendered":"Chuck 140CM uomo scopa bambola del sesso"},"content":{"rendered":"<h2>Dettagli delle bambole del sesso<\/h2>\n<p>Le bambole sessuali maschili in TPE sono i migliori modelli umani e sono ideali per pittori, fotografi e scultori. L&#039;altezza delle bambole sessuali maschili \u00e8 di 140 cm e sono facili da mantenere. Il corpo minuto \u00e8 facile da posare in posizioni uniche e pu\u00f2 ispirare l&#039;ispirazione del creatore.<\/p>\n<p>Altezza: 140 cm<br \/>\nPeso netto: 30 kg<br \/>\nMateriale: TPE con scheletro metallico<br \/>\nBusto: 55 cm<br \/>\nVita: 48 cm<br \/>\nAnca: 70 cm<br \/>\nLunghezza del pene: 16 cm * 4 cm<br \/>\nProfondit\u00e0 orale: 12 cm<br \/>\nProfondit\u00e0 anale: 17 cm<br \/>\nSpecifiche dell&#039;imballaggio: 130*36*26<\/p>\n<p>&nbsp;<\/p>\n<p>Si prega di considerare 2-4 cm di differenza nella misurazione manuale.<\/p>","protected":false},"excerpt":{"rendered":"<p>Puoi acquistare le nostre bambole sessuali in tutta sicurezza: le bambole sessuali sono confezionate in modo discreto e la consegna \u00e8 mantenuta riservata per tutto il tempo.<\/p>","protected":false},"featured_media":16685,"comment_status":"open","ping_status":"closed","template":"","meta":[],"product_brand":[],"product_cat":[59,74,18,81,24,27,23,70,28,68,30,73,41,82,79,39,80,40,31,32,77,25,33,29,20,67,148,21,34,72,19,42,71,76,36,35,84,75,37,78],"product_tag":[],"class_list":{"0":"post-16679","1":"product","2":"type-product","3":"status-publish","4":"has-post-thumbnail","6":"product_cat-140cm-sex-dolls","7":"product_cat-6ye-doll","8":"product_cat-adult-doll","9":"product_cat-aibei-doll","10":"product_cat-american-sex-doll","11":"product_cat-anime-sex-dolls","12":"product_cat-asian-sex-doll","13":"product_cat-axb-doll","14":"product_cat-blonde-sex-doll","15":"product_cat-boy-sex-dolls","16":"product_cat-cheap-sex-doll","17":"product_cat-climax-doll","18":"product_cat-curvy-sex-dolls","19":"product_cat-dolls-castle","20":"product_cat-elsa-babe","21":"product_cat-fantasy-sex-doll","22":"product_cat-fire-doll","23":"product_cat-full-body-sex-dolls","24":"product_cat-full-size-sex-dolls","25":"product_cat-hentai-sex-dolls","26":"product_cat-irontech-sex-dolls","27":"product_cat-japanese-sex-dolls","28":"product_cat-life-like-sex-dolls","29":"product_cat-life-size-sex-dolls","30":"product_cat-love-doll","31":"product_cat-male-sex-dolls","32":"product_cat-midget-sex-doll","33":"product_cat-miniature-sex-doll","34":"product_cat-petite-sex-dolls","35":"product_cat-qita-doll","36":"product_cat-real-doll","37":"product_cat-skinny-sex-dolls","38":"product_cat-sy-doll","39":"product_cat-tantaly-sex-doll","40":"product_cat-teen-sex-dolls","41":"product_cat-tiny-sex-dolls","42":"product_cat-tpe-sex-dolls","43":"product_cat-wm-doll","44":"product_cat-young-sex-dolls","45":"product_cat-zelex-doll","47":"first","48":"instock","49":"sale","50":"shipping-taxable","51":"purchasable","52":"product-type-simple"},"_links":{"self":[{"href":"https:\/\/www.sexdollmini.com\/it\/wp-json\/wp\/v2\/product\/16679","targetHints":{"allow":["GET"]}}],"collection":[{"href":"https:\/\/www.sexdollmini.com\/it\/wp-json\/wp\/v2\/product"}],"about":[{"href":"https:\/\/www.sexdollmini.com\/it\/wp-json\/wp\/v2\/types\/product"}],"replies":[{"embeddable":true,"href":"https:\/\/www.sexdollmini.com\/it\/wp-json\/wp\/v2\/comments?post=16679"}],"wp:featuredmedia":[{"embeddable":true,"href":"https:\/\/www.sexdollmini.com\/it\/wp-json\/wp\/v2\/media\/16685"}],"wp:attachment":[{"href":"https:\/\/www.sexdollmini.com\/it\/wp-json\/wp\/v2\/media?parent=16679"}],"wp:term":[{"taxonomy":"product_brand","embeddable":true,"href":"https:\/\/www.sexdollmini.com\/it\/wp-json\/wp\/v2\/product_brand?post=16679"},{"taxonomy":"product_cat","embeddable":true,"href":"https:\/\/www.sexdollmini.com\/it\/wp-json\/wp\/v2\/product_cat?post=16679"},{"taxonomy":"product_tag","embeddable":true,"href":"https:\/\/www.sexdollmini.com\/it\/wp-json\/wp\/v2\/product_tag?post=16679"}],"curies":[{"name":"wp","href":"https:\/\/api.w.org\/{rel}","templated":true}]}}