{"id":3,"date":"2025-03-23T23:22:54","date_gmt":"2025-03-23T15:22:54","guid":{"rendered":"https:\/\/www.sexdollmini.com\/?page_id=3"},"modified":"2025-05-12T05:44:51","modified_gmt":"2025-05-12T12:44:51","slug":"privacy-policy","status":"publish","type":"page","link":"https:\/\/www.sexdollmini.com\/lt\/privacy-policy\/","title":{"rendered":"Privatumo politika"},"content":{"rendered":"<p><strong>Kas mes esame<\/strong><br \/>\nM\u016bs\u0173 svetain\u0117s adresas yra: https:\/\/www.sexdollmini.com. Esame SDM \u2013 patikimas auk\u0161\u010diausios kokyb\u0117s mini sekso l\u0117li\u0173 tiek\u0117jas suaugusiems vartotojams visame pasaulyje.<\/p>\n<p><strong>Komentarai<\/strong><br \/>\nKai lankytojai palieka komentarus svetain\u0117je, mes renkame komentar\u0173 formoje rodomus duomenis, taip pat lankytojo IP adres\u0105 ir nar\u0161ykl\u0117s naudotojo agento eilut\u0119, kad pad\u0117tume aptikti \u0161lam\u0161t\u0105. \u201eGravatar\u201c paslaugai gali b\u016bti pateikta anonimin\u0117 eilut\u0117, sukurta i\u0161 j\u016bs\u0173 el. pa\u0161to adreso (mai\u0161os kodas). \u201eGravatar\u201c paslaugos privatumo politika pateikiama adresu https:\/\/automattic.com\/privacy\/. Patvirtinus j\u016bs\u0173 komentar\u0105, j\u016bs\u0173 profilio nuotrauka tampa matoma vie\u0161ai j\u016bs\u0173 komentaro kontekste.<\/p>\n<p><strong>\u017diniasklaida<\/strong><br \/>\nJei \u012f svetain\u0119 keliate vaizdus, venkite \u012fkelti vaizd\u0173 su \u012fterptais vietos duomenimis (EXIF GPS). Svetain\u0117s lankytojai gali atsisi\u0173sti ir i\u0161gauti bet kokius vietos duomenis i\u0161 svetain\u0117je esan\u010di\u0173 vaizd\u0173.<\/p>\n<p><strong>Slapukai<\/strong><br \/>\nPalikdami komentar\u0105, galite sutikti, kad j\u016bs\u0173 vardas, el. pa\u0161to adresas ir svetain\u0117 b\u016bt\u0173 i\u0161saugoti slapukuose patogumo d\u0117lei. \u0160ie slapukai galios vienerius metus.<br \/>\nJei apsilankysite m\u016bs\u0173 prisijungimo puslapyje, laikinas slapukas nustatys, ar j\u016bs\u0173 nar\u0161ykl\u0117 priima slapukus. \u0160iame slapuke n\u0117ra joki\u0173 asmenini\u0173 duomen\u0173 ir jis i\u0161trinamas u\u017edarius nar\u0161ykl\u0119.<br \/>\nPrisijungus bus nustatyti keli slapukai, skirti i\u0161saugoti j\u016bs\u0173 prisijungimo informacij\u0105 ir rodymo nuostatas. Prisijungimo slapukai galioja dvi dienas, o ekrano parink\u010di\u0173 slapukai \u2013 vienerius metus. Pasirinkus \u201ePrisiminti mane\u201c, prisijungimas prat\u0119siamas dviem savait\u0117ms. Atsijungus \u0161ie slapukai bus pa\u0161alinti.<br \/>\nJei redaguosite arba publikuosite straipsn\u012f, j\u016bs\u0173 nar\u0161ykl\u0117je bus i\u0161saugotas papildomas slapukas, skirtas straipsnio ID \u012fra\u0161yti. \u0160is slapukas nustoja galioti po vienos dienos.<\/p>\n<p><strong>\u012eterptas turinys i\u0161 kit\u0173 svetaini\u0173<\/strong><br \/>\n\u0160ios svetain\u0117s straipsniuose gali b\u016bti \u012fterpto turinio (pvz., vaizdo \u012fra\u0161\u0173, vaizd\u0173, straipsni\u0173 ir kt.). \u012eterptas turinys i\u0161 kit\u0173 svetaini\u0173 elgiasi taip, lyg lankytojas b\u016bt\u0173 tiesiogiai apsilank\u0119s kitoje svetain\u0117je. \u0160ios svetain\u0117s gali rinkti duomenis, naudoti slapukus ir steb\u0117ti j\u016bs\u0173 s\u0105veik\u0105 su j\u0173 turiniu, jei turite paskyr\u0105 ir esate prisijung\u0119 prie tos svetain\u0117s.<\/p>\n<p><strong>Su kuo mes dalijam\u0117s j\u016bs\u0173 duomenimis<\/strong><br \/>\nJei pateiksite u\u017eklaus\u0105 d\u0117l slapta\u017eod\u017eio atk\u016brimo, saugumo sumetimais j\u016bs\u0173 IP adresas bus \u012ftrauktas \u012f slapta\u017eod\u017eio atk\u016brimo el. lai\u0161k\u0105.<\/p>\n<p><strong>Kiek laiko saugome j\u016bs\u0173 duomenis<\/strong><br \/>\nJei paliekate komentar\u0105, komentaras ir jo metaduomenys saugomi neribot\u0105 laik\u0105. Tai leid\u017eia mums automati\u0161kai atpa\u017einti ir patvirtinti tolesnius komentarus. Registruot\u0173 vartotoj\u0173 asmenin\u0119 informacij\u0105 saugome vartotoj\u0173 profiliuose. Vartotojai gali bet kada per\u017ei\u016br\u0117ti, redaguoti arba i\u0161trinti savo informacij\u0105 (i\u0161skyrus savo vartotojo vard\u0105). Svetain\u0117s administratoriai taip pat gali pasiekti ir redaguoti \u0161i\u0105 informacij\u0105.<\/p>\n<p><strong>J\u016bs\u0173 teis\u0117s \u012f j\u016bs\u0173 duomenis<\/strong><br \/>\nJei turite paskyr\u0105 arba palikote komentar\u0173, galite papra\u0161yti eksportuoti m\u016bs\u0173 turimus j\u016bs\u0173 asmens duomenis, \u012fskaitant visus j\u016bs\u0173 pateiktus duomenis. Taip pat galite papra\u0161yti i\u0161trinti j\u016bs\u0173 asmens duomenis, i\u0161skyrus duomenis, kuriuos privalome saugoti teisiniais ar saugumo tikslais.<\/p>\n<p><strong>Kur siun\u010diami j\u016bs\u0173 duomenys<\/strong><br \/>\nLankytoj\u0173 komentarai gali b\u016bti tikrinami naudojant automatin\u0119 \u0161lam\u0161to aptikimo paslaug\u0105.<\/p>","protected":false},"excerpt":{"rendered":"<p>Kas mes esame? M\u016bs\u0173 svetain\u0117s adresas: https:\/\/www.sexdollmini.com. Esame SDM \u2013 patikimas auk\u0161\u010diausios kokyb\u0117s mini sekso l\u0117li\u0173 tiek\u0117jas.<\/p>","protected":false},"author":1,"featured_media":0,"parent":0,"menu_order":0,"comment_status":"closed","ping_status":"closed","template":"elementor_header_footer","meta":{"footnotes":""},"class_list":["post-3","page","type-page","status-publish","hentry"],"_links":{"self":[{"href":"https:\/\/www.sexdollmini.com\/lt\/wp-json\/wp\/v2\/pages\/3","targetHints":{"allow":["GET"]}}],"collection":[{"href":"https:\/\/www.sexdollmini.com\/lt\/wp-json\/wp\/v2\/pages"}],"about":[{"href":"https:\/\/www.sexdollmini.com\/lt\/wp-json\/wp\/v2\/types\/page"}],"author":[{"embeddable":true,"href":"https:\/\/www.sexdollmini.com\/lt\/wp-json\/wp\/v2\/users\/1"}],"replies":[{"embeddable":true,"href":"https:\/\/www.sexdollmini.com\/lt\/wp-json\/wp\/v2\/comments?post=3"}],"version-history":[{"count":0,"href":"https:\/\/www.sexdollmini.com\/lt\/wp-json\/wp\/v2\/pages\/3\/revisions"}],"wp:attachment":[{"href":"https:\/\/www.sexdollmini.com\/lt\/wp-json\/wp\/v2\/media?parent=3"}],"curies":[{"name":"wp","href":"https:\/\/api.w.org\/{rel}","templated":true}]}}