{"id":8,"date":"2025-03-23T08:36:16","date_gmt":"2025-03-23T15:36:16","guid":{"rendered":"https:\/\/www.sexdollmini.com\/cart\/"},"modified":"2025-03-23T08:47:29","modified_gmt":"2025-03-23T15:47:29","slug":"cart","status":"publish","type":"page","link":"https:\/\/www.sexdollmini.com\/lt\/cart\/","title":{"rendered":"Krep\u0161elis"},"content":{"rendered":"<div data-block-name=\"woocommerce\/cart\" class=\"wp-block-woocommerce-cart alignwide is-loading\">\n<div data-block-name=\"woocommerce\/filled-cart-block\" class=\"wp-block-woocommerce-filled-cart-block\">\n<div data-block-name=\"woocommerce\/cart-items-block\" class=\"wp-block-woocommerce-cart-items-block\">\n<div data-block-name=\"woocommerce\/cart-line-items-block\" class=\"wp-block-woocommerce-cart-line-items-block\"><\/div>\n\n\n\n<div data-block-name=\"woocommerce\/cart-cross-sells-block\" class=\"wp-block-woocommerce-cart-cross-sells-block\">\n<h2 class=\"wp-block-heading has-large-font-size\">Galb\u016bt jus sudomins\u2026<\/h2>\n\n\n\n<div data-block-name=\"woocommerce\/cart-cross-sells-products-block\" class=\"wp-block-woocommerce-cart-cross-sells-products-block\"><\/div>\n<\/div>\n<\/div>\n\n\n\n<div data-block-name=\"woocommerce\/cart-totals-block\" class=\"wp-block-woocommerce-cart-totals-block\">\n<div data-block-name=\"woocommerce\/cart-order-summary-block\" class=\"wp-block-woocommerce-cart-order-summary-block\">\n<div data-block-name=\"woocommerce\/cart-order-summary-heading-block\" class=\"wp-block-woocommerce-cart-order-summary-heading-block\"><\/div><div data-block-name=\"woocommerce\/cart-order-summary-coupon-form-block\" class=\"wp-block-woocommerce-cart-order-summary-coupon-form-block\"><\/div><div data-block-name=\"woocommerce\/cart-order-summary-totals-block\" class=\"wp-block-woocommerce-cart-order-summary-totals-block\">\n<div data-block-name=\"woocommerce\/cart-order-summary-subtotal-block\" class=\"wp-block-woocommerce-cart-order-summary-subtotal-block\"><\/div>\n<div data-block-name=\"woocommerce\/cart-order-summary-discount-block\" class=\"wp-block-woocommerce-cart-order-summary-discount-block\"><\/div>\n<div data-block-name=\"woocommerce\/cart-order-summary-fee-block\" class=\"wp-block-woocommerce-cart-order-summary-fee-block\"><\/div>\n<div data-block-name=\"woocommerce\/cart-order-summary-shipping-block\" class=\"wp-block-woocommerce-cart-order-summary-shipping-block\"><\/div>\n<div data-block-name=\"woocommerce\/cart-order-summary-taxes-block\" class=\"wp-block-woocommerce-cart-order-summary-taxes-block\"><\/div><\/div>\n<\/div>\n\n\n\n<div data-block-name=\"woocommerce\/cart-express-payment-block\" class=\"wp-block-woocommerce-cart-express-payment-block\"><\/div>\n\n\n\n<div data-block-name=\"woocommerce\/proceed-to-checkout-block\" class=\"wp-block-woocommerce-proceed-to-checkout-block\"><\/div>\n\n\n\n<div data-block-name=\"woocommerce\/cart-accepted-payment-methods-block\" class=\"wp-block-woocommerce-cart-accepted-payment-methods-block\"><\/div>\n<\/div>\n<\/div>\n\n\n\n<div data-block-name=\"woocommerce\/empty-cart-block\" class=\"wp-block-woocommerce-empty-cart-block\">\n<h2 class=\"wp-block-heading has-text-align-center with-empty-cart-icon wc-block-cart__empty-cart__title\">J\u016bs\u0173 krep\u0161elis \u0161iuo metu tu\u0161\u010dias!<\/h2>\n\n\n\n<hr class=\"wp-block-separator has-alpha-channel-opacity is-style-dots\"\/>\n\n\n\n<h2 class=\"wp-block-heading has-text-align-center\">Naujiena parduotuv\u0117je<\/h2>\n\n\n<div data-block-name=\"woocommerce\/product-new\" data-columns=\"4\" data-rows=\"1\" class=\"wc-block-grid wp-block-product-new wp-block-woocommerce-product-new wc-block-product-new has-4-columns\"><ul class=\"wc-block-grid__products\"><li class=\"wc-block-grid__product\">\n\t\t\t\t<a href=\"https:\/\/www.sexdollmini.com\/lt\/produktas\/peregrine-65cm-white-petite-sex-doll\/\" class=\"wc-block-grid__product-link\">\n\t\t\t\t\t<div class=\"wc-block-grid__product-onsale\">\n\t\t\t<span aria-hidden=\"true\">Akcija<\/span>\n\t\t\t<span class=\"screen-reader-text\">Produktas su nuolaida<\/span>\n\t\t<\/div>\n\t\t\t\t\t<div class=\"wc-block-grid__product-image\"><img decoding=\"async\" width=\"430\" height=\"538\" src=\"https:\/\/www.sexdollmini.com\/wp-content\/uploads\/2025\/10\/Peregrine-sex-doll6-430x538.jpg\" class=\"attachment-woocommerce_thumbnail size-woocommerce_thumbnail\" alt=\"Realisti\u0161ka sekso l\u0117l\u0117 su detaliais bruo\u017eais ir mink\u0161ta silikonine oda, puikiai tinkanti draugystei ir intymumui, pritaikomos parinktys pasiekiamos Sexdollmini.com.\" title=\"-\"><\/div>\n\t\t\t\t\t<div class=\"wc-block-grid__product-title\">Peregrine 65 cm balta smulki sekso l\u0117l\u0117<\/div>\n\t\t\t\t<\/a>\n\t\t\t\t<div class=\"wc-block-grid__product-price price\"><span class=\"wmc-cache-pid\" data-wmc_product_id=\"19509\"><del aria-hidden=\"true\"><span class=\"woocommerce-Price-amount amount\"><span class=\"woocommerce-Price-currencySymbol\">&#036;<\/span>619.65<\/span><\/del> <span class=\"screen-reader-text\">Pradin\u0117 kaina buvo: $619,65.<\/span><ins aria-hidden=\"true\"><span class=\"woocommerce-Price-amount amount\"><span class=\"woocommerce-Price-currencySymbol\">&#036;<\/span>320.75<\/span><\/ins><span class=\"screen-reader-text\">Dabartin\u0117 kaina: $320,75.<\/span><\/span><\/div>\n\t\t\t\t\n\t\t\t\t<div class=\"wp-block-button wc-block-grid__product-add-to-cart\"><a href=\"\/lt\/wp-json\/wp\/v2\/pages\/8?add-to-cart=19509\" aria-label=\"\u012e krep\u0161el\u012f: \u201cPeregrine 65 cm balta smulki sekso l\u0117l\u0117\u201d\" data-quantity=\"1\" data-product_id=\"19509\" data-product_sku=\"rra-70-2\" data-price=\"320.75\" rel=\"nofollow\" class=\"wp-block-button__link  add_to_cart_button ajax_add_to_cart\">\u012e krem\u0161el\u012f<\/a><\/div>\n\t\t\t<\/li><li class=\"wc-block-grid__product\">\n\t\t\t\t<a href=\"https:\/\/www.sexdollmini.com\/lt\/produktas\/cassiopeia-68cm-micro-auburn-sex-doll\/\" class=\"wc-block-grid__product-link\">\n\t\t\t\t\t<div class=\"wc-block-grid__product-onsale\">\n\t\t\t<span aria-hidden=\"true\">Akcija<\/span>\n\t\t\t<span class=\"screen-reader-text\">Produktas su nuolaida<\/span>\n\t\t<\/div>\n\t\t\t\t\t<div class=\"wc-block-grid__product-image\"><img decoding=\"async\" width=\"430\" height=\"538\" src=\"https:\/\/www.sexdollmini.com\/wp-content\/uploads\/2025\/10\/Cassiopeia-sex-doll1-430x538.jpg\" class=\"attachment-woocommerce_thumbnail size-woocommerce_thumbnail\" alt=\"Realisti\u0161ka sekso l\u0117l\u0117 su detaliais bruo\u017eais, mink\u0161ta silikonine oda ir pritaikomomis suaugusi\u0173j\u0173 draugijos galimyb\u0117mis, puikiai tinka intymiems malonumams ir draugijai.\" title=\"-\"><\/div>\n\t\t\t\t\t<div class=\"wc-block-grid__product-title\">Cassiopeia 68 cm mikro rausvai rudos spalvos sekso l\u0117l\u0117<\/div>\n\t\t\t\t<\/a>\n\t\t\t\t<div class=\"wc-block-grid__product-price price\"><span class=\"wmc-cache-pid\" data-wmc_product_id=\"19488\"><del aria-hidden=\"true\"><span class=\"woocommerce-Price-amount amount\"><span class=\"woocommerce-Price-currencySymbol\">&#036;<\/span>687.49<\/span><\/del> <span class=\"screen-reader-text\">Pradin\u0117 kaina buvo: $687,49.<\/span><ins aria-hidden=\"true\"><span class=\"woocommerce-Price-amount amount\"><span class=\"woocommerce-Price-currencySymbol\">&#036;<\/span>326.75<\/span><\/ins><span class=\"screen-reader-text\">Dabartin\u0117 kaina: $326,75.<\/span><\/span><\/div>\n\t\t\t\t\n\t\t\t\t<div class=\"wp-block-button wc-block-grid__product-add-to-cart\"><a href=\"\/lt\/wp-json\/wp\/v2\/pages\/8?add-to-cart=19488\" aria-label=\"\u012e krep\u0161el\u012f: \u201eCassiopeia 68 cm Micro Auburn sekso l\u0117l\u0117\u201c\" data-quantity=\"1\" data-product_id=\"19488\" data-product_sku=\"rra-70-1\" data-price=\"326.75\" rel=\"nofollow\" class=\"wp-block-button__link  add_to_cart_button ajax_add_to_cart\">\u012e krem\u0161el\u012f<\/a><\/div>\n\t\t\t<\/li><li class=\"wc-block-grid__product\">\n\t\t\t\t<a href=\"https:\/\/www.sexdollmini.com\/lt\/produktas\/avalon-flat-chest-cosplay-sex-doll\/\" class=\"wc-block-grid__product-link\">\n\t\t\t\t\t<div class=\"wc-block-grid__product-onsale\">\n\t\t\t<span aria-hidden=\"true\">Akcija<\/span>\n\t\t\t<span class=\"screen-reader-text\">Produktas su nuolaida<\/span>\n\t\t<\/div>\n\t\t\t\t\t<div class=\"wc-block-grid__product-image\"><img decoding=\"async\" width=\"430\" height=\"538\" src=\"https:\/\/www.sexdollmini.com\/wp-content\/uploads\/2025\/10\/Avalon-sex-doll5-430x538.jpg\" class=\"attachment-woocommerce_thumbnail size-woocommerce_thumbnail\" alt=\"Tikrovi\u0161ka jaunatvi\u0161kos i\u0161vaizdos sekso l\u0117l\u0117, laikanti \u017ealsvai melsvus balionus, \u0161velni\u0173 veido bruo\u017e\u0173, ilgais rudais plaukais ir vilkinti \u0161viesiai m\u0117lyn\u0105 suknel\u0119, skirta suaugusi\u0173j\u0173 malonumams ir draugijai.\" title=\"-\"><\/div>\n\t\t\t\t\t<div class=\"wc-block-grid__product-title\">Avalon plok\u0161\u010dios kr\u016btin\u0117s kostiumo sekso l\u0117l\u0117<\/div>\n\t\t\t\t<\/a>\n\t\t\t\t<div class=\"wc-block-grid__product-price price\"><span class=\"wmc-cache-pid\" data-wmc_product_id=\"19475\"><span class=\"woocommerce-Price-amount amount\"><span class=\"woocommerce-Price-currencySymbol\">&#036;<\/span>426.82<\/span> <span aria-hidden=\"true\">\u2013<\/span> <span class=\"woocommerce-Price-amount amount\"><span class=\"woocommerce-Price-currencySymbol\">&#036;<\/span>609.01<\/span><span class=\"screen-reader-text\">Kain\u0173 diapazonas: nuo $426,82 iki $609,01<\/span><\/span><\/div>\n\t\t\t\t\n\t\t\t\t<div class=\"wp-block-button wc-block-grid__product-add-to-cart\"><a href=\"https:\/\/www.sexdollmini.com\/lt\/produktas\/avalon-flat-chest-cosplay-sex-doll\/\" aria-label=\"Pasirinkti savyb\u0117s: \u201eAvalon Flat Chest Cosplay Sex Doll\u201c\" data-quantity=\"1\" data-product_id=\"19475\" data-product_sku=\"mimi-102\" data-price=\"426.82\" rel=\"nofollow\" class=\"wp-block-button__link  add_to_cart_button\">Pasirinkti savybes<\/a><\/div>\n\t\t\t<\/li><li class=\"wc-block-grid__product\">\n\t\t\t\t<a href=\"https:\/\/www.sexdollmini.com\/lt\/produktas\/aurelie-68cm-miniature-girl-sex-doll\/\" class=\"wc-block-grid__product-link\">\n\t\t\t\t\t<div class=\"wc-block-grid__product-onsale\">\n\t\t\t<span aria-hidden=\"true\">Akcija<\/span>\n\t\t\t<span class=\"screen-reader-text\">Produktas su nuolaida<\/span>\n\t\t<\/div>\n\t\t\t\t\t<div class=\"wc-block-grid__product-image\"><img decoding=\"async\" width=\"430\" height=\"538\" src=\"https:\/\/www.sexdollmini.com\/wp-content\/uploads\/2025\/10\/Aurelie-sex-doll6-430x538.jpg\" class=\"attachment-woocommerce_thumbnail size-woocommerce_thumbnail\" alt=\"Miela silikonin\u0117 sekso l\u0117l\u0117, tikrovi\u0161ka mini sekso l\u0117l\u0117 suaugusi\u0173j\u0173 malonumui, ma\u017eo dyd\u017eio erotin\u0117 l\u0117l\u0117 su tikrovi\u0161komis savyb\u0117mis intymioms akimirkoms, puikiai tinka diskreti\u0161kai draugijai ir seksualiniam pasitenkinimui, sukurta realisti\u0161kiems potyriams.\" title=\"-\"><\/div>\n\t\t\t\t\t<div class=\"wc-block-grid__product-title\">Aurelie 68 cm miniati\u016brin\u0117 mergaiti\u0161ka sekso l\u0117l\u0117<\/div>\n\t\t\t\t<\/a>\n\t\t\t\t<div class=\"wc-block-grid__product-price price\"><span class=\"wmc-cache-pid\" data-wmc_product_id=\"19438\"><del aria-hidden=\"true\"><span class=\"woocommerce-Price-amount amount\"><span class=\"woocommerce-Price-currencySymbol\">&#036;<\/span>655.73<\/span><\/del> <span class=\"screen-reader-text\">Pradin\u0117 kaina buvo: $655,73.<\/span><ins aria-hidden=\"true\"><span class=\"woocommerce-Price-amount amount\"><span class=\"woocommerce-Price-currencySymbol\">&#036;<\/span>318.98<\/span><\/ins><span class=\"screen-reader-text\">Dabartin\u0117 kaina: $318,98.<\/span><\/span><\/div>\n\t\t\t\t\n\t\t\t\t<div class=\"wp-block-button wc-block-grid__product-add-to-cart\"><a href=\"\/lt\/wp-json\/wp\/v2\/pages\/8?add-to-cart=19438\" aria-label=\"\u012e krep\u0161el\u012f: \u201eAurelie 68 cm miniati\u016brin\u0117 mergaiti\u0161ka sekso l\u0117l\u0117\u201c\" data-quantity=\"1\" data-product_id=\"19438\" data-product_sku=\"rra-70\" data-price=\"318.98\" rel=\"nofollow\" class=\"wp-block-button__link  add_to_cart_button ajax_add_to_cart\">\u012e krem\u0161el\u012f<\/a><\/div>\n\t\t\t<\/li><\/ul><\/div><\/div>\n<\/div>","protected":false},"excerpt":{"rendered":"","protected":false},"author":1,"featured_media":0,"parent":0,"menu_order":0,"comment_status":"closed","ping_status":"closed","template":"","meta":{"footnotes":""},"class_list":["post-8","page","type-page","status-publish","hentry"],"_links":{"self":[{"href":"https:\/\/www.sexdollmini.com\/lt\/wp-json\/wp\/v2\/pages\/8","targetHints":{"allow":["GET"]}}],"collection":[{"href":"https:\/\/www.sexdollmini.com\/lt\/wp-json\/wp\/v2\/pages"}],"about":[{"href":"https:\/\/www.sexdollmini.com\/lt\/wp-json\/wp\/v2\/types\/page"}],"author":[{"embeddable":true,"href":"https:\/\/www.sexdollmini.com\/lt\/wp-json\/wp\/v2\/users\/1"}],"replies":[{"embeddable":true,"href":"https:\/\/www.sexdollmini.com\/lt\/wp-json\/wp\/v2\/comments?post=8"}],"version-history":[{"count":0,"href":"https:\/\/www.sexdollmini.com\/lt\/wp-json\/wp\/v2\/pages\/8\/revisions"}],"wp:attachment":[{"href":"https:\/\/www.sexdollmini.com\/lt\/wp-json\/wp\/v2\/media?parent=8"}],"curies":[{"name":"wp","href":"https:\/\/api.w.org\/{rel}","templated":true}]}}