{"id":15825,"date":"2025-05-10T19:35:35","date_gmt":"2025-05-11T02:35:35","guid":{"rendered":"https:\/\/www.sexdollmini.com\/?post_type=product&#038;p=15825"},"modified":"2025-12-18T00:29:42","modified_gmt":"2025-12-18T08:29:42","slug":"timothea-flat-young-looking-sex-doll","status":"publish","type":"product","link":"https:\/\/www.sexdollmini.com\/lt\/produktas\/timothea-flat-young-looking-sex-doll\/","title":{"rendered":"Timothea Butas Jaunas ie\u0161ko sekso l\u0117l\u0117s"},"content":{"rendered":"<h2>Sekso l\u0117li\u0173 detal\u0117s<\/h2>\n<p>Galite pasidalinti savo r\u016bpes\u010diais ir d\u017eiaugsmais su jaunatvi\u0161kai atrodan\u010dia sekso l\u0117le, o plok\u0161\u010dia sekso l\u0117l\u0117 gali tyliai j\u016bs\u0173 klausytis. Taip pat galite fotografuotis ir \u017eaisti vaidmenimis su sekso l\u0117le. \u0160ie, atrodyt\u0173, \u012fprasti dalykai gali paversti j\u016bs\u0173 \u012fprastas dienas \u012fdomiomis.<br \/>\nLabiausiai jaudinanti laim\u0117 niekada neb\u016btinai turi b\u016bti \u017eem\u0119 drebinanti, bet sekso l\u0117l\u0117 gali b\u016bti \u0161alia, net tyla tampa sald\u017eiu akordu.<\/p>\n<p>&nbsp;<\/p>\n<p>Auk\u0161tis: 100 cm<br \/>\nKr\u016btin\u0117: 46 cm<br \/>\nLiemuo: 38 cm<br \/>\nKlubai: 59 cm<br \/>\nI\u0161ang\u0117s gylis: 8 cm<br \/>\nMak\u0161ties gylis: 14 cm<br \/>\nBurnos gylis: 12 cm<br \/>\nGrynasis svoris: 13 kg<br \/>\nBendras svoris: 15 kg<\/p>\n<p>&nbsp;<\/p>\n<p>Auk\u0161tis: 125 cm<br \/>\nKr\u016btin\u0117: 55 cm<br \/>\nLiemuo: 42 cm<br \/>\nKlubai: 62 cm<br \/>\nI\u0161ang\u0117s gylis: 16 cm<br \/>\nMak\u0161ties gylis: 17 cm<br \/>\nBurnos gylis: 12 cm<br \/>\nGrynasis svoris: 17 kg<br \/>\nBendras svoris: 20 kg<\/p>\n<p>&nbsp;<\/p>\n<p>&nbsp;<\/p>\n<p>D\u0117l rankinio matavimo pra\u0161ome leisti 2\u20134 cm rankinio matavimo skirtum\u0105.<\/p>","protected":false},"excerpt":{"rendered":"<p>Su TPE sekso l\u0117l\u0117mis galite rasti autenti\u0161kiausi\u0105 laim\u0119 ir labiausiai atsipalaidavus\u012f \u201ea\u0161\u201c.<\/p>","protected":false},"featured_media":15831,"comment_status":"open","ping_status":"closed","template":"","meta":[],"product_brand":[],"product_cat":[53,56,57,74,18,81,24,27,23,64,70,28,65,30,38,73,41,82,79,62,26,39,66,80,43,40,31,69,32,77,25,33,29,20,21,34,72,19,42,44,71,76,36,35,84,63,61,75,37,78],"product_tag":[],"class_list":{"0":"post-15825","1":"product","2":"type-product","3":"status-publish","4":"has-post-thumbnail","6":"product_cat-100cm-sex-dolls","7":"product_cat-120cm-sex-dolls","8":"product_cat-125cm-sex-dolls","9":"product_cat-6ye-doll","10":"product_cat-adult-doll","11":"product_cat-aibei-doll","12":"product_cat-american-sex-doll","13":"product_cat-anime-sex-dolls","14":"product_cat-asian-sex-doll","15":"product_cat-australia-stock-sex-doll","16":"product_cat-axb-doll","17":"product_cat-blonde-sex-doll","18":"product_cat-canada-stock-sex-doll","19":"product_cat-cheap-sex-doll","20":"product_cat-chubby-sex-dolls","21":"product_cat-climax-doll","22":"product_cat-curvy-sex-dolls","23":"product_cat-dolls-castle","24":"product_cat-elsa-babe","25":"product_cat-eu-stock-sex-doll","26":"product_cat-european-sex-dolls","27":"product_cat-fantasy-sex-doll","28":"product_cat-female-sex-dolls","29":"product_cat-fire-doll","30":"product_cat-flat-chested-sex-doll","31":"product_cat-full-body-sex-dolls","32":"product_cat-full-size-sex-dolls","33":"product_cat-girl-sex-dolls","34":"product_cat-hentai-sex-dolls","35":"product_cat-irontech-sex-dolls","36":"product_cat-japanese-sex-dolls","37":"product_cat-life-like-sex-dolls","38":"product_cat-life-size-sex-dolls","39":"product_cat-love-doll","40":"product_cat-miniature-sex-doll","41":"product_cat-petite-sex-dolls","42":"product_cat-qita-doll","43":"product_cat-real-doll","44":"product_cat-skinny-sex-dolls","45":"product_cat-small-breast-sex-doll","46":"product_cat-sy-doll","47":"product_cat-tantaly-sex-doll","48":"product_cat-teen-sex-dolls","49":"product_cat-tiny-sex-dolls","50":"product_cat-tpe-sex-dolls","51":"product_cat-uk-stock-sex-doll","52":"product_cat-us-stock-sex-dolls","53":"product_cat-wm-doll","54":"product_cat-young-sex-dolls","55":"product_cat-zelex-doll","57":"first","58":"instock","59":"sale","60":"shipping-taxable","61":"purchasable","62":"product-type-variable","63":"has-default-attributes"},"_links":{"self":[{"href":"https:\/\/www.sexdollmini.com\/lt\/wp-json\/wp\/v2\/product\/15825","targetHints":{"allow":["GET"]}}],"collection":[{"href":"https:\/\/www.sexdollmini.com\/lt\/wp-json\/wp\/v2\/product"}],"about":[{"href":"https:\/\/www.sexdollmini.com\/lt\/wp-json\/wp\/v2\/types\/product"}],"replies":[{"embeddable":true,"href":"https:\/\/www.sexdollmini.com\/lt\/wp-json\/wp\/v2\/comments?post=15825"}],"wp:featuredmedia":[{"embeddable":true,"href":"https:\/\/www.sexdollmini.com\/lt\/wp-json\/wp\/v2\/media\/15831"}],"wp:attachment":[{"href":"https:\/\/www.sexdollmini.com\/lt\/wp-json\/wp\/v2\/media?parent=15825"}],"wp:term":[{"taxonomy":"product_brand","embeddable":true,"href":"https:\/\/www.sexdollmini.com\/lt\/wp-json\/wp\/v2\/product_brand?post=15825"},{"taxonomy":"product_cat","embeddable":true,"href":"https:\/\/www.sexdollmini.com\/lt\/wp-json\/wp\/v2\/product_cat?post=15825"},{"taxonomy":"product_tag","embeddable":true,"href":"https:\/\/www.sexdollmini.com\/lt\/wp-json\/wp\/v2\/product_tag?post=15825"}],"curies":[{"name":"wp","href":"https:\/\/api.w.org\/{rel}","templated":true}]}}