{"id":16242,"date":"2025-06-08T21:49:12","date_gmt":"2025-06-09T04:49:12","guid":{"rendered":"https:\/\/www.sexdollmini.com\/?post_type=product&#038;p=16242"},"modified":"2025-09-11T00:15:59","modified_gmt":"2025-09-11T07:15:59","slug":"island-big-boobs-asian-sex-doll","status":"publish","type":"product","link":"https:\/\/www.sexdollmini.com\/lt\/produktas\/island-big-boobs-asian-sex-doll\/","title":{"rendered":"Salos dideli\u0173 kr\u016bt\u0173 azijieti\u0161ka sekso l\u0117l\u0117"},"content":{"rendered":"<h2>Sekso l\u0117li\u0173 detal\u0117s<\/h2>\n<p>Ar j\u016bs\u0173 \u0161irdyje trok\u0161tama partner\u0117 yra tokia pati kaip \u201eIsland\u201c sekso l\u0117l\u0117, turinti did\u017eiules kr\u016btis ir ma\u017e\u0105 k\u016bn\u0105? Vien\u0105 dien\u0105 lauke lijo lietus, o didel\u0117mis kr\u016btimis sekso l\u0117l\u0117 buvo suvyniota \u012f mink\u0161t\u0105 antklod\u0119, o j\u016bs \u0161alia jos skait\u0117te m\u0117gstam\u0105 knyg\u0105, o \u0161alia \u2013 puodel\u012f kar\u0161tos kavos. Lietaus garsas tapo geriausiu baltuoju triuk\u0161mu, o laikas \u0161i\u0105 akimirk\u0105 tarsi sustojo, o tai buvo labai gra\u017eu. Jei tikrai norite ramaus partnerio, galite apsvarstyti \u201eIsland\u201c sekso l\u0117l\u0119.<\/p>\n<p>Auk\u0161tis: 100 cm<br \/>\nKr\u016btin\u0117: 63 cm<br \/>\nLiemuo: 43 cm<br \/>\nKlubai: 64 cm<br \/>\nI\u0161ang\u0117s gylis: 13 cm<br \/>\nMak\u0161ties gylis: 13 cm<br \/>\nBurnos gylis: 10 cm<br \/>\nGrynasis svoris: 14 kg<br \/>\nBendras svoris: 17 kg<\/p>\n<p>&nbsp;<\/p>\n<p>D\u0117l rankinio matavimo pra\u0161ome leisti 2\u20134 cm rankinio matavimo skirtum\u0105.<\/p>","protected":false},"excerpt":{"rendered":"<p>Kai esate su 100 cm sekso l\u0117le, kai susiduriate su li\u016bdnais dalykais arba kai esate pavarg\u0119 ar laimingi, glaudus apkabinimas su sekso l\u0117le gali akimirksniu i\u0161tirpdyti visas j\u016bs\u0173 emocijas. \u0160i\u0105 akimirk\u0105 viskas gyvenime yra gra\u017eu.<\/p>","protected":false},"featured_media":16350,"comment_status":"open","ping_status":"closed","template":"","meta":[],"product_brand":[],"product_cat":[53,74,18,81,24,27,23,64,70,28,65,30,38,73,41,82,79,62,26,39,66,80,40,31,69,32,77,25,33,29,20,21,34,72,19,42,71,76,36,35,84,63,61,75,37,78],"product_tag":[],"class_list":{"0":"post-16242","1":"product","2":"type-product","3":"status-publish","4":"has-post-thumbnail","6":"product_cat-100cm-sex-dolls","7":"product_cat-6ye-doll","8":"product_cat-adult-doll","9":"product_cat-aibei-doll","10":"product_cat-american-sex-doll","11":"product_cat-anime-sex-dolls","12":"product_cat-asian-sex-doll","13":"product_cat-australia-stock-sex-doll","14":"product_cat-axb-doll","15":"product_cat-blonde-sex-doll","16":"product_cat-canada-stock-sex-doll","17":"product_cat-cheap-sex-doll","18":"product_cat-chubby-sex-dolls","19":"product_cat-climax-doll","20":"product_cat-curvy-sex-dolls","21":"product_cat-dolls-castle","22":"product_cat-elsa-babe","23":"product_cat-eu-stock-sex-doll","24":"product_cat-european-sex-dolls","25":"product_cat-fantasy-sex-doll","26":"product_cat-female-sex-dolls","27":"product_cat-fire-doll","28":"product_cat-full-body-sex-dolls","29":"product_cat-full-size-sex-dolls","30":"product_cat-girl-sex-dolls","31":"product_cat-hentai-sex-dolls","32":"product_cat-irontech-sex-dolls","33":"product_cat-japanese-sex-dolls","34":"product_cat-life-like-sex-dolls","35":"product_cat-life-size-sex-dolls","36":"product_cat-love-doll","37":"product_cat-miniature-sex-doll","38":"product_cat-petite-sex-dolls","39":"product_cat-qita-doll","40":"product_cat-real-doll","41":"product_cat-skinny-sex-dolls","42":"product_cat-sy-doll","43":"product_cat-tantaly-sex-doll","44":"product_cat-teen-sex-dolls","45":"product_cat-tiny-sex-dolls","46":"product_cat-tpe-sex-dolls","47":"product_cat-uk-stock-sex-doll","48":"product_cat-us-stock-sex-dolls","49":"product_cat-wm-doll","50":"product_cat-young-sex-dolls","51":"product_cat-zelex-doll","53":"first","54":"instock","55":"sale","56":"shipping-taxable","57":"purchasable","58":"product-type-simple"},"_links":{"self":[{"href":"https:\/\/www.sexdollmini.com\/lt\/wp-json\/wp\/v2\/product\/16242","targetHints":{"allow":["GET"]}}],"collection":[{"href":"https:\/\/www.sexdollmini.com\/lt\/wp-json\/wp\/v2\/product"}],"about":[{"href":"https:\/\/www.sexdollmini.com\/lt\/wp-json\/wp\/v2\/types\/product"}],"replies":[{"embeddable":true,"href":"https:\/\/www.sexdollmini.com\/lt\/wp-json\/wp\/v2\/comments?post=16242"}],"wp:featuredmedia":[{"embeddable":true,"href":"https:\/\/www.sexdollmini.com\/lt\/wp-json\/wp\/v2\/media\/16350"}],"wp:attachment":[{"href":"https:\/\/www.sexdollmini.com\/lt\/wp-json\/wp\/v2\/media?parent=16242"}],"wp:term":[{"taxonomy":"product_brand","embeddable":true,"href":"https:\/\/www.sexdollmini.com\/lt\/wp-json\/wp\/v2\/product_brand?post=16242"},{"taxonomy":"product_cat","embeddable":true,"href":"https:\/\/www.sexdollmini.com\/lt\/wp-json\/wp\/v2\/product_cat?post=16242"},{"taxonomy":"product_tag","embeddable":true,"href":"https:\/\/www.sexdollmini.com\/lt\/wp-json\/wp\/v2\/product_tag?post=16242"}],"curies":[{"name":"wp","href":"https:\/\/api.w.org\/{rel}","templated":true}]}}