{"id":16268,"date":"2025-06-09T00:33:45","date_gmt":"2025-06-09T07:33:45","guid":{"rendered":"https:\/\/www.sexdollmini.com\/?post_type=product&#038;p=16268"},"modified":"2025-08-03T19:23:46","modified_gmt":"2025-08-04T02:23:46","slug":"orva-flat-half-body-sex-doll-torso","status":"publish","type":"product","link":"https:\/\/www.sexdollmini.com\/lt\/produktas\/orva-flat-half-body-sex-doll-torso\/","title":{"rendered":"Orva plok\u0161\u010dia pus\u0117s k\u016bno sekso l\u0117l\u0117s liemuo"},"content":{"rendered":"<h2>Sekso l\u0117li\u0173 detal\u0117s<\/h2>\n<p>Plok\u0161\u010diakr\u016bt\u0117s sekso l\u0117l\u0117s liemuo yra labai populiarus tarp \u017eaid\u0117j\u0173, o plok\u0161\u010dia kr\u016btin\u0117 yra \u0161ios sekso l\u0117l\u0117s bruo\u017eas. Ji gali ne tik patenkinti j\u016bs\u0173 seksualinius poreikius, bet ir b\u016bti kolekcionuojama kaip lobis. Plok\u0161\u010diakr\u016bt\u0117s pus\u0117s k\u016bno sekso l\u0117l\u0117s liemen\u012f lengva laikyti ir perkelti. Jei da\u017enai reikia kraustytis ar keliauti, netur\u0117site daug problem\u0173 rinkdami \u0161i\u0105 sekso l\u0117l\u0119, o pus\u0117s k\u016bno sekso l\u0117l\u0117s liemuo gali sutaupyti daug vietos.<\/p>\n<p>Auk\u0161tis: 47 cm<br \/>\nKr\u016btin\u0117: 47 cm<br \/>\nLiemuo: 42 cm<br \/>\nKlubai: 70 cm<br \/>\nPe\u010di\u0173 plotis: 25 cm<br \/>\nMak\u0161ties gylis: 16 cm<br \/>\nI\u0161ang\u0117s gylis: 16 cm<br \/>\nGrynasis svoris: 9 kg<br \/>\nD\u0117\u017eut\u0117s specifikacija: 65 * 34 * 29<br \/>\nBendras svoris: 12 kg<\/p>\n<p>&nbsp;<\/p>\n<p>D\u0117l rankinio matavimo pra\u0161ome leisti 2\u20134 cm rankinio matavimo skirtum\u0105.<\/p>","protected":false},"excerpt":{"rendered":"<p>Patarimai, kaip pri\u017ei\u016br\u0117ti sekso l\u0117les: Venkite rinktis tamsi\u0173 spalv\u0173 drabu\u017eius sekso l\u0117l\u0117ms ir venkite, kad tamsios spalvos drabu\u017eiai ilg\u0105 laik\u0105 liest\u0173si su TPE med\u017eiagomis, kad i\u0161vengtum\u0117te d\u0117mi\u0173.<br \/>\nJei norite, kad sekso l\u0117l\u0117 tarnaut\u0173 ilgiau, rekomenduojama pasirinkti mink\u0161t\u0105 pagalv\u0117l\u0119 sekso l\u0117lei ir laikyti l\u0117l\u0119 nat\u016bralioje pozoje.<\/p>","protected":false},"featured_media":16270,"comment_status":"open","ping_status":"closed","template":"","meta":[],"product_brand":[],"product_cat":[18,73,82,79,66,80,43,146,20,21,34,60,42,71,84,75,78],"product_tag":[],"class_list":{"0":"post-16268","1":"product","2":"type-product","3":"status-publish","4":"has-post-thumbnail","6":"product_cat-adult-doll","7":"product_cat-climax-doll","8":"product_cat-dolls-castle","9":"product_cat-elsa-babe","10":"product_cat-female-sex-dolls","11":"product_cat-fire-doll","12":"product_cat-flat-chested-sex-doll","13":"product_cat-half-body-sex-doll-torso","14":"product_cat-love-doll","15":"product_cat-miniature-sex-doll","16":"product_cat-petite-sex-dolls","17":"product_cat-sex-doll-torso","18":"product_cat-skinny-sex-dolls","19":"product_cat-sy-doll","20":"product_cat-tpe-sex-dolls","21":"product_cat-wm-doll","22":"product_cat-zelex-doll","24":"first","25":"instock","26":"sale","27":"shipping-taxable","28":"purchasable","29":"product-type-simple"},"_links":{"self":[{"href":"https:\/\/www.sexdollmini.com\/lt\/wp-json\/wp\/v2\/product\/16268","targetHints":{"allow":["GET"]}}],"collection":[{"href":"https:\/\/www.sexdollmini.com\/lt\/wp-json\/wp\/v2\/product"}],"about":[{"href":"https:\/\/www.sexdollmini.com\/lt\/wp-json\/wp\/v2\/types\/product"}],"replies":[{"embeddable":true,"href":"https:\/\/www.sexdollmini.com\/lt\/wp-json\/wp\/v2\/comments?post=16268"}],"wp:featuredmedia":[{"embeddable":true,"href":"https:\/\/www.sexdollmini.com\/lt\/wp-json\/wp\/v2\/media\/16270"}],"wp:attachment":[{"href":"https:\/\/www.sexdollmini.com\/lt\/wp-json\/wp\/v2\/media?parent=16268"}],"wp:term":[{"taxonomy":"product_brand","embeddable":true,"href":"https:\/\/www.sexdollmini.com\/lt\/wp-json\/wp\/v2\/product_brand?post=16268"},{"taxonomy":"product_cat","embeddable":true,"href":"https:\/\/www.sexdollmini.com\/lt\/wp-json\/wp\/v2\/product_cat?post=16268"},{"taxonomy":"product_tag","embeddable":true,"href":"https:\/\/www.sexdollmini.com\/lt\/wp-json\/wp\/v2\/product_tag?post=16268"}],"curies":[{"name":"wp","href":"https:\/\/api.w.org\/{rel}","templated":true}]}}