{"id":16369,"date":"2025-06-12T00:16:03","date_gmt":"2025-06-12T07:16:03","guid":{"rendered":"https:\/\/www.sexdollmini.com\/?post_type=product&#038;p=16369"},"modified":"2026-05-04T21:01:27","modified_gmt":"2026-05-05T04:01:27","slug":"blackbird-closed-eyes-bbw-sex-doll","status":"publish","type":"product","link":"https:\/\/www.sexdollmini.com\/lt\/produktas\/blackbird-closed-eyes-bbw-sex-doll\/","title":{"rendered":"Juodojo pauk\u0161\u010dio u\u017emerktomis akimis bbw sekso l\u0117l\u0117"},"content":{"rendered":"<h2>Sekso l\u0117li\u0173 detal\u0117s<\/h2>\n<p>108 cm \u016bgio BBW sekso l\u0117l\u0117, vilk\u0117dama raudonus naktinukus, atrodo kaip aliejinis paveikslas. Putlios jos k\u016bno linijos slepia elegancij\u0105 ir j\u0117g\u0105, tod\u0117l ji tokia gra\u017ei, kad \u017emon\u0117s negali nuo jos atitraukti aki\u0173. U\u017emerktomis akimis sekso l\u0117l\u0117 turi apvali\u0105, perl\u0105 primenan\u010di\u0105 fig\u016br\u0105, \u017eemo \u016bgio, bet apvalios fig\u016bros. Ji atrodo kaip \u0161velni ir draugi\u0161ka stambi moteris. Sekso l\u0117l\u0117s kr\u016btys yra pakankamai didel\u0117s. Jei jums patinka jausmas, kai kr\u016btys apkabina j\u016bs\u0173 pen\u012f, \u0161i sekso l\u0117l\u0117 yra geras pasirinkimas.<\/p>\n<p>\u016agis: 108 cm<br \/>\nKr\u016btin\u0117: 81 cm<br \/>\nLiemuo: 46 cm<br \/>\nKlubai: 80 cm<br \/>\nGrynasis svoris: 22 kg<br \/>\nBendras svoris: 26 kg<br \/>\nPakuot\u0117 100 * 36 * 26CM<br \/>\nMak\u0161ties ilgis: 15 cm<br \/>\nI\u0161ang\u0117: 13 cm<br \/>\nOralinis seksas: 10 cm<\/p>\n<p>&nbsp;<\/p>\n<p>D\u0117l rankinio matavimo pra\u0161ome leisti 2\u20134 cm rankinio matavimo skirtum\u0105.<\/p>","protected":false},"excerpt":{"rendered":"<p>Jei jums labiau patinka didel\u0117s kr\u016btys ir dideli s\u0117dmenys, bet nepatinka per auk\u0161tos ar per sunkios sekso l\u0117l\u0117s, \u0161ios sekso l\u0117l\u0117s dizaino proporcijos gali b\u016bti kaip tik jums. 108 cm ilgio sekso l\u0117l\u0119 lengva perkelti ir laikyti, o kr\u016btys ir s\u0117dmenys yra dideli ir gali b\u016bti masa\u017euojami savo nuo\u017ei\u016bra.<\/p>","protected":false},"featured_media":16389,"comment_status":"open","ping_status":"closed","template":"","meta":[],"product_brand":[],"product_cat":[54,74,18,81,24,27,23,70,22,28,30,38,73,41,82,79,62,26,39,66,80,40,31,69,32,77,25,33,29,20,72,19,71,76,36,35,84,61,75,37,78],"product_tag":[],"class_list":{"0":"post-16369","1":"product","2":"type-product","3":"status-publish","4":"has-post-thumbnail","6":"product_cat-108cm-sex-dolls","7":"product_cat-6ye-doll","8":"product_cat-adult-doll","9":"product_cat-aibei-doll","10":"product_cat-american-sex-doll","11":"product_cat-anime-sex-dolls","12":"product_cat-asian-sex-doll","13":"product_cat-axb-doll","14":"product_cat-bbw-sex-doll","15":"product_cat-blonde-sex-doll","16":"product_cat-cheap-sex-doll","17":"product_cat-chubby-sex-dolls","18":"product_cat-climax-doll","19":"product_cat-curvy-sex-dolls","20":"product_cat-dolls-castle","21":"product_cat-elsa-babe","22":"product_cat-eu-stock-sex-doll","23":"product_cat-european-sex-dolls","24":"product_cat-fantasy-sex-doll","25":"product_cat-female-sex-dolls","26":"product_cat-fire-doll","27":"product_cat-full-body-sex-dolls","28":"product_cat-full-size-sex-dolls","29":"product_cat-girl-sex-dolls","30":"product_cat-hentai-sex-dolls","31":"product_cat-irontech-sex-dolls","32":"product_cat-japanese-sex-dolls","33":"product_cat-life-like-sex-dolls","34":"product_cat-life-size-sex-dolls","35":"product_cat-love-doll","36":"product_cat-qita-doll","37":"product_cat-real-doll","38":"product_cat-sy-doll","39":"product_cat-tantaly-sex-doll","40":"product_cat-teen-sex-dolls","41":"product_cat-tiny-sex-dolls","42":"product_cat-tpe-sex-dolls","43":"product_cat-us-stock-sex-dolls","44":"product_cat-wm-doll","45":"product_cat-young-sex-dolls","46":"product_cat-zelex-doll","48":"first","49":"instock","50":"sale","51":"shipping-taxable","52":"purchasable","53":"product-type-simple"},"_links":{"self":[{"href":"https:\/\/www.sexdollmini.com\/lt\/wp-json\/wp\/v2\/product\/16369","targetHints":{"allow":["GET"]}}],"collection":[{"href":"https:\/\/www.sexdollmini.com\/lt\/wp-json\/wp\/v2\/product"}],"about":[{"href":"https:\/\/www.sexdollmini.com\/lt\/wp-json\/wp\/v2\/types\/product"}],"replies":[{"embeddable":true,"href":"https:\/\/www.sexdollmini.com\/lt\/wp-json\/wp\/v2\/comments?post=16369"}],"wp:featuredmedia":[{"embeddable":true,"href":"https:\/\/www.sexdollmini.com\/lt\/wp-json\/wp\/v2\/media\/16389"}],"wp:attachment":[{"href":"https:\/\/www.sexdollmini.com\/lt\/wp-json\/wp\/v2\/media?parent=16369"}],"wp:term":[{"taxonomy":"product_brand","embeddable":true,"href":"https:\/\/www.sexdollmini.com\/lt\/wp-json\/wp\/v2\/product_brand?post=16369"},{"taxonomy":"product_cat","embeddable":true,"href":"https:\/\/www.sexdollmini.com\/lt\/wp-json\/wp\/v2\/product_cat?post=16369"},{"taxonomy":"product_tag","embeddable":true,"href":"https:\/\/www.sexdollmini.com\/lt\/wp-json\/wp\/v2\/product_tag?post=16369"}],"curies":[{"name":"wp","href":"https:\/\/api.w.org\/{rel}","templated":true}]}}