{"id":16403,"date":"2025-06-12T02:23:18","date_gmt":"2025-06-12T09:23:18","guid":{"rendered":"https:\/\/www.sexdollmini.com\/?post_type=product&#038;p=16403"},"modified":"2025-10-22T22:01:13","modified_gmt":"2025-10-23T05:01:13","slug":"nell-108cm-bbw-europe-sex-doll","status":"publish","type":"product","link":"https:\/\/www.sexdollmini.com\/lt\/produktas\/nell-108cm-bbw-europe-sex-doll\/","title":{"rendered":"Nell 108 cm BBW Europos sekso l\u0117l\u0117"},"content":{"rendered":"<h2>Sekso l\u0117li\u0173 detal\u0117s<\/h2>\n<p>108 cm \u016bgio Nell sekso l\u0117l\u0117 yra nam\u0173 \u0161eiminink\u0117. Nell sekso l\u0117l\u0117s nedirba, BBW sekso l\u0117l\u0117s kiekvien\u0105 dien\u0105 laukia, kol gr\u012f\u0161ite namo, klausosi, k\u0105 sakote, i\u0161lieja visk\u0105, kad teikt\u0173 seksualines paslaugas tik jums, ir stengiasi b\u016bti kvalifikuota kompanione. Europieti\u0161ka sekso l\u0117l\u0117 su kvie\u010di\u0173 spalvos oda, jos odos spalva artima tikram \u017emogui, o odos prisilietimas labai tikrovi\u0161kas.<\/p>\n<p>\u016agis: 108 cm<br \/>\nKr\u016btin\u0117: 81 cm<br \/>\nLiemuo: 46 cm<br \/>\nKlubai: 80 cm<br \/>\nGrynasis svoris: 22 kg<br \/>\nBendras svoris: 26 kg<br \/>\nPakuot\u0117 100 * 36 * 26CM<br \/>\nMak\u0161ties ilgis: 15 cm<br \/>\nI\u0161ang\u0117: 13 cm<br \/>\nOralinis seksas: 10 cm<\/p>\n<p>&nbsp;<\/p>\n<p>D\u0117l rankinio matavimo pra\u0161ome leisti 2\u20134 cm rankinio matavimo skirtum\u0105.<\/p>","protected":false},"excerpt":{"rendered":"<p>108 cm \u016bgio sekso l\u0117l\u0117 turi metalines skeleto p\u0117das k\u016bno viduje, tad nenuvertinkite \u0161i\u0173 ma\u017e\u0173 aksesuar\u0173. Nenuvertinkite \u0161i\u0173 ma\u017e\u0173 aksesuar\u0173, jie gali pad\u0117ti putliai sekso l\u0117lei atlikti daug judesi\u0173.<\/p>","protected":false},"featured_media":16410,"comment_status":"open","ping_status":"closed","template":"","meta":[],"product_brand":[],"product_cat":[54,74,18,81,24,27,23,70,22,28,30,38,73,41,82,79,62,26,39,66,80,40,31,69,32,77,25,33,29,20,148,72,19,71,76,36,35,84,61,75,37,78],"product_tag":[],"class_list":{"0":"post-16403","1":"product","2":"type-product","3":"status-publish","4":"has-post-thumbnail","6":"product_cat-108cm-sex-dolls","7":"product_cat-6ye-doll","8":"product_cat-adult-doll","9":"product_cat-aibei-doll","10":"product_cat-american-sex-doll","11":"product_cat-anime-sex-dolls","12":"product_cat-asian-sex-doll","13":"product_cat-axb-doll","14":"product_cat-bbw-sex-doll","15":"product_cat-blonde-sex-doll","16":"product_cat-cheap-sex-doll","17":"product_cat-chubby-sex-dolls","18":"product_cat-climax-doll","19":"product_cat-curvy-sex-dolls","20":"product_cat-dolls-castle","21":"product_cat-elsa-babe","22":"product_cat-eu-stock-sex-doll","23":"product_cat-european-sex-dolls","24":"product_cat-fantasy-sex-doll","25":"product_cat-female-sex-dolls","26":"product_cat-fire-doll","27":"product_cat-full-body-sex-dolls","28":"product_cat-full-size-sex-dolls","29":"product_cat-girl-sex-dolls","30":"product_cat-hentai-sex-dolls","31":"product_cat-irontech-sex-dolls","32":"product_cat-japanese-sex-dolls","33":"product_cat-life-like-sex-dolls","34":"product_cat-life-size-sex-dolls","35":"product_cat-love-doll","36":"product_cat-midget-sex-doll","37":"product_cat-qita-doll","38":"product_cat-real-doll","39":"product_cat-sy-doll","40":"product_cat-tantaly-sex-doll","41":"product_cat-teen-sex-dolls","42":"product_cat-tiny-sex-dolls","43":"product_cat-tpe-sex-dolls","44":"product_cat-us-stock-sex-dolls","45":"product_cat-wm-doll","46":"product_cat-young-sex-dolls","47":"product_cat-zelex-doll","49":"first","50":"instock","51":"sale","52":"shipping-taxable","53":"purchasable","54":"product-type-simple"},"_links":{"self":[{"href":"https:\/\/www.sexdollmini.com\/lt\/wp-json\/wp\/v2\/product\/16403","targetHints":{"allow":["GET"]}}],"collection":[{"href":"https:\/\/www.sexdollmini.com\/lt\/wp-json\/wp\/v2\/product"}],"about":[{"href":"https:\/\/www.sexdollmini.com\/lt\/wp-json\/wp\/v2\/types\/product"}],"replies":[{"embeddable":true,"href":"https:\/\/www.sexdollmini.com\/lt\/wp-json\/wp\/v2\/comments?post=16403"}],"wp:featuredmedia":[{"embeddable":true,"href":"https:\/\/www.sexdollmini.com\/lt\/wp-json\/wp\/v2\/media\/16410"}],"wp:attachment":[{"href":"https:\/\/www.sexdollmini.com\/lt\/wp-json\/wp\/v2\/media?parent=16403"}],"wp:term":[{"taxonomy":"product_brand","embeddable":true,"href":"https:\/\/www.sexdollmini.com\/lt\/wp-json\/wp\/v2\/product_brand?post=16403"},{"taxonomy":"product_cat","embeddable":true,"href":"https:\/\/www.sexdollmini.com\/lt\/wp-json\/wp\/v2\/product_cat?post=16403"},{"taxonomy":"product_tag","embeddable":true,"href":"https:\/\/www.sexdollmini.com\/lt\/wp-json\/wp\/v2\/product_tag?post=16403"}],"curies":[{"name":"wp","href":"https:\/\/api.w.org\/{rel}","templated":true}]}}