{"id":16523,"date":"2025-06-12T22:00:37","date_gmt":"2025-06-13T05:00:37","guid":{"rendered":"https:\/\/www.sexdollmini.com\/?post_type=product&#038;p=16523"},"modified":"2026-05-15T23:46:57","modified_gmt":"2026-05-16T06:46:57","slug":"allegra-100cm-silicone-head-sex-doll","status":"publish","type":"product","link":"https:\/\/www.sexdollmini.com\/lt\/produktas\/allegra-100cm-silicone-head-sex-doll\/","title":{"rendered":"Allegra 100 cm silikonin\u0117s galvos sekso l\u0117l\u0117"},"content":{"rendered":"<h2>Sekso l\u0117li\u0173 detal\u0117s<\/h2>\n<p>\u201eAllegra\u201c sekso l\u0117l\u0117s k\u016bnas pagamintas i\u0161 TPE med\u017eiagos, kuri ne tik suteikia jai tikrovi\u0161k\u0105 odos prisilietim\u0105, bet ir daro sekso l\u0117l\u0119 ekonomi\u0161kesn\u0119. Sekso l\u0117l\u0117s galva pagaminta i\u0161 silikono. I\u0161 silikonini\u0173 l\u0117li\u0173 pagamintos sekso l\u0117l\u0117s neatlieka oralinio sekso, ta\u010diau silikonin\u0117 galva gali padaryti l\u0117l\u0119 realesn\u0119 ir ry\u0161kesn\u0119. Didel\u0117s sekso l\u0117l\u0117s kr\u016btys yra labai elastingos, be to, galima naudoti siaur\u0105 mak\u0161t\u012f ir i\u0161ang\u0119.<\/p>\n<p>Auk\u0161tis: 100 cm<br \/>\nSvoris: 13 kg<br \/>\nKr\u016btin\u0117: 60 cm<br \/>\nLiemuo: 36 cm<br \/>\nKlubai: 60 cm<br \/>\nPe\u010di\u0173 plotis: 20 cm<br \/>\nRankov\u0117s ilgis: 31 cm<br \/>\nRankenos ilgis: 12 cm<br \/>\nKojos ilgis: 50 cm<br \/>\nP\u0117dos ilgis: 14 cm<br \/>\nRankos apimtis: 17 cm<br \/>\n\u0160laun\u0173 apimtis: 34 cm<br \/>\nBlauzdos apimtis: 20 cm<br \/>\nI\u0161kirpt\u0117: 19 cm<br \/>\nMak\u0161ties gylis: 15 cm<br \/>\nAnalinis gylis: 11 cm<br \/>\nPakuot\u0117s matmenys: 95 * 30 * 28 cm<\/p>\n<p>&nbsp;<\/p>\n<p>D\u0117l rankinio matavimo pra\u0161ome leisti 2\u20134 cm rankinio matavimo skirtum\u0105.<\/p>","protected":false},"excerpt":{"rendered":"<p>\u0160i gra\u017ei 100 cm ilgio sekso l\u0117l\u0117 turi silikonin\u0119 galv\u0105 ir TPE k\u016bn\u0105, tod\u0117l puikiai dera su kitomis sekso l\u0117l\u0117mis.<\/p>","protected":false},"featured_media":16569,"comment_status":"open","ping_status":"closed","template":"","meta":[],"product_brand":[],"product_cat":[53,74,18,81,24,27,23,64,70,28,65,30,38,73,41,82,79,62,26,39,66,80,40,31,69,32,77,25,33,29,20,21,34,72,19,85,42,71,76,36,35,84,63,61,75,37,78],"product_tag":[],"class_list":{"0":"post-16523","1":"product","2":"type-product","3":"status-publish","4":"has-post-thumbnail","6":"product_cat-100cm-sex-dolls","7":"product_cat-6ye-doll","8":"product_cat-adult-doll","9":"product_cat-aibei-doll","10":"product_cat-american-sex-doll","11":"product_cat-anime-sex-dolls","12":"product_cat-asian-sex-doll","13":"product_cat-australia-stock-sex-doll","14":"product_cat-axb-doll","15":"product_cat-blonde-sex-doll","16":"product_cat-canada-stock-sex-doll","17":"product_cat-cheap-sex-doll","18":"product_cat-chubby-sex-dolls","19":"product_cat-climax-doll","20":"product_cat-curvy-sex-dolls","21":"product_cat-dolls-castle","22":"product_cat-elsa-babe","23":"product_cat-eu-stock-sex-doll","24":"product_cat-european-sex-dolls","25":"product_cat-fantasy-sex-doll","26":"product_cat-female-sex-dolls","27":"product_cat-fire-doll","28":"product_cat-full-body-sex-dolls","29":"product_cat-full-size-sex-dolls","30":"product_cat-girl-sex-dolls","31":"product_cat-hentai-sex-dolls","32":"product_cat-irontech-sex-dolls","33":"product_cat-japanese-sex-dolls","34":"product_cat-life-like-sex-dolls","35":"product_cat-life-size-sex-dolls","36":"product_cat-love-doll","37":"product_cat-miniature-sex-doll","38":"product_cat-petite-sex-dolls","39":"product_cat-qita-doll","40":"product_cat-real-doll","41":"product_cat-silicone-sex-dolls","42":"product_cat-skinny-sex-dolls","43":"product_cat-sy-doll","44":"product_cat-tantaly-sex-doll","45":"product_cat-teen-sex-dolls","46":"product_cat-tiny-sex-dolls","47":"product_cat-tpe-sex-dolls","48":"product_cat-uk-stock-sex-doll","49":"product_cat-us-stock-sex-dolls","50":"product_cat-wm-doll","51":"product_cat-young-sex-dolls","52":"product_cat-zelex-doll","54":"first","55":"instock","56":"sale","57":"shipping-taxable","58":"purchasable","59":"product-type-simple"},"_links":{"self":[{"href":"https:\/\/www.sexdollmini.com\/lt\/wp-json\/wp\/v2\/product\/16523","targetHints":{"allow":["GET"]}}],"collection":[{"href":"https:\/\/www.sexdollmini.com\/lt\/wp-json\/wp\/v2\/product"}],"about":[{"href":"https:\/\/www.sexdollmini.com\/lt\/wp-json\/wp\/v2\/types\/product"}],"replies":[{"embeddable":true,"href":"https:\/\/www.sexdollmini.com\/lt\/wp-json\/wp\/v2\/comments?post=16523"}],"wp:featuredmedia":[{"embeddable":true,"href":"https:\/\/www.sexdollmini.com\/lt\/wp-json\/wp\/v2\/media\/16569"}],"wp:attachment":[{"href":"https:\/\/www.sexdollmini.com\/lt\/wp-json\/wp\/v2\/media?parent=16523"}],"wp:term":[{"taxonomy":"product_brand","embeddable":true,"href":"https:\/\/www.sexdollmini.com\/lt\/wp-json\/wp\/v2\/product_brand?post=16523"},{"taxonomy":"product_cat","embeddable":true,"href":"https:\/\/www.sexdollmini.com\/lt\/wp-json\/wp\/v2\/product_cat?post=16523"},{"taxonomy":"product_tag","embeddable":true,"href":"https:\/\/www.sexdollmini.com\/lt\/wp-json\/wp\/v2\/product_tag?post=16523"}],"curies":[{"name":"wp","href":"https:\/\/api.w.org\/{rel}","templated":true}]}}