{"id":16525,"date":"2025-06-12T23:54:55","date_gmt":"2025-06-13T06:54:55","guid":{"rendered":"https:\/\/www.sexdollmini.com\/?post_type=product&#038;p=16525"},"modified":"2025-11-13T00:24:14","modified_gmt":"2025-11-13T08:24:14","slug":"perfect-flexible-flat-sex-doll-torso","status":"publish","type":"product","link":"https:\/\/www.sexdollmini.com\/lt\/produktas\/perfect-flexible-flat-sex-doll-torso\/","title":{"rendered":"Tobulai lankstus plok\u0161\u010dias sekso l\u0117l\u0117s liemuo"},"content":{"rendered":"<h2>Sekso l\u0117li\u0173 detal\u0117s<\/h2>\n<p>Plok\u0161\u010diakr\u016bt\u0117s sekso l\u0117l\u0117s liemuo viduje turi metalin\u0119 skeleto sistem\u0105 ir yra lankstus plok\u0161\u010diakr\u016bt\u0117s sekso l\u0117l\u0117s liemuo. Plok\u0161\u010diakr\u016bt\u0117s sekso l\u0117l\u0117s liemuo yra labai ypatingas ir labai tinka kolekcininkams. Jei da\u017enai keliaujate, \u0161\u012f sekso l\u0117l\u0117s liemen\u012f labai lengva pasiimti su savimi. Jis yra vidutini\u0161kai sunkus ir lengvai sand\u0117liuojamas.<\/p>\n<p>Auk\u0161tis: 61 cm<br \/>\nKr\u016btin\u0117: 57 cm<br \/>\nLiemuo: 51 cm<br \/>\nKlubai: 69 cm<br \/>\nMak\u0161ties gylis: 14 cm<br \/>\nAnalinis gylis: 13 cm<br \/>\nSvoris: 12 kg<br \/>\nPakuot\u0117: 65 * 33 * 21 cm<\/p>\n<p>&nbsp;<\/p>\n<p>D\u0117l rankinio matavimo pra\u0161ome leisti 2\u20134 cm rankinio matavimo skirtum\u0105.<\/p>","protected":false},"excerpt":{"rendered":"<p>Jei neturite daug biud\u017eeto sekso l\u0117l\u0117ms pirkti, galite apsvarstyti \u0161i\u0105 plok\u0161\u010diakr\u016bt\u0119 sekso l\u0117l\u0119. Ji n\u0117ra nei lengva, nei sunki, ir gali suteikti jums ger\u0105 seksualin\u0119 patirt\u012f.<\/p>","protected":false},"featured_media":16526,"comment_status":"open","ping_status":"closed","template":"","meta":[],"product_brand":[],"product_cat":[73,66,43,146,60,84],"product_tag":[],"class_list":{"0":"post-16525","1":"product","2":"type-product","3":"status-publish","4":"has-post-thumbnail","6":"product_cat-climax-doll","7":"product_cat-female-sex-dolls","8":"product_cat-flat-chested-sex-doll","9":"product_cat-half-body-sex-doll-torso","10":"product_cat-sex-doll-torso","11":"product_cat-tpe-sex-dolls","13":"first","14":"instock","15":"sale","16":"shipping-taxable","17":"purchasable","18":"product-type-simple"},"_links":{"self":[{"href":"https:\/\/www.sexdollmini.com\/lt\/wp-json\/wp\/v2\/product\/16525","targetHints":{"allow":["GET"]}}],"collection":[{"href":"https:\/\/www.sexdollmini.com\/lt\/wp-json\/wp\/v2\/product"}],"about":[{"href":"https:\/\/www.sexdollmini.com\/lt\/wp-json\/wp\/v2\/types\/product"}],"replies":[{"embeddable":true,"href":"https:\/\/www.sexdollmini.com\/lt\/wp-json\/wp\/v2\/comments?post=16525"}],"wp:featuredmedia":[{"embeddable":true,"href":"https:\/\/www.sexdollmini.com\/lt\/wp-json\/wp\/v2\/media\/16526"}],"wp:attachment":[{"href":"https:\/\/www.sexdollmini.com\/lt\/wp-json\/wp\/v2\/media?parent=16525"}],"wp:term":[{"taxonomy":"product_brand","embeddable":true,"href":"https:\/\/www.sexdollmini.com\/lt\/wp-json\/wp\/v2\/product_brand?post=16525"},{"taxonomy":"product_cat","embeddable":true,"href":"https:\/\/www.sexdollmini.com\/lt\/wp-json\/wp\/v2\/product_cat?post=16525"},{"taxonomy":"product_tag","embeddable":true,"href":"https:\/\/www.sexdollmini.com\/lt\/wp-json\/wp\/v2\/product_tag?post=16525"}],"curies":[{"name":"wp","href":"https:\/\/api.w.org\/{rel}","templated":true}]}}