{"id":16952,"date":"2025-07-14T21:39:42","date_gmt":"2025-07-15T04:39:42","guid":{"rendered":"https:\/\/www.sexdollmini.com\/?post_type=product&#038;p=16952"},"modified":"2025-07-29T20:27:40","modified_gmt":"2025-07-30T03:27:40","slug":"lace-see-through-clothing-set-sex-doll","status":"publish","type":"product","link":"https:\/\/www.sexdollmini.com\/lt\/produktas\/lace-see-through-clothing-set-sex-doll\/","title":{"rendered":"N\u0117riniuotas permatomas drabu\u017ei\u0173 rinkinys sekso l\u0117l\u0117ms"},"content":{"rendered":"<p>Seksualus permatomas kostiumas su \u0161iek tiek elastingumu, tinkantis \u012fvairi\u0173 k\u016bno form\u0173 sekso l\u0117l\u0117ms.<\/p>\n<p>Drabu\u017ei\u0173 dydis:<br \/>\nPo kr\u016btine: 75\u201385 cm<br \/>\nVIR\u0160UTINIS ILGIS: 18 cm<\/p>\n<p>&nbsp;<\/p>\n<p>D\u0117l rankinio matavimo leid\u017eiate 1\u20133 cm paklaid\u0105.<\/p>","protected":false},"excerpt":{"rendered":"<p>Seksualus n\u0117riniuotas permatomas komplektas yra trij\u0173 spalv\u0173.<\/p>","protected":false},"featured_media":16959,"comment_status":"open","ping_status":"closed","template":"","meta":[],"product_brand":[],"product_cat":[83],"product_tag":[],"class_list":{"0":"post-16952","1":"product","2":"type-product","3":"status-publish","4":"has-post-thumbnail","6":"product_cat-sex-doll-accessories","8":"first","9":"instock","10":"sale","11":"shipping-taxable","12":"purchasable","13":"product-type-variable","14":"has-default-attributes"},"_links":{"self":[{"href":"https:\/\/www.sexdollmini.com\/lt\/wp-json\/wp\/v2\/product\/16952","targetHints":{"allow":["GET"]}}],"collection":[{"href":"https:\/\/www.sexdollmini.com\/lt\/wp-json\/wp\/v2\/product"}],"about":[{"href":"https:\/\/www.sexdollmini.com\/lt\/wp-json\/wp\/v2\/types\/product"}],"replies":[{"embeddable":true,"href":"https:\/\/www.sexdollmini.com\/lt\/wp-json\/wp\/v2\/comments?post=16952"}],"wp:featuredmedia":[{"embeddable":true,"href":"https:\/\/www.sexdollmini.com\/lt\/wp-json\/wp\/v2\/media\/16959"}],"wp:attachment":[{"href":"https:\/\/www.sexdollmini.com\/lt\/wp-json\/wp\/v2\/media?parent=16952"}],"wp:term":[{"taxonomy":"product_brand","embeddable":true,"href":"https:\/\/www.sexdollmini.com\/lt\/wp-json\/wp\/v2\/product_brand?post=16952"},{"taxonomy":"product_cat","embeddable":true,"href":"https:\/\/www.sexdollmini.com\/lt\/wp-json\/wp\/v2\/product_cat?post=16952"},{"taxonomy":"product_tag","embeddable":true,"href":"https:\/\/www.sexdollmini.com\/lt\/wp-json\/wp\/v2\/product_tag?post=16952"}],"curies":[{"name":"wp","href":"https:\/\/api.w.org\/{rel}","templated":true}]}}