{"id":16987,"date":"2025-07-15T01:19:18","date_gmt":"2025-07-15T08:19:18","guid":{"rendered":"https:\/\/www.sexdollmini.com\/?post_type=product&#038;p=16987"},"modified":"2025-07-29T20:23:56","modified_gmt":"2025-07-30T03:23:56","slug":"small-dress-mini-sex-doll","status":"publish","type":"product","link":"https:\/\/www.sexdollmini.com\/lt\/produktas\/small-dress-mini-sex-doll\/","title":{"rendered":"Eleganti\u0161ka ma\u017ea suknel\u0117 mini sekso l\u0117l\u0117ms"},"content":{"rendered":"<p>&nbsp;<\/p>\n<p>S\/5 dydis: rekomenduojamas \u016bgis: 106\u2013112 cm; rekomenduojamas svoris: 16\u201320 kg<\/p>\n<p>M\/6 dydis: rekomenduojamas \u016bgis: 112\u2013118 cm; rekomenduojamas svoris: 18\u201323 kg<\/p>\n<p>L\/7 dydis: rekomenduojamas \u016bgis: 118\u2013124 cm; rekomenduojamas svoris: 20\u201326 kg<\/p>\n<p>&nbsp;<\/p>\n<p>D\u0117l rankinio matavimo pra\u0161ome leisti 2\u20133 cm paklaid\u0105.<\/p>","protected":false},"excerpt":{"rendered":"<p>Balti sijonai yra \u012fvairi\u0173 dyd\u017ei\u0173.<\/p>","protected":false},"featured_media":16992,"comment_status":"open","ping_status":"closed","template":"","meta":[],"product_brand":[],"product_cat":[83],"product_tag":[],"class_list":{"0":"post-16987","1":"product","2":"type-product","3":"status-publish","4":"has-post-thumbnail","6":"product_cat-sex-doll-accessories","8":"first","9":"instock","10":"sale","11":"shipping-taxable","12":"purchasable","13":"product-type-variable","14":"has-default-attributes"},"_links":{"self":[{"href":"https:\/\/www.sexdollmini.com\/lt\/wp-json\/wp\/v2\/product\/16987","targetHints":{"allow":["GET"]}}],"collection":[{"href":"https:\/\/www.sexdollmini.com\/lt\/wp-json\/wp\/v2\/product"}],"about":[{"href":"https:\/\/www.sexdollmini.com\/lt\/wp-json\/wp\/v2\/types\/product"}],"replies":[{"embeddable":true,"href":"https:\/\/www.sexdollmini.com\/lt\/wp-json\/wp\/v2\/comments?post=16987"}],"wp:featuredmedia":[{"embeddable":true,"href":"https:\/\/www.sexdollmini.com\/lt\/wp-json\/wp\/v2\/media\/16992"}],"wp:attachment":[{"href":"https:\/\/www.sexdollmini.com\/lt\/wp-json\/wp\/v2\/media?parent=16987"}],"wp:term":[{"taxonomy":"product_brand","embeddable":true,"href":"https:\/\/www.sexdollmini.com\/lt\/wp-json\/wp\/v2\/product_brand?post=16987"},{"taxonomy":"product_cat","embeddable":true,"href":"https:\/\/www.sexdollmini.com\/lt\/wp-json\/wp\/v2\/product_cat?post=16987"},{"taxonomy":"product_tag","embeddable":true,"href":"https:\/\/www.sexdollmini.com\/lt\/wp-json\/wp\/v2\/product_tag?post=16987"}],"curies":[{"name":"wp","href":"https:\/\/api.w.org\/{rel}","templated":true}]}}